{"id":9516,"date":"2021-07-19T10:36:01","date_gmt":"2021-07-19T08:36:01","guid":{"rendered":"https:\/\/steamerproject.eu\/izveides-rokasgramata-ievads\/"},"modified":"2021-08-23T14:58:20","modified_gmt":"2021-08-23T12:58:20","slug":"izveides-rokasgramata-ievads","status":"publish","type":"page","link":"https:\/\/steamerproject.eu\/lv\/izveides-rokasgramata-ievads\/","title":{"rendered":"Rad\u012b\u0161anas ce\u013cvedis &#8211; IEVADS"},"content":{"rendered":"<p>[et_pb_section fb_built=&#8221;1&#8243; _builder_version=&#8221;4.9.4&#8243; background_color=&#8221;rgba(0,0,0,0)&#8221; z_index=&#8221;1&#8243; custom_margin=&#8221;||||false|false&#8221; custom_padding=&#8221;0px||0px||false|false&#8221; locked=&#8221;off&#8221;][et_pb_row _builder_version=&#8221;4.6.6&#8243; _module_preset=&#8221;default&#8221; custom_margin=&#8221;||50px||false|false&#8221; custom_padding=&#8221;0px||0px||false|false&#8221;][et_pb_column type=&#8221;4_4&#8243; _builder_version=&#8221;4.6.6&#8243; _module_preset=&#8221;default&#8221;][et_pb_text _builder_version=&#8221;4.6.6&#8243; _module_preset=&#8221;default&#8221; header_font=&#8221;|700|||||||&#8221; header_text_align=&#8221;center&#8221; header_text_color=&#8221;#24449e&#8221; header_line_height=&#8221;2em&#8221; custom_margin=&#8221;0px||0px||false|false&#8221; custom_padding=&#8221;0px||0px||false|false&#8221;]<H1>IEVADS<\/H1>[\/et_pb_text][et_pb_text _builder_version=&#8221;4.9.4&#8243; _module_preset=&#8221;default&#8221; text_font_size=&#8221;16px&#8221; text_orientation=&#8221;center&#8221;]<\/p>\n<p>Vai j\u016bs esat skolot\u0101js vai pasniedz\u0113js, kas v\u0113las izmantot Escape Room modeli m\u0101c\u012bbu proces\u0101?<\/p>\n<p>\u0160\u012b rokasgr\u0101mata ir tas, ko j\u016bs mekl\u0113j\u0101t!<\/p>\n<p>[\/et_pb_text][\/et_pb_column][\/et_pb_row][et_pb_row column_structure=&#8221;1_3,2_3&#8243; custom_padding_last_edited=&#8221;on|phone&#8221; _builder_version=&#8221;4.6.6&#8243; background_color=&#8221;#ffffff&#8221; width=&#8221;100%&#8221; max_width=&#8221;1280px&#8221; custom_padding=&#8221;|50px|50px|50px|false|false&#8221; custom_padding_tablet=&#8221;&#8221; custom_padding_phone=&#8221;|25px||25px|false|false&#8221;][et_pb_column type=&#8221;1_3&#8243; _builder_version=&#8221;4.4.1&#8243;][et_pb_text _builder_version=&#8221;4.6.6&#8243; _module_preset=&#8221;default&#8221; header_font=&#8221;|700|||||||&#8221; header_text_color=&#8221;#ef6a7b&#8221;]<\/p>\n<h1>Satura r\u0101d\u012bt\u0101js<\/h1>\n<p>[\/et_pb_text][et_pb_code _builder_version=&#8221;4.9.4&#8243; _dynamic_attributes=&#8221;link_option_url&#8221; _module_preset=&#8221;default&#8221; custom_margin=&#8221;||1em||false|false&#8221; link_option_url=&#8221;@ET-DC@eyJkeW5hbWljIjp0cnVlLCJjb250ZW50IjoicG9zdF9saW5rX3VybF9wYWdlIiwic2V0dGluZ3MiOnsicG9zdF9pZCI6Ijg3MTkifX0=@&#8221;]<span class=\"currentSectionGuide\">IEVADS<\/span>[\/et_pb_code][et_pb_code _builder_version=&#8221;4.9.4&#8243; _module_preset=&#8221;default&#8221; border_color_all=&#8221;rgba(36,68,158,0.1)&#8221; border_color_right=&#8221;rgba(2,2,2,0.1)&#8221; locked=&#8221;off&#8221;][\/et_pb_code][et_pb_code _builder_version=&#8221;4.9.4&#8243; _dynamic_attributes=&#8221;link_option_url&#8221; _module_preset=&#8221;default&#8221; link_option_url=&#8221;@ET-DC@eyJkeW5hbWljIjp0cnVlLCJjb250ZW50IjoicG9zdF9saW5rX3VybF9wYWdlIiwic2V0dGluZ3MiOnsicG9zdF9pZCI6Ijg3NjMifX0=@&#8221;]<span class=\"otherSectionGuide\">1 da\u013ca: St\u0101stu st\u0101st\u012b\u0161ana izlau\u0161an\u0101s istab\u0101s efekt\u012bvai pedago\u0123ijai<\/span><!-- [et_pb_line_break_holder] -->[\/et_pb_code][et_pb_code _builder_version=&#8221;4.9.4&#8243; _dynamic_attributes=&#8221;link_option_url&#8221; _module_preset=&#8221;default&#8221; link_option_url=&#8221;@ET-DC@eyJkeW5hbWljIjp0cnVlLCJjb250ZW50IjoicG9zdF9saW5rX3VybF9wYWdlIiwic2V0dGluZ3MiOnsicG9zdF9pZCI6Ijg3NzkifX0=@&#8221;]<span class=\"otherSectionGuide\">2 da\u013ca: K\u0101 izveidot izlau\u0161an\u0101s istabu izgl\u012bt\u012bbai<\/span>[\/et_pb_code][et_pb_code _builder_version=&#8221;4.9.4&#8243; _dynamic_attributes=&#8221;link_option_url&#8221; _module_preset=&#8221;default&#8221; link_option_url=&#8221;@ET-DC@eyJkeW5hbWljIjp0cnVlLCJjb250ZW50IjoicG9zdF9saW5rX3VybF9wYWdlIiwic2V0dGluZ3MiOnsicG9zdF9pZCI6Ijg4MjkifX0=@&#8221;]<span class=\"otherSectionGuide\">3 da\u013ca: Resursi satura atra\u0161anai<\/span>[\/et_pb_code][et_pb_code _builder_version=&#8221;4.9.4&#8243; _dynamic_attributes=&#8221;link_option_url&#8221; _module_preset=&#8221;default&#8221; link_option_url=&#8221;@ET-DC@eyJkeW5hbWljIjp0cnVlLCJjb250ZW50IjoicG9zdF9saW5rX3VybF9wYWdlIiwic2V0dGluZ3MiOnsicG9zdF9pZCI6Ijg4ODAifX0=@&#8221;]<span class=\"otherSectionGuide\">4 da\u013ca: Praktiski padomi<\/span>[\/et_pb_code][et_pb_code _builder_version=&#8221;4.9.4&#8243; _dynamic_attributes=&#8221;link_option_url&#8221; _module_preset=&#8221;default&#8221; link_option_url=&#8221;@ET-DC@eyJkeW5hbWljIjp0cnVlLCJjb250ZW50IjoicG9zdF9saW5rX3VybF9wYWdlIiwic2V0dGluZ3MiOnsicG9zdF9pZCI6Ijg4OTQifX0=@&#8221;]<span class=\"otherSectionGuide\">5 da\u013ca: Trauc\u0113jumi vai nessp\u0113ja<\/span>[\/et_pb_code][et_pb_code _builder_version=&#8221;4.9.4&#8243; _dynamic_attributes=&#8221;link_option_url&#8221; _module_preset=&#8221;default&#8221; link_option_url=&#8221;@ET-DC@eyJkeW5hbWljIjp0cnVlLCJjb250ZW50IjoicG9zdF9saW5rX3VybF9wYWdlIiwic2V0dGluZ3MiOnsicG9zdF9pZCI6Ijg5MDYifX0=@&#8221;]<span class=\"otherSectionGuide\">6 da\u013ca: Pozit\u012bvi lomu mode\u013ci meiten\u0113m<\/span>[\/et_pb_code][et_pb_code _builder_version=&#8221;4.9.4&#8243; _dynamic_attributes=&#8221;link_option_url&#8221; _module_preset=&#8221;default&#8221; link_option_url=&#8221;@ET-DC@eyJkeW5hbWljIjp0cnVlLCJjb250ZW50IjoicG9zdF9saW5rX3VybF9wYWdlIiwic2V0dGluZ3MiOnsicG9zdF9pZCI6Ijg5NTQifX0=@&#8221;]<span class=\"otherSectionGuide\">Bibliogr\u0101fija<\/span>[\/et_pb_code][et_pb_code disabled_on=&#8221;on|on|on&#8221; _builder_version=&#8221;4.6.6&#8243; _module_preset=&#8221;default&#8221; disabled=&#8221;on&#8221;]<\/p>\n<div class=\"bookletSectionGuide\"><!-- [et_pb_line_break_holder] --><\/p>\n<div class=\"bookletSectionGuide--cover\"><!-- [et_pb_line_break_holder] --><img src=\"https:\/\/steamerproject.eu\/wp-content\/uploads\/2020\/12\/PedGuide_Cover.jpg\" \/><!-- [et_pb_line_break_holder] --><\/div>\n<p><!-- [et_pb_line_break_holder] --><!-- [et_pb_line_break_holder] --><\/p>\n<div class=\"bookletSectionGuide--text\"><pee>Vai mekl\u0113jat \u0161\u012bs rokasgr\u0101matas bukleta versiju, lai las\u012btu bezsaist\u0113 vai izdruk\u0101tu?<\/pee><!-- [et_pb_line_break_holder] --><a href=\"https:\/\/steamerproject.eu\/wp-content\/uploads\/2020\/11\/STEAMER-Pedagogical-Guide-LV.pdf\"><\/p>\n<div class=\"bookletSectionGuide--download\">Lejupiel\u0101d\u0113t PDF<\/div>\n<p><\/a><!-- [et_pb_line_break_holder] --><\/div>\n<p><!-- [et_pb_line_break_holder] --><!-- [et_pb_line_break_holder] --><\/div>\n<p>[\/et_pb_code][\/et_pb_column][et_pb_column type=&#8221;2_3&#8243; module_class=&#8221;guideTextColumn&#8221; _builder_version=&#8221;4.6.6&#8243;][et_pb_text _builder_version=&#8221;4.9.4&#8243; _module_preset=&#8221;default&#8221;]<\/p>\n<h2>0.1 B\u0113g\u0161anas istaba &#8211; Rad\u012b\u0161anas ce\u013cvedis<\/h2>\n<p>[\/et_pb_text][et_pb_text _builder_version=&#8221;4.9.4&#8243; _module_preset=&#8221;default&#8221;]\u0160\u012b rokasgr\u0101mata ir izstr\u0101d\u0101ta t\u0101, lai \u013cautu las\u012bt\u0101jam saprast visus so\u013cus, kas veido izgl\u012btojo\u0161as izlau\u0161an\u0101s sp\u0113les rad\u012b\u0161anas procesu.[\/et_pb_text][et_pb_text _builder_version=&#8221;4.9.4&#8243; _module_preset=&#8221;default&#8221;]T\u0101s m\u0113r\u0137is ir sniegt \u013coti praktisku atbalstu visiem pedagogiem, kuri nev\u0113las izmantot citu veidotas izgl\u012btojo\u0161as izlau\u0161an\u0101s sp\u0113les.[\/et_pb_text][et_pb_text _builder_version=&#8221;4.9.4&#8243; _module_preset=&#8221;default&#8221;]Papildus tam, ka tiek p\u0101rskat\u012bts projekt\u0113\u0161anas process, kuram ir j\u0101b\u016bt darba pamat\u0101, rokasgr\u0101mata nodro\u0161in\u0101s r\u012bkus un padomus, lai j\u016bsu izlau\u0161an\u0101s istaba b\u016btu pieredze ar izgl\u012btojo\u0161iem m\u0113r\u0137iem atbilsto\u0161u saturu.[\/et_pb_text][et_pb_text _builder_version=&#8221;4.9.4&#8243; _module_preset=&#8221;default&#8221;]Rokasgr\u0101mata \u013caus padzi\u013cin\u0101t da\u017eus \u013coti svar\u012bgus aspektus no izgl\u012btojo\u0161as izlau\u0161an\u0101s istabas dizaina viedok\u013ca:[\/et_pb_text][et_pb_text _builder_version=&#8221;4.9.4&#8243; _module_preset=&#8221;default&#8221;]<\/p>\n<ol>\n<li><strong>St\u0101st\u012bjums<\/strong> &#8211; st\u0101sta puksto\u0161\u0101 sirds, kas dod dz\u012bv\u012bbu izlau\u0161an\u0101s istabai. Nodro\u0161ina saprotamu t\u0113mu, kas var atbalst\u012bt pieredzes konsekvenci un veicin\u0101t dal\u012bbnieku iesaisti.<\/li>\n<li><strong>Gaid\u0101mais m\u0101c\u012bbu process<\/strong> &#8211; iemesls, k\u0101p\u0113c veidot izgl\u012btojo\u0161u izlau\u0161an\u0101s istabu. <\/li>\n<li><strong>Sp\u0113les gaita<\/strong> &#8211; apraksta strukt\u016bru un sp\u0113les att\u012bst\u012bbas posmus dal\u012bbniekiem. <\/li>\n<li><strong>M\u012bklu izstr\u0101de<\/strong> \u2013 uzdevumi var b\u016bt da\u017e\u0101du veidu un ietvert gan kognit\u012bvas, gan fiziskas iema\u0146as.<\/li>\n<li><strong> Ieteikumi<\/strong> dal\u012bbnieku ar m\u0101c\u012bbu trauc\u0113jumiem iek\u013cau\u0161anai un saist\u012bto vajadz\u012bbu p\u0101rvald\u012bbai.<\/li>\n<li><strong>Atskats<\/strong> &#8211; viens no svar\u012bg\u0101kajiem posmiem, kas seko sp\u0113lei (bet bie\u017ei vien tiek ignor\u0113ts), kur\u0101 sp\u0113l\u0113t\u0101ji tiek inform\u0113ti par to, k\u0101di m\u0101c\u012bbu procesi notiek sp\u0113les laik\u0101.<\/li>\n<\/ol>\n<p>[\/et_pb_text][et_pb_text _builder_version=&#8221;4.9.4&#8243; _module_preset=&#8221;default&#8221;]<\/p>\n<p>Sekojot \u0161\u012bs rokasgr\u0101matas praktiskajiem padomiem, jums b\u016bs skaidrs, k\u0101 izveidot izlau\u0161an\u0101s istabu, kas ir:<\/p>\n<ul>\n<li><strong>esaisto\u0161a<\/strong>, pateicoties padzi\u013cin\u0101tai st\u0101stniec\u012bbas meto\u017eu izp\u0113tei un noder\u012bgiem padomiem labai st\u0101st\u012b\u0161anai;<\/li>\n<li>piem\u0113rota STEAM satura m\u0101c\u012b\u0161anai;<\/li>\n<li><strong>ek\u013caujo\u0161a<\/strong>, pateicoties saturam, kas \u012bpa\u0161i izstr\u0101d\u0101ts, lai nodro\u0161in\u0101tu studentu ar invalidit\u0101ti un m\u0101c\u012b\u0161an\u0101s trauc\u0113jumiem pozit\u012bvu iesaisti;<\/li>\n<li><strong>Interakt\u012bva<\/strong>, pateicoties padomiem par tie\u0161saist\u0113 pieejamajiem noder\u012bgajiem r\u012bkiem;<\/li>\n<li><strong>edro\u0161ina meite\u0146u izaugsmi, pateicoties noder\u012bgajiem ieteikumiem, kas p\u0101rraida pozit\u012bvus mode\u013cus meiten\u0113m, stimul\u0113jot vi\u0146u interesi par STEAM priek\u0161metiem.<\/li>\n<\/ul>\n<p>[\/et_pb_text][et_pb_image src=&#8221;https:\/\/steamerproject.eu\/wp-content\/uploads\/2021\/07\/summary-steamer.png&#8221; title_text=&#8221;summary-steamer&#8221; _builder_version=&#8221;4.9.4&#8243; _module_preset=&#8221;default&#8221;][\/et_pb_image][et_pb_text _builder_version=&#8221;4.9.4&#8243; _module_preset=&#8221;default&#8221; hover_enabled=&#8221;0&#8243; sticky_enabled=&#8221;0&#8243;]<\/p>\n<ul>\n<li>1: K\u0101di ir elementi, par kuri b\u016btu j\u0101p\u0101rdom\u0101, lai rad\u012btu efekt\u012bvu, pievilc\u012bgu un rota\u013c\u012bgu m\u0101c\u012bbu pieredzi?<\/li>\n<li>2: K\u0101 izveidot izgl\u012btojo\u0161u izlau\u0161an\u0101s istabu saist\u012bb\u0101 ar STEAM? K\u0101 savienot izlau\u0161an\u0101s pieredzi ar STEAM priek\u0161metiem un ar\u012b ar cit\u0101m liet\u0101m?<\/li>\n<li>3: Kurus elementus izmantot? Kur atrast saturu, ko izmantot un no k\u0101 iedvesmoties?<\/li>\n<li>4: K\u0101 m\u0113s varam tikt gal\u0101 ar gr\u016bt\u012bb\u0101m un atbalst\u012bt sp\u0113l\u0113t\u0101jus pieredzes laik\u0101? K\u0101 novad\u012bt efekt\u012bvu atskatu?<\/li>\n<li>5: K\u0101 m\u0113s varam tikt gal\u0101 ar gr\u016bt\u012bb\u0101m un atbalst\u012bt sp\u0113l\u0113t\u0101jus pieredzes laik\u0101? K\u0101 novad\u012bt efekt\u012bvu atskatu?<\/li>\n<li>6: Kuras metodes un pieejas b\u016btu j\u0101izmanto, lai sasniegtu \u0161o m\u0113r\u0137i un \u012bstenotu ierosin\u0101t\u0101s idejas izlau\u0161an\u0101s sp\u0113l\u0113? M\u0113s atkl\u0101sim septi\u0146us iedvesmojo\u0161us st\u0101stus par sieviet\u0113m STEAM!<\/li>\n<\/ul>\n<p>[\/et_pb_text][\/et_pb_column][\/et_pb_row][et_pb_row column_structure=&#8221;1_2,1_2&#8243; make_equal=&#8221;on&#8221; custom_padding_last_edited=&#8221;off|desktop&#8221; _builder_version=&#8221;4.6.6&#8243; background_color=&#8221;#ffffff&#8221; width=&#8221;100%&#8221; max_width=&#8221;1280px&#8221; custom_padding=&#8221;|50px|180px|50px|false|false&#8221; custom_padding_phone=&#8221;|25px||25px|false|false&#8221;][et_pb_column type=&#8221;1_2&#8243; _builder_version=&#8221;4.4.1&#8243;][\/et_pb_column][et_pb_column type=&#8221;1_2&#8243; module_class=&#8221;guideTextColumn&#8221; _builder_version=&#8221;4.6.6&#8243;][et_pb_text module_class=&#8221;buttonSection&#8221; _builder_version=&#8221;4.9.4&#8243; _dynamic_attributes=&#8221;link_option_url&#8221; _module_preset=&#8221;default&#8221; text_font=&#8221;|600|||||||&#8221; text_text_color=&#8221;#24449e&#8221; text_line_height=&#8221;4em&#8221; header_font=&#8221;|700|||||||&#8221; header_text_color=&#8221;#24449e&#8221; text_orientation=&#8221;center&#8221; height=&#8221;100%&#8221; custom_padding=&#8221;15px|15px|15px|15px|false|false&#8221; link_option_url=&#8221;@ET-DC@eyJkeW5hbWljIjp0cnVlLCJjb250ZW50IjoicG9zdF9saW5rX3VybF9wYWdlIiwic2V0dGluZ3MiOnsicG9zdF9pZCI6Ijg3NjMifX0=@&#8221; border_radii=&#8221;on|5px|5px|5px|5px&#8221; border_width_all=&#8221;2px&#8221; border_color_all=&#8221;#24449e&#8221; box_shadow_style=&#8221;preset3&#8243; box_shadow_vertical=&#8221;20px&#8221; box_shadow_blur=&#8221;40px&#8221; box_shadow_spread=&#8221;-40px&#8221; box_shadow_color=&#8221;#001b51&#8243;]<\/p>\n<div>\n<p style=\"color:#24449e\">N\u0101kam\u0101 sada\u013ca<\/p>\n<h1>St\u0101stu st\u0101st\u012b\u0161ana izlau\u0161an\u0101s istab\u0101s efekt\u012bvai pedago\u0123ijai.<\/h1>\n<\/div>\n<p>[\/et_pb_text][\/et_pb_column][\/et_pb_row][\/et_pb_section]<\/p>\n","protected":false},"excerpt":{"rendered":"<p>IEVADSVai j\u016bs esat skolot\u0101js vai pasniedz\u0113js, kas v\u0113las izmantot Escape Room modeli m\u0101c\u012bbu proces\u0101? \u0160\u012b rokasgr\u0101mata ir tas, ko j\u016bs mekl\u0113j\u0101t!Satura r\u0101d\u012bt\u0101js0.1 B\u0113g\u0161anas istaba &#8211; Rad\u012b\u0161anas ce\u013cvedis\u0160\u012b rokasgr\u0101mata ir izstr\u0101d\u0101ta t\u0101, lai \u013cautu las\u012bt\u0101jam saprast visus so\u013cus, kas veido izgl\u012btojo\u0161as izlau\u0161an\u0101s sp\u0113les rad\u012b\u0161anas procesu.T\u0101s m\u0113r\u0137is ir sniegt \u013coti praktisku atbalstu visiem pedagogiem, kuri nev\u0113las izmantot [&hellip;]<\/p>\n","protected":false},"author":1,"featured_media":0,"parent":0,"menu_order":0,"comment_status":"closed","ping_status":"closed","template":"","meta":{"_et_pb_use_builder":"on","_et_pb_old_content":"","_et_gb_content_width":"","inline_featured_image":false},"acf":[],"_links":{"self":[{"href":"https:\/\/steamerproject.eu\/lv\/wp-json\/wp\/v2\/pages\/9516"}],"collection":[{"href":"https:\/\/steamerproject.eu\/lv\/wp-json\/wp\/v2\/pages"}],"about":[{"href":"https:\/\/steamerproject.eu\/lv\/wp-json\/wp\/v2\/types\/page"}],"author":[{"embeddable":true,"href":"https:\/\/steamerproject.eu\/lv\/wp-json\/wp\/v2\/users\/1"}],"replies":[{"embeddable":true,"href":"https:\/\/steamerproject.eu\/lv\/wp-json\/wp\/v2\/comments?post=9516"}],"version-history":[{"count":4,"href":"https:\/\/steamerproject.eu\/lv\/wp-json\/wp\/v2\/pages\/9516\/revisions"}],"predecessor-version":[{"id":9596,"href":"https:\/\/steamerproject.eu\/lv\/wp-json\/wp\/v2\/pages\/9516\/revisions\/9596"}],"wp:attachment":[{"href":"https:\/\/steamerproject.eu\/lv\/wp-json\/wp\/v2\/media?parent=9516"}],"curies":[{"name":"wp","href":"https:\/\/api.w.org\/{rel}","templated":true}]}}