{"id":9510,"date":"2021-07-19T10:21:08","date_gmt":"2021-07-19T08:21:08","guid":{"rendered":"https:\/\/steamerproject.eu\/izveides-rokasgramata-bibliografija\/"},"modified":"2021-08-26T11:23:32","modified_gmt":"2021-08-26T09:23:32","slug":"izveides-rokasgramata-bibliografija","status":"publish","type":"page","link":"https:\/\/steamerproject.eu\/lv\/izveides-rokasgramata-bibliografija\/","title":{"rendered":"Rad\u012b\u0161anas ce\u013cvedis &#8211; Bibliogr\u0101fija"},"content":{"rendered":"<p>[et_pb_section fb_built=&#8221;1&#8243; _builder_version=&#8221;4.9.4&#8243; background_color=&#8221;rgba(0,0,0,0)&#8221; z_index=&#8221;1&#8243; custom_margin=&#8221;||||false|false&#8221; custom_padding=&#8221;0px||0px||false|false&#8221; locked=&#8221;off&#8221;][et_pb_row _builder_version=&#8221;4.6.6&#8243; _module_preset=&#8221;default&#8221; custom_margin=&#8221;||50px||false|false&#8221; custom_padding=&#8221;0px||0px||false|false&#8221;][et_pb_column type=&#8221;4_4&#8243; _builder_version=&#8221;4.6.6&#8243; _module_preset=&#8221;default&#8221;][et_pb_text _builder_version=&#8221;4.9.4&#8243; _module_preset=&#8221;default&#8221; header_font=&#8221;|700|||||||&#8221; header_text_align=&#8221;center&#8221; header_text_color=&#8221;#24449e&#8221; header_line_height=&#8221;2em&#8221; custom_margin=&#8221;0px||0px||false|false&#8221; custom_padding=&#8221;0px||0px||false|false&#8221;]<H1>Bibliogr\u0101fija<\/H1>[\/et_pb_text][et_pb_image src=&#8221;https:\/\/steamerproject.eu\/wp-content\/uploads\/2021\/08\/creation-guide-ressources-lv-2.png&#8221; title_text=&#8221;Creation-guide-Resources&#8221; _builder_version=&#8221;4.9.4&#8243; _module_preset=&#8221;default&#8221;][\/et_pb_image][\/et_pb_column][\/et_pb_row][et_pb_row column_structure=&#8221;1_3,2_3&#8243; custom_padding_last_edited=&#8221;on|phone&#8221; _builder_version=&#8221;4.6.6&#8243; background_color=&#8221;#ffffff&#8221; width=&#8221;100%&#8221; max_width=&#8221;1280px&#8221; custom_padding=&#8221;|50px|50px|50px|false|false&#8221; custom_padding_tablet=&#8221;&#8221; custom_padding_phone=&#8221;|25px||25px|false|false&#8221;][et_pb_column type=&#8221;1_3&#8243; _builder_version=&#8221;4.4.1&#8243;][et_pb_text _builder_version=&#8221;4.6.6&#8243; _module_preset=&#8221;default&#8221; header_font=&#8221;|700|||||||&#8221; header_text_color=&#8221;#ef6a7b&#8221;]<\/p>\n<h1>Satura r\u0101d\u012bt\u0101js<\/h1>\n<p>[\/et_pb_text][et_pb_code _builder_version=&#8221;4.9.4&#8243; _dynamic_attributes=&#8221;link_option_url&#8221; _module_preset=&#8221;default&#8221; custom_margin=&#8221;||1em||false|false&#8221; link_option_url=&#8221;@ET-DC@eyJkeW5hbWljIjp0cnVlLCJjb250ZW50IjoicG9zdF9saW5rX3VybF9wYWdlIiwic2V0dGluZ3MiOnsicG9zdF9pZCI6Ijg3MTkifX0=@&#8221;]<span class=\"otherSectionGuide\">IEVADS<\/span>[\/et_pb_code][et_pb_code _builder_version=&#8221;4.6.6&#8243; _module_preset=&#8221;default&#8221; border_color_all=&#8221;rgba(36,68,158,0.1)&#8221; border_color_right=&#8221;rgba(2,2,2,0.1)&#8221; locked=&#8221;off&#8221;][\/et_pb_code][et_pb_code _builder_version=&#8221;4.9.4&#8243; _dynamic_attributes=&#8221;link_option_url&#8221; _module_preset=&#8221;default&#8221; link_option_url=&#8221;@ET-DC@eyJkeW5hbWljIjp0cnVlLCJjb250ZW50IjoicG9zdF9saW5rX3VybF9wYWdlIiwic2V0dGluZ3MiOnsicG9zdF9pZCI6Ijg3NjMifX0=@&#8221;]<span class=\"otherSectionGuide\">1 da\u013ca: St\u0101stu st\u0101st\u012b\u0161ana izlau\u0161an\u0101s istab\u0101s efekt\u012bvai pedago\u0123ijai.<\/span><!-- [et_pb_line_break_holder] -->[\/et_pb_code][et_pb_code _builder_version=&#8221;4.9.4&#8243; _dynamic_attributes=&#8221;link_option_url&#8221; _module_preset=&#8221;default&#8221; link_option_url=&#8221;@ET-DC@eyJkeW5hbWljIjp0cnVlLCJjb250ZW50IjoicG9zdF9saW5rX3VybF9wYWdlIiwic2V0dGluZ3MiOnsicG9zdF9pZCI6Ijg3NzkifX0=@&#8221;]<span class=\"otherSectionGuide\">2 da\u013ca: K\u0101 izveidot izlau\u0161an\u0101s istabu izgl\u012bt\u012bbai<\/span>[\/et_pb_code][et_pb_code _builder_version=&#8221;4.9.4&#8243; _dynamic_attributes=&#8221;link_option_url&#8221; _module_preset=&#8221;default&#8221; link_option_url=&#8221;@ET-DC@eyJkeW5hbWljIjp0cnVlLCJjb250ZW50IjoicG9zdF9saW5rX3VybF9wYWdlIiwic2V0dGluZ3MiOnsicG9zdF9pZCI6Ijg4MjkifX0=@&#8221;]<span class=\"otherSectionGuide\">3 da\u013ca: Resursi satura atra\u0161anai<\/span>[\/et_pb_code][et_pb_code _builder_version=&#8221;4.9.4&#8243; _dynamic_attributes=&#8221;link_option_url&#8221; _module_preset=&#8221;default&#8221; link_option_url=&#8221;@ET-DC@eyJkeW5hbWljIjp0cnVlLCJjb250ZW50IjoicG9zdF9saW5rX3VybF9wYWdlIiwic2V0dGluZ3MiOnsicG9zdF9pZCI6Ijg4ODAifX0=@&#8221;]<span class=\"otherSectionGuide\">4 da\u013ca: Praktiski padomi<\/span>[\/et_pb_code][et_pb_code _builder_version=&#8221;4.9.4&#8243; _dynamic_attributes=&#8221;link_option_url&#8221; _module_preset=&#8221;default&#8221; link_option_url=&#8221;@ET-DC@eyJkeW5hbWljIjp0cnVlLCJjb250ZW50IjoicG9zdF9saW5rX3VybF9wYWdlIiwic2V0dGluZ3MiOnsicG9zdF9pZCI6Ijg4OTQifX0=@&#8221;]<span class=\"otherSectionGuide\">5 da\u013ca: Trauc\u0113jumi vai nessp\u0113ja<\/span>[\/et_pb_code][et_pb_code _builder_version=&#8221;4.9.4&#8243; _dynamic_attributes=&#8221;link_option_url&#8221; _module_preset=&#8221;default&#8221; link_option_url=&#8221;@ET-DC@eyJkeW5hbWljIjp0cnVlLCJjb250ZW50IjoicG9zdF9saW5rX3VybF9wYWdlIiwic2V0dGluZ3MiOnsicG9zdF9pZCI6Ijg5MDYifX0=@&#8221;]<span class=\"otherSectionGuide\">6 da\u013ca: Pozit\u012bvi lomu mode\u013ci meiten\u0113m<\/span>[\/et_pb_code][et_pb_code _builder_version=&#8221;4.9.4&#8243; _dynamic_attributes=&#8221;link_option_url&#8221; _module_preset=&#8221;default&#8221; link_option_url=&#8221;@ET-DC@eyJkeW5hbWljIjp0cnVlLCJjb250ZW50IjoicG9zdF9saW5rX3VybF9wYWdlIiwic2V0dGluZ3MiOnsicG9zdF9pZCI6IjIxNjQifX0=@&#8221;]<span class=\"currentSectionGuide\">Bibliogr\u0101fija<\/span>[\/et_pb_code][et_pb_code disabled_on=&#8221;on|on|on&#8221; _builder_version=&#8221;4.6.6&#8243; _module_preset=&#8221;default&#8221; disabled=&#8221;on&#8221;]<\/p>\n<div class=\"bookletSectionGuide\"><!-- [et_pb_line_break_holder] --><\/p>\n<div class=\"bookletSectionGuide--cover\"><!-- [et_pb_line_break_holder] --><img src=\"https:\/\/steamerproject.eu\/wp-content\/uploads\/2020\/12\/PedGuide_Cover.jpg\" \/><!-- [et_pb_line_break_holder] --><\/div>\n<p><!-- [et_pb_line_break_holder] --><!-- [et_pb_line_break_holder] --><\/p>\n<div class=\"bookletSectionGuide--text\"><pee>Vai mekl\u0113jat \u0161\u012bs rokasgr\u0101matas bukleta versiju, lai las\u012btu bezsaist\u0113 vai izdruk\u0101tu?<\/pee><!-- [et_pb_line_break_holder] --><a href=\"https:\/\/steamerproject.eu\/wp-content\/uploads\/2020\/11\/STEAMER-Pedagogical-Guide-LV.pdf\"><\/p>\n<div class=\"bookletSectionGuide--download\">Lejupiel\u0101d\u0113t PDF<\/div>\n<p><\/a><!-- [et_pb_line_break_holder] --><\/div>\n<p><!-- [et_pb_line_break_holder] --><!-- [et_pb_line_break_holder] --><\/div>\n<p>[\/et_pb_code][\/et_pb_column][et_pb_column type=&#8221;2_3&#8243; module_class=&#8221;guideTextColumn&#8221; _builder_version=&#8221;4.6.6&#8243;][et_pb_text _builder_version=&#8221;4.9.4&#8243; _module_preset=&#8221;default&#8221;]<\/p>\n<h2>1 da\u013ca<\/h2>\n<p>[\/et_pb_text][et_pb_text _builder_version=&#8221;4.9.4&#8243; _module_preset=&#8221;default&#8221;]    \u2022 Avraamidou, L. and Osborne, J. (2009). The role of narrative in communicating science. International Journal of Science Education<br \/>\n    \u2022 Conle C. (2003). An anatomy of narrative curricula. Educational Researcher<br \/>\n    \u2022 Feynman, R. P. (2000). Six easy pieces. Adelphi<br \/>\n    \u2022 Fontana A., Storytelling Manual, Etas, Milan, 2009<br \/>\n    \u2022 Norris, SP, Guilbert, SM, Smith, ML, Hakimelahi, S., and Phillips, LM (2005). A theoretical framework for narrative explanation in science. Science Education[\/et_pb_text][et_pb_text _builder_version=&#8221;4.9.4&#8243; _module_preset=&#8221;default&#8221;]<\/p>\n<h2>2 da\u013ca<\/h2>\n<p>[\/et_pb_text][et_pb_text _builder_version=&#8221;4.9.4&#8243; _module_preset=&#8221;default&#8221;]<\/p>\n<p>\u2022 Ada Lovelace (2020, last ed.), In Wikipedia. Retrieved on 14.09.2020 from <a href=\"https:\/\/en.wikipedia.org\/wiki\/Ada_Lovelace\">https:\/\/en.wikipedia.org\/wiki\/Ada_Lovelace<\/a><br \/>\u2022 Clare, A. (2015), Escape the Game: How to make puzzles and escape rooms. Wero Creative Press. Kindle Edition.<br \/>\u2022 Clarke, S., Peel, J. D., Arnab, S., Morini, L., Keegan, H. and Wood, O. (2017), escapED: A Framework for Creating Educational Escape Rooms and Interactive Games For Higher\/Further Education. International Journal of Serious Games, 4 (3): 73-86, Retrieved 14.09.2019 from <a href=\"https:\/\/www.researchgate.net\/publication\/320105108_EscapED_A_Framework_for_Creating_Educational_Escape_Rooms_and_Interactive_Games_to_For_HigherFurther_Education\">https:\/\/www.researchgate.net\/publication\/320105108_EscapED_A_Framework_for_Creating_Educational_Escape_Rooms_and_Interactive_Games_to_For_HigherFurther_Education<\/a><br \/>\u2022 Cs\u00edkszentmih\u00e1lyi, M. (1996), Creativity: Flow and the Psychology of Discovery and Invention, New York: Harper Perennial.<br \/>\u2022 Erasmus+ project \u2018Escape Rooms for Social Entrepreneurship\u2019 (2020), Escape Rooms on Social Entrepreneurship: An analytical Production Guide, Retrieved from <a href=\"http:\/\/er-se.eu\/\">http:\/\/er-se.eu\/<\/a><br \/>\u2022 Fenaert, M. (2020), Les femmes scientifiques, S\u2019CAPE, Retrieved on 14.09.2020 from <a href=\"https:\/\/scape.enepe.fr\/femmes-scientifiques.html\">https:\/\/scape.enepe.fr\/femmes-scientifiques.html<\/a><br \/>\u2022 Gregersen, E. (n.d.), Ada Lovelace, Britannica, Retrieved on 14.09.2020 from <a href=\"https:\/\/www.britannica.com\/story\/ada-lovelace-the-first-computer-programmer\">https:\/\/www.britannica.com\/story\/ada-lovelace-the-first-computer-programmer<\/a><br \/>\u2022 Minist\u00e8re de l&#8217;\u00c9ducation nationale et de la Jeunesse (2019a), Programme de math\u00e9matiques de premi\u00e8re G\u00e9n\u00e9rale, Retrieved on 14.09.2020 from <a href=\"https:\/\/cache.media.eduscol.education.fr\/file\/SP1-MEN-22-1-2019\/16\/8\/spe632_annexe_1063168.pdf\">https:\/\/cache.media.eduscol.education.fr\/file\/SP1-MEN-22-1-2019\/16\/8\/spe632_annexe_1063168.pdf<\/a><br \/>\u2022 Minist\u00e8re de l&#8217;\u00c9ducation nationale et de la Jeunesse (2019b), Programme de physique-chimie de premi\u00e8re g\u00e9n\u00e9rale, Retrieved on 14.09.2020 from <a href=\"https:\/\/cache.media.eduscol.education.fr\/file\/SP1-MEN-22-1-2019\/43\/2\/spe635_annexe_1063432.pdf\">https:\/\/cache.media.eduscol.education.fr\/file\/SP1-MEN-22-1-2019\/43\/2\/spe635_annexe_1063432.pdf<\/a><br \/>\u2022 Minist\u00e8re de l&#8217;\u00c9ducation nationale et de la Jeunesse (2019c), Voie g\u00e9n\u00e9rale, Sciences de la Vie et de la Terre : l\u2019information g\u00e9n\u00e9tique, sa transmission, son expression, sa variation. Retrieved on 14.09.2020 from <a href=\"https:\/\/cache.media.eduscol.education.fr\/file\/SVT\/87\/4\/RA19_Lycee_G_1_SVT_Information-genetique-transmission-expression-variation_1218874.pdf\">https:\/\/cache.media.eduscol.education.fr\/file\/SVT\/87\/4\/RA19_Lycee_G_1_SVT_Information-genetique-transmission-expression-variation_1218874.pdf<\/a><br \/>\u2022 Nicholson, S. (2015). Peeking behind a locked door: A survey of Escape Room Facilities. Scottnicholson.com. Retrieved on 14.09.2020 from <a href=\"http:\/\/scottnicholson.com\/pubs\/erfacwhite.pdf\">http:\/\/scottnicholson.com\/pubs\/erfacwhite.pdf<\/a><br \/>\u2022 Pinard, M. (2018), Using Escape Rooms to Teach Information on Literacy. McGill Library.<br \/>\u2022 Wiemker, M., Elumir, E., Clare, A. (2015), Escape Room Games: Can you transform an unpleasant situation into a pleasant one? Codex.ca. Retrieved on 14.09.2020 from <a href=\"https:\/\/thecodex.ca\/wp-content\/uploads\/2016\/08\/00511Wiemker-et-al-Paper-Escape-Room-Games.pdf\" target=\"_blank\" rel=\"noopener\">https:\/\/thecodex.ca\/wp-content\/uploads\/2016\/08\/00511Wiemker-et-al-Paper-Escape-Room-Games.pdf<\/a><\/p>\n<p>[\/et_pb_text][et_pb_text _builder_version=&#8221;4.9.4&#8243; _module_preset=&#8221;default&#8221;]<\/p>\n<h2>3 da\u013ca<\/h2>\n<p>[\/et_pb_text][et_pb_text _builder_version=&#8221;4.9.4&#8243; _module_preset=&#8221;default&#8221;]<\/p>\n<p>\u2022 Acad\u00e9mie de Poitiers. (2020). Cr\u00e9er une vid\u00e9o interactive pour favoriser les apprentissages \u00e0 distances. Outils pour enrichir une vid\u00e9o.<br \/><a href=\"http:\/\/ww2.ac-poitiers.fr\/math\/spip.php?article1102\">http:\/\/ww2.ac-poitiers.fr\/math\/spip.php?article1102<\/a><br \/>\u2022 Canop\u00e9. Introduire les jeux coop\u00e9ratifs en classe<br \/><a href=\"https:\/\/www.reseau-canope.fr\/apprendre-par-le-jeu\/utiliser-les-jeux-dans-sa-pratique-pedagogique\/les-jeux-cooperatifs\/utiliser-les-jeux-cooperatifs-en-classe\/introduire-les-jeux-cooperatifs-en-classe.html\">https:\/\/www.reseau-canope.fr\/apprendre-par-le-jeu\/utiliser-les-jeux-dans-sa-pratique-pedagogique\/les-jeux-cooperatifs\/utiliser-les-jeux-cooperatifs-en-classe\/introduire-les-jeux-cooperatifs-en-classe.html<\/a><br \/>\u2022 Cosson, M-C, Blanez, F., Vernet, M. (2019). Escape Game Num\u00e9rique, un dispositif p\u00e9dagogique innovant au service de la ludification des apprentissages et de la collaboration entre \u00e9l\u00e8ves, 21-22.<br \/>\u2022 Devars, J. (2019). Escape game et p\u00e9dagogie, entretiens.<br \/>\u2022 Exploration of Instructor and Student Perceptions,\u00a0Journal of University Teaching &amp; Learning Practice, 15 (2).<br \/><a href=\"http:\/\/ro.uow.edu.au\/jutlp\/vol15\/iss2\/2\">http:\/\/ro.uow.edu.au\/jutlp\/vol15\/iss2\/2<\/a>.<br \/>\u2022 Fenaert, M., Nadam, P., Petit, A. (2019). S\u2019capade p\u00e9dagogique avec les jeux d\u2019\u00e9vasion, 42-50.<br \/>\u2022 Guy, R. (2019). C\u2019est quoi une bonne vid\u00e9o interactive\u2009? <a href=\"http:\/\/sydologie.com\/2019\/04\/cest-quoi-une-bonne-video-interactive\/\">http:\/\/sydologie.com\/2019\/04\/cest-quoi-une-bonne-video-interactive\/<\/a><br \/>\u2022 Lebrest, E., Quesne, C. (2019). L\u2019escape Game, une pratique p\u00e9dagogique innovante, 23-27, 56-59.<br \/>\u2022 Lundren-Cayrol, K. (2001), Apprentissage collaboratif \u00e0 distance : pour comprendre et concevoir les environnements d\u2019apprentissage virtuels.<br \/>\u2022 Nadam, P. (2013). Utilisation p\u00e9dagogique de la r\u00e9alit\u00e9 augment\u00e9e, <a href=\"http:\/\/svt.ac-creteil.fr\/?Utilisations-pedagogiques-de-la\">http:\/\/svt.ac-creteil.fr\/?Utilisations-pedagogiques-de-la<\/a><br \/>\u2022 Nadam, P. (2017). R\u00e9alit\u00e9 augment\u00e9e\u00a0: quel outil\u2009? <a href=\"https:\/\/scape.enepe.fr\/outils-de-ra.html\" target=\"_blank\" rel=\"noopener\">https:\/\/scape.enepe.fr\/outils-de-ra.html<\/a><\/p>\n<p>[\/et_pb_text][et_pb_text _builder_version=&#8221;4.9.4&#8243; _module_preset=&#8221;default&#8221;]<\/p>\n<h2>4 da\u013ca<\/h2>\n<p>[\/et_pb_text][et_pb_text _builder_version=&#8221;4.9.4&#8243; _module_preset=&#8221;default&#8221;]<\/p>\n<p>\u25aa Crawford, A., Saul, W., Mathews, S., &amp; Makinster, J. (2005). Teaching and Learning Strategies for the Thinking Classrooms. New York: The International Debate Education Association.<br \/>\u25aa <a href=\"https:\/\/figshare.com\/articles\/preprint\/Escape_Rooms_in_Education\/8947430\">https:\/\/figshare.com\/articles\/preprint\/Escape_Rooms_in_Education\/8947430<\/a><br \/>\u25aa Bartlett, K.A. and Anderson, J.L. (2019) \u201cUsing an Escape Room to Support the Learning of Science Content\u201d, In: Proceedings of SITE 2019, Las Vegas, NV, United States, March 18-22, 2019, pp. 710-715.<br \/>\u25aa Clarke, S., Peel, D., Arnab, S., Morini, L., Keegan, H., and Wood, O. (2017) \u201cEscapED: A Framework for Creating Educational Escape Rooms and Interactive Games to For Higher\/Further Education\u201d, International Journal of Serious Games, 4(3), pp. 73-86.<br \/>\u25aa Adams, V., Burger, S., Crawford, K., and Setter, R. (2018) \u201cCan You Escape? Creating an Escape Room to Facilitate Active Learning\u201d, Journal for Nurses in Professional Development, Vol. 34, No. 2, E1YE5.<br \/>\u25aa Nicholson, S. (2015) \u201cPeeking behind the locked door: A survey of escape room facilities\u201d, White Paper, pp. 1-35, [online], <a href=\"http:\/\/scottnicholson.com\/pubs\/erfacwhite.pdf\">http:\/\/scottnicholson.com\/pubs\/erfacwhite.pdf<\/a><br \/>\u25aa Serdyukov, P. (2017) \u201cInnovation in education: what works, what doesn\u2019t, and what to do about it?\u201d, Journal of Research in Innovative Teaching &amp; Learning, Vol. 10, No. 1, pp. 4-33.<br \/>\u25aa Arnab, S. and Clarke, S., &#8220;Towards a trans\u2010disciplinary methodology for a game\u2010based intervention development process,&#8221; British Journal of Educational Technology. 2015<br \/>\u25aa Cook, E.D., and Hazelwood, A.C., &#8220;An active learning strategy for the classroom\u2014\u201cwho wants to win\u2026 some mini chips ahoy?\u201d,&#8221; Journal of Accounting Education, vol. 20, no. 4, pp. 297-306. 2002. <a href=\"https:\/\/doi.org\/10.1016\/S0748-5751(02)00012-X\">https:\/\/doi.org\/10.1016\/S0748-5751(02)00012-X<\/a><br \/>\u25aa Tang, S., Hanneghan, M., and El-Rhalibi, A., &#8220;Introduction to games-based learning,&#8221; Games Based Learning Advancements for Multi-Sensory Human Computer Interfaces.New York: IGI Global. 2009. <a href=\"https:\/\/doi.org\/10.4018\/978-1-60566-360-9.ch001\">https:\/\/doi.org\/10.4018\/978-1-60566-360-9.ch001<\/a><br \/>\u25aa Vorderer P., and Bryant, J., &#8216;&#8221;Playing video games: Motives, responses, and consequences,&#8221;, London, Routledge, 2012.<br \/>\u25aa Batzogiannis, I., Hatzikraniotis, E., &amp; Papadopoulos, A. (2018) Enhancing students\u2019 motivation towards STEM by co-creating an escape room.<br \/>\u25aa Iuppa, N. &amp; Borst, T. (2012) End-to-end game development: creating independent serious games and simulations from start to finish, Routledge<br \/>\u25aa Salen, K., Tekinba\u015f, K. S., &amp; Zimmerman, E. (2004). Rules of play: Game design fundamentals. Boston, MA: MIT press.<br \/>\u25aa Betrus, A. K. &amp; Botturi, L. (2010). Principles of Using Simulations and Games for Teaching.<\/p>\n<p>[\/et_pb_text][et_pb_text _builder_version=&#8221;4.9.4&#8243; _module_preset=&#8221;default&#8221;]<\/p>\n<h2>5 da\u013ca<\/h2>\n<p>[\/et_pb_text][et_pb_text _builder_version=&#8221;4.9.4&#8243; _module_preset=&#8221;default&#8221;]<\/p>\n<p>\u2022 Inserm &#8211; the French National Institute of Health and Medical Research, publication on \u201c Troubles Sp\u00e9cifiques des apprentissages\u201d, retrieved at <a href=\"https:\/\/www.inserm.fr\/information-en-sante\/dossiers-information\/troubles-specifiques-apprentissages\" target=\"_blank\" rel=\"noopener\">https:\/\/www.inserm.fr\/information-en-sante\/dossiers-information\/troubles-specifiques-apprentissages<\/a>, last consulted on the 27-11-2020<br \/>\u2022 What is Dyslexia?, European Dyslexia Association (EDA), retrieved from <a href=\"https:\/\/eda-info.eu\/what-is-dyslexia\/\">https:\/\/eda-info.eu\/what-is-dyslexia\/<\/a><br \/>\u2022 Les Diff\u00e9rents Troubles, Apeda, retrieved at https:\/\/www.apeda.be\/comprendre-troubles-dys\/les-differents-troubles\/<\/p>\n<p>[\/et_pb_text][et_pb_text _builder_version=&#8221;4.9.4&#8243; _module_preset=&#8221;default&#8221;]<\/p>\n<h2>6 da\u013ca<\/h2>\n<p>[\/et_pb_text][et_pb_text _builder_version=&#8221;4.9.4&#8243; _module_preset=&#8221;default&#8221;]<\/p>\n<p>\u2022 Givord, P. (2020), &#8220;Do boys and girls have similar attitudes towards competition and failure?&#8221;, PISA in Focus, No. 105, OECD Publishing, Paris, <a href=\"https:\/\/doi.org\/10.1787\/a8898906-en\">https:\/\/doi.org\/10.1787\/a8898906-en<\/a>.<br \/>\u2022 OECD (2014), PISA 2012 Results: Creative Problem Solving: Students\u2019 Skills in Tackling Real-Life Problems (Volume V), PISA, OECD Publishing. <a href=\"http:\/\/dx.doi.org\/10.1787\/9789264208070-en\">http:\/\/dx.doi.org\/10.1787\/9789264208070-en<\/a><br \/>\u2022 McKinsey Global Institute September 2015 Copyright \u00a9 McKinsey &amp; Company <a href=\"http:\/\/www.mckinsey.com\/mgi\">www.mckinsey.com\/mgi<\/a><br \/>\u2022 A Cultural Psychological Model of Cross-National Variation in Gender Gaps in STEM Participation August 2020 Personality and Social Psychology Review<br \/>\u2022 The importance of achieving foundational Sustainable Development Goals in reducing global risk<br \/>\u25e6 Author links open overlay panel Tom Cerneva Richard Fenner<br \/>\u25e6 <a href=\"https:\/\/www.sciencedirect.com\/science\/article\/pii\/S0016328719303544\">https:\/\/www.sciencedirect.com\/science\/article\/pii\/S0016328719303544<\/a><br \/>\u2022 Report on the Gender Initiative: Gender Equality in Education, Employment and Entrepreneurship <a href=\"https:\/\/www.oecd.org\/social\/48111145.pdf\" target=\"_blank\" rel=\"noopener\">https:\/\/www.oecd.org\/social\/48111145.pdf<\/a><br \/>\u2022 Boston, J., &amp; Cimpian, A. (2018).\u00a0Here\u2019s how to encourage more girls to pursue science and maths careers.\u00a0The Conversation.<br \/>\u2022 Hobbs, L., Jakab, C., Millar. V., Prain, V., Redman, C., Speldewinde., Tytler, R., &amp; van Driel, J. (2017).\u00a0Girls\u2019 Future \u2013 Our Future. The Invergowrie Foundation STEM Report. Invergowrie Foundation, Melbourne.<br \/>\u2022 Kennedy, J. P., Lyons, T., &amp; Quinn, F. (2014).\u00a0The continuing decline of science and mathematics enrolments in Australian high schools.Teaching Science, 60(2), pp. 34\u201346.<br \/>\u2022 Watt H., Eccles, J. &amp; Durik, A. (2006).\u00a0The leaky mathematics pipeline for girls: A motivational analysis of high school enrolments in Australia and the USA.\u00a0Equal Opportunities International, 25(8), pp. 642\u2013659.<br \/>\u2022 Women in STEM: 5 Female Engineers You Should Know <a href=\"https:\/\/www.autodesk.com\/products\/fusion-360\/blog\/women-in-stem-you-should-know\/\" target=\"_blank\" rel=\"noopener\">https:\/\/www.autodesk.com\/products\/fusion-360\/blog\/women-in-stem-you-should-know\/<\/a><br \/>\u2022 <a href=\"https:\/\/wikia.org\" target=\"_blank\" rel=\"noopener\">https:\/\/wikia.org<\/a><br \/>\u2022 <a href=\"https:\/\/www.builtbyme.com\/famous-women-in-stem\/\" target=\"_blank\" rel=\"noopener\">https:\/\/www.builtbyme.com\/famous-women-in-stem\/<\/a> Built by Me<br \/>\u2022 <a href=\"https:\/\/www.youtube.com\/watch?v=7O0z06YRKHg\" target=\"_blank\" rel=\"noopener\">https:\/\/www.youtube.com\/watch?v=7O0z06YRKHg<\/a> Growing up in STEM &#8211; as a girl: Cassidy Williams<br \/>\u2022 <a href=\"https:\/\/www.sciencemag.org\/careers\/2020\/07\/day-life-science-gaming-entrepreneur\" target=\"_blank\" rel=\"noopener\">https:\/\/www.sciencemag.org\/careers\/2020\/07\/day-life-science-gaming-entrepreneur<\/a><br \/>\u2022 <a href=\"https:\/\/www.europarl.europa.eu\/RegData\/etudes\/STUD\/2020\/651042\/IPOL_STU(2020)651042_EN.pdf\" target=\"_blank\" rel=\"noopener\">https:\/\/www.europarl.europa.eu\/RegData\/etudes\/STUD\/2020\/651042\/IPOL_STU(2020)651042_EN.pdf<\/a><br \/>\u2022 <a href=\"https:\/\/www.umces.edu\/news\/bridging-gap-women-grad-students-talk-rise-stem-power\" target=\"_blank\" rel=\"noopener\">https:\/\/www.umces.edu\/news\/bridging-gap-women-grad-students-talk-rise-stem-power<\/a><\/p>\n<p>[\/et_pb_text][\/et_pb_column][\/et_pb_row][et_pb_row column_structure=&#8221;1_2,1_2&#8243; make_equal=&#8221;on&#8221; custom_padding_last_edited=&#8221;off|desktop&#8221; _builder_version=&#8221;4.6.6&#8243; background_color=&#8221;#ffffff&#8221; width=&#8221;100%&#8221; max_width=&#8221;1280px&#8221; custom_padding=&#8221;|50px|180px|50px|false|false&#8221; custom_padding_phone=&#8221;|25px||25px|false|false&#8221;][et_pb_column type=&#8221;1_2&#8243; _builder_version=&#8221;4.4.1&#8243;][et_pb_text module_class=&#8221;buttonSection&#8221; _builder_version=&#8221;4.9.4&#8243; _dynamic_attributes=&#8221;link_option_url&#8221; _module_preset=&#8221;default&#8221; text_font=&#8221;|600|||||||&#8221; text_text_color=&#8221;#24449e&#8221; text_line_height=&#8221;4em&#8221; header_font=&#8221;|700|||||||&#8221; header_text_color=&#8221;#24449e&#8221; text_orientation=&#8221;center&#8221; height=&#8221;100%&#8221; custom_padding=&#8221;15px|15px|15px|15px|false|false&#8221; link_option_url=&#8221;@ET-DC@eyJkeW5hbWljIjp0cnVlLCJjb250ZW50IjoicG9zdF9saW5rX3VybF9wYWdlIiwic2V0dGluZ3MiOnsicG9zdF9pZCI6Ijg5MDYifX0=@&#8221; hover_enabled=&#8221;0&#8243; border_radii=&#8221;on|5px|5px|5px|5px&#8221; border_width_all=&#8221;2px&#8221; border_color_all=&#8221;#24449e&#8221; box_shadow_style=&#8221;preset3&#8243; box_shadow_vertical=&#8221;20px&#8221; box_shadow_blur=&#8221;40px&#8221; box_shadow_spread=&#8221;-40px&#8221; box_shadow_color=&#8221;#001b51&#8243; sticky_enabled=&#8221;0&#8243;]<\/p>\n<div>\n<p style=\"color: #24449e;\">Iepriek\u0161\u0113j\u0101 sada\u013ca<\/p>\n<h1>Pozit\u012bvi lomu mode\u013ci meiten\u0113m<\/h1>\n<\/div>\n<p>[\/et_pb_text][\/et_pb_column][et_pb_column type=&#8221;1_2&#8243; module_class=&#8221;guideTextColumn&#8221; _builder_version=&#8221;4.6.6&#8243;][\/et_pb_column][\/et_pb_row][\/et_pb_section]<\/p>\n","protected":false},"excerpt":{"rendered":"<p>Bibliogr\u0101fijaSatura r\u0101d\u012bt\u0101js1 da\u013ca \u2022 Avraamidou, L. and Osborne, J. (2009). The role of narrative in communicating science. International Journal of Science Education \u2022 Conle C. (2003). An anatomy of narrative curricula. Educational Researcher \u2022 Feynman, R. P. (2000). Six easy pieces. Adelphi \u2022 Fontana A., Storytelling Manual, Etas, Milan, 2009 \u2022 Norris, SP, Guilbert, SM, [&hellip;]<\/p>\n","protected":false},"author":1,"featured_media":0,"parent":0,"menu_order":0,"comment_status":"closed","ping_status":"closed","template":"","meta":{"_et_pb_use_builder":"on","_et_pb_old_content":"","_et_gb_content_width":"","inline_featured_image":false},"acf":[],"_links":{"self":[{"href":"https:\/\/steamerproject.eu\/lv\/wp-json\/wp\/v2\/pages\/9510"}],"collection":[{"href":"https:\/\/steamerproject.eu\/lv\/wp-json\/wp\/v2\/pages"}],"about":[{"href":"https:\/\/steamerproject.eu\/lv\/wp-json\/wp\/v2\/types\/page"}],"author":[{"embeddable":true,"href":"https:\/\/steamerproject.eu\/lv\/wp-json\/wp\/v2\/users\/1"}],"replies":[{"embeddable":true,"href":"https:\/\/steamerproject.eu\/lv\/wp-json\/wp\/v2\/comments?post=9510"}],"version-history":[{"count":13,"href":"https:\/\/steamerproject.eu\/lv\/wp-json\/wp\/v2\/pages\/9510\/revisions"}],"predecessor-version":[{"id":10139,"href":"https:\/\/steamerproject.eu\/lv\/wp-json\/wp\/v2\/pages\/9510\/revisions\/10139"}],"wp:attachment":[{"href":"https:\/\/steamerproject.eu\/lv\/wp-json\/wp\/v2\/media?parent=9510"}],"curies":[{"name":"wp","href":"https:\/\/api.w.org\/{rel}","templated":true}]}}