{"id":2690,"date":"2021-01-14T10:03:53","date_gmt":"2021-01-14T09:03:53","guid":{"rendered":"https:\/\/steamerproject.eu\/pedagogijas-celvedis-secinajumi\/"},"modified":"2021-01-14T10:03:54","modified_gmt":"2021-01-14T09:03:54","slug":"pedagogijas-celvedis-secinajumi","status":"publish","type":"page","link":"https:\/\/steamerproject.eu\/lv\/pedagogijas-celvedis-secinajumi\/","title":{"rendered":"Pedago\u0123ijas ce\u013cvedis &#8211; Secin\u0101jumi"},"content":{"rendered":"<p>[et_pb_section fb_built=&#8221;1&#8243; _builder_version=&#8221;4.6.6&#8243; background_color=&#8221;rgba(0,0,0,0)&#8221; z_index=&#8221;1&#8243; custom_padding=&#8221;0px||0px||false|false&#8221; locked=&#8221;off&#8221;][et_pb_row _builder_version=&#8221;4.6.6&#8243; _module_preset=&#8221;default&#8221; custom_margin=&#8221;||50px||false|false&#8221; custom_padding=&#8221;0px||0px||false|false&#8221;][et_pb_column type=&#8221;4_4&#8243; _builder_version=&#8221;4.6.6&#8243; _module_preset=&#8221;default&#8221;][et_pb_text _builder_version=&#8221;4.6.6&#8243; _module_preset=&#8221;default&#8221; header_font=&#8221;|700|||||||&#8221; header_text_align=&#8221;center&#8221; header_text_color=&#8221;#24449e&#8221; header_line_height=&#8221;2em&#8221; custom_margin=&#8221;0px||0px||false|false&#8221; custom_padding=&#8221;0px||0px||false|false&#8221;]<H1>Secin\u0101jumi<\/H1>[\/et_pb_text][\/et_pb_column][\/et_pb_row][et_pb_row column_structure=&#8221;1_3,2_3&#8243; custom_padding_last_edited=&#8221;on|phone&#8221; _builder_version=&#8221;4.6.6&#8243; background_color=&#8221;#ffffff&#8221; width=&#8221;100%&#8221; max_width=&#8221;1280px&#8221; custom_padding=&#8221;|50px|50px|50px|false|false&#8221; custom_padding_tablet=&#8221;&#8221; custom_padding_phone=&#8221;|25px||25px|false|false&#8221;][et_pb_column type=&#8221;1_3&#8243; _builder_version=&#8221;4.4.1&#8243;][et_pb_text _builder_version=&#8221;4.6.6&#8243; _module_preset=&#8221;default&#8221; header_font=&#8221;|700|||||||&#8221; header_text_color=&#8221;#ef6a7b&#8221;]<\/p>\n<h1>Saturs<\/h1>\n<p>[\/et_pb_text][et_pb_code _builder_version=&#8221;4.6.6&#8243; _dynamic_attributes=&#8221;link_option_url&#8221; _module_preset=&#8221;default&#8221; link_option_url=&#8221;@ET-DC@eyJkeW5hbWljIjp0cnVlLCJjb250ZW50IjoicG9zdF9saW5rX3VybF9wYWdlIiwic2V0dGluZ3MiOnsicG9zdF9pZCI6IjIwMzgifX0=@&#8221;]<span class=\"otherSectionGuide\">Ievads<\/span><!-- [et_pb_line_break_holder] -->[\/et_pb_code][et_pb_code _builder_version=&#8221;4.6.6&#8243; _dynamic_attributes=&#8221;link_option_url&#8221; _module_preset=&#8221;default&#8221; custom_margin=&#8221;||1em||false|false&#8221; link_option_url=&#8221;@ET-DC@eyJkeW5hbWljIjp0cnVlLCJjb250ZW50IjoicG9zdF9saW5rX3VybF9wYWdlIiwic2V0dGluZ3MiOnsicG9zdF9pZCI6IjE2NzMifX0=@&#8221;]<span class=\"otherSectionGuide\">Da\u013ca 1: K\u0101p\u0113c izlau\u0161an\u0101s istabas ir noder\u012bgas STEAM izgl\u012bt\u012bb\u0101?<\/span>[\/et_pb_code][et_pb_code _builder_version=&#8221;4.6.6&#8243; _dynamic_attributes=&#8221;link_option_url&#8221; _module_preset=&#8221;default&#8221; link_option_url=&#8221;@ET-DC@eyJkeW5hbWljIjp0cnVlLCJjb250ZW50IjoicG9zdF9saW5rX3VybF9wYWdlIiwic2V0dGluZ3MiOnsicG9zdF9pZCI6IjIxMzgifX0=@&#8221;]<span class=\"otherSectionGuide\">Da\u013ca 2: K\u0101 integr\u0113t izlau\u0161an\u0101s istabas skolas programm\u0101s?<\/span>[\/et_pb_code][et_pb_code _builder_version=&#8221;4.6.6&#8243; _dynamic_attributes=&#8221;link_option_url&#8221; _module_preset=&#8221;default&#8221; link_option_url=&#8221;@ET-DC@eyJkeW5hbWljIjp0cnVlLCJjb250ZW50IjoicG9zdF9saW5rX3VybF9wYWdlIiwic2V0dGluZ3MiOnsicG9zdF9pZCI6IjIxNTYifX0=@&#8221;]<span class=\"otherSectionGuide\">Da\u013ca 3: K\u0101 nov\u0113rt\u0113t skol\u0113nu zin\u0101\u0161anu un prasmju att\u012bst\u012bbu izlau\u0161an\u0101s istabu lieto\u0161anas laik\u0101?<\/span>[\/et_pb_code][et_pb_code _builder_version=&#8221;4.6.6&#8243; _dynamic_attributes=&#8221;link_option_url&#8221; _module_preset=&#8221;default&#8221; link_option_url=&#8221;@ET-DC@eyJkeW5hbWljIjp0cnVlLCJjb250ZW50IjoicG9zdF9saW5rX3VybF9wYWdlIiwic2V0dGluZ3MiOnsicG9zdF9pZCI6IjIxNTgifX0=@&#8221;]<span class=\"otherSectionGuide\">Da\u013ca 4: K\u0101 \u012bstenot izlau\u0161an\u0101s istabu norisi?<\/span>[\/et_pb_code][et_pb_code _builder_version=&#8221;4.6.6&#8243; _module_preset=&#8221;default&#8221; border_color_all=&#8221;rgba(36,68,158,0.1)&#8221; border_color_right=&#8221;rgba(2,2,2,0.1)&#8221; locked=&#8221;off&#8221;][\/et_pb_code][et_pb_code _builder_version=&#8221;4.6.6&#8243; _dynamic_attributes=&#8221;link_option_url&#8221; _module_preset=&#8221;default&#8221; link_option_url=&#8221;@ET-DC@eyJkeW5hbWljIjp0cnVlLCJjb250ZW50IjoicG9zdF9saW5rX3VybF9wYWdlIiwic2V0dGluZ3MiOnsicG9zdF9pZCI6IjIxNjAifX0=@&#8221;]<span class=\"otherSectionGuide\">Da\u013ca 5: K\u0101 integr\u0113t da\u017e\u0101da veida skol\u0113nus?<\/span>[\/et_pb_code][et_pb_code _builder_version=&#8221;4.6.6&#8243; _module_preset=&#8221;default&#8221;]<span class=\"currentSectionGuide\">Secin\u0101jumi<\/span>[\/et_pb_code][et_pb_code _builder_version=&#8221;4.6.6&#8243; _dynamic_attributes=&#8221;link_option_url&#8221; _module_preset=&#8221;default&#8221; link_option_url=&#8221;@ET-DC@eyJkeW5hbWljIjp0cnVlLCJjb250ZW50IjoicG9zdF9saW5rX3VybF9wYWdlIiwic2V0dGluZ3MiOnsicG9zdF9pZCI6IjIxNjQifX0=@&#8221;]<span class=\"otherSectionGuide\">Bibliogr\u0101fija<\/span>[\/et_pb_code][et_pb_code _builder_version=&#8221;4.6.6&#8243; _module_preset=&#8221;default&#8221;]<\/p>\n<div class=\"bookletSectionGuide bookletSectionGuide--hide\"><!-- [et_pb_line_break_holder] --><\/p>\n<div class=\"bookletSectionGuide--cover\"><!-- [et_pb_line_break_holder] --><img src=\"https:\/\/steamerproject.eu\/wp-content\/uploads\/2020\/12\/PedGuide_Cover.jpg\" \/><!-- [et_pb_line_break_holder] --><\/div>\n<p><!-- [et_pb_line_break_holder] --><!-- [et_pb_line_break_holder] --><\/p>\n<div class=\"bookletSectionGuide--text\"><pee>Mekl\u0113jat rokasgr\u0101matas bukleta versiju las\u012b\u0161anai tie\u0161saist\u0113 vai druk\u0101\u0161anai?<\/pee><!-- [et_pb_line_break_holder] --><a href=\"https:\/\/steamerproject.eu\/wp-content\/uploads\/2020\/11\/STEAMER-Pedagogical-Guide-EN.pdf\"><\/p>\n<div class=\"bookletSectionGuide--download\">Lejupiel\u0101d\u0113jiet PDF versiju<\/div>\n<p><\/a><!-- [et_pb_line_break_holder] --><\/div>\n<p><!-- [et_pb_line_break_holder] --><!-- [et_pb_line_break_holder] --><\/div>\n<p>[\/et_pb_code][\/et_pb_column][et_pb_column type=&#8221;2_3&#8243; module_class=&#8221;guideTextColumn&#8221; _builder_version=&#8221;4.6.6&#8243;][et_pb_text admin_label=&#8221;Text&#8221; _builder_version=&#8221;4.6.6&#8243; _module_preset=&#8221;default&#8221;]<\/p>\n<p>\u0160obr\u012bd izlau\u0161an\u0101s istabas strauji izplat\u0101s vis\u0101 pasaul\u0113 un k\u013c\u016bst popul\u0101ras k\u0101 inovat\u012bva un iejusties \u013caujo\u0161a pieredze.  \u0160\u012b pieredze piesaista visda\u017e\u0101d\u0101k\u0101 vecuma un sl\u0101\u0146u cilv\u0113kus. Izlau\u0161an\u0101s istabu daudzpus\u012bg\u0101s izmanto\u0161anas iesp\u0113jas ir iedvesmoju\u0161as m\u016bs izp\u0113t\u012bt to izmanto\u0161anas iesp\u0113jas m\u0101c\u012bbu proces\u0101, iek\u013caujot izlau\u0161an\u0101s istabas m\u0101c\u012bbu vid\u0113 un iedz\u012bvinot starpdisciplin\u0101ru STEAM izgl\u012bt\u012bbas sist\u0113mu<\/p>\n<p>[\/et_pb_text][et_pb_text _builder_version=&#8221;4.6.6&#8243; _module_preset=&#8221;default&#8221;]<\/p>\n<p>Patie\u0161\u0101m, izlau\u0161an\u0101s istabas ir p\u0101rsteidzo\u0161s r\u012bks, kuram piem\u012bt pla\u0161s potenci\u0101ls izgl\u012bt\u012bbas nozar\u0113, veidojot uz sp\u0113les principa balst\u012btu m\u0101c\u012bbu procesu. Izlau\u0161anas istabas pied\u0101v\u0101 pla\u0161u sp\u0113\u013cu elementu loku, ko iesp\u0113jams iek\u013caut izgl\u012bt\u012bbas proces\u0101 visos iesp\u0113jamajos m\u0101c\u012bbu priek\u0161metos, bet it \u012bpa\u0161i svar\u012bgi tas ir STEAM izgl\u012bt\u012bbas model\u012b, jo \u0161\u0101d\u0101 veid\u0101 tiek stimul\u0113tas 21.gadsimt\u0101 tik nepiecie\u0161am\u0101s prasmes, kuras j\u0101apg\u016bst skol\u0101 un kuras t\u0101l\u0101k tiks izmantotas profesion\u0101laj\u0101 darba vid\u0113, proti, tas ir darbs komand\u0101, t\u0101 ir sadarb\u012bba, laika mened\u017ements, kritisk\u0101 dom\u0101\u0161ana, probl\u0113mu risin\u0101\u0161anas prasmes, nestandarta dom\u0101\u0161ana, organizatorisk\u0101s prasmes, uz probl\u0113m-risin\u0101\u0161anu balst\u012bta m\u0101c\u012b\u0161an\u0101s, akt\u012bva m\u0101c\u012b\u0161an\u0101s u.c.<\/p>\n<p>[\/et_pb_text][et_pb_text _builder_version=&#8221;4.6.6&#8243; _module_preset=&#8221;default&#8221;]<\/p>\n<p>Izlau\u0161an\u0101s istabas stimul\u0113 ar\u012b da\u017e\u0101du skol\u0113nu sp\u0113ju att\u012bst\u012bbu un iedro\u0161ina vi\u0146us pielietot STEAM m\u0101c\u012bbu metodes, vienlaikus respekt\u0113jot skol\u0113nu izv\u0113l\u0113s br\u012bv\u012bbu sp\u0113les gait\u0101, vienlaikus ienesot sp\u0113l\u0113 m\u0101c\u012bbu saturu.  Pateicoties izlau\u0161an\u0101s sp\u0113\u013cu pla\u0161ajam spektram, t\u0101s k\u013c\u016bst par ide\u0101lu r\u012bku ar\u012b iek\u013caujo\u0161as izgl\u012bt\u012bbas izveid\u0113. K\u0101 tika apl\u016bkots iepriek\u0161, ir pieejamas da\u017e\u0101da veida izlau\u0161an\u0101s istabas un neierobe\u017eotas iesp\u0113jas to izmanto\u0161anai, ko pied\u0101v\u0101 da\u017e\u0101die dizaini, t\u0113mas un sp\u0113\u013cu konfigur\u0101cijas veidi. \u0160aj\u0101 rokasgr\u0101mat\u0101 m\u0113s esam piev\u0113rsu\u0161ies izlau\u0161an\u0101s istab\u0101m tie\u0161i no pedago\u0123isk\u0101 aspekta, kur\u0101 visbie\u017e\u0101k tiek izmantotas izlau\u0161an\u0101s istabas, izgl\u0101b\u0161an\u0101s istabas vai gl\u0101b\u0161anas pam\u0101c\u012bbas, jo tie ir vispraktisk\u0101k izveidojamie un vienk\u0101r\u0161\u0101k izmantojamie varianti izgl\u012bt\u012bbas satura kontekst\u0101.<\/p>\n<p>[\/et_pb_text][et_pb_text _builder_version=&#8221;4.6.6&#8243; _module_preset=&#8221;default&#8221;]<\/p>\n<p>Lai gan izlau\u0161an\u0101s istabu izveido\u0161ana prasa ilgu laiku, t\u0101s var rad\u012bt skol\u0113nu interesi un motiv\u0101ciju STEAM m\u0101c\u012bbu priek\u0161metu apguvei, kam piem\u012bt ilgtermi\u0146a pozit\u012bva iedarb\u012bba, \u012bstenojot STEAM m\u0113r\u0137us, k\u0101 ar\u012b t\u0101s var tikt izmantotas atk\u0101rtoti, l\u012bdz ar to k\u013c\u016bstot par lielisku invest\u012bciju m\u0101c\u012bbu proces\u0101. <\/p>\n<p>[\/et_pb_text][et_pb_text _builder_version=&#8221;4.6.6&#8243; _module_preset=&#8221;default&#8221; hover_enabled=&#8221;0&#8243; sticky_enabled=&#8221;0&#8243;]<\/p>\n<p>\u0160aj\u0101 izlau\u0161an\u0101s istabu rokasgr\u0101mat\u0101 tiek apl\u016bkota \u0161o istabu strukt\u016bra, nepiecie\u0161amie sagatavo\u0161anas darbi, iek\u0101rtojums, pielietojums un m\u0101c\u012bbu satura iek\u013cau\u0161anas aspekti.<\/p>\n<p>[\/et_pb_text][et_pb_text _builder_version=&#8221;4.6.6&#8243; _module_preset=&#8221;default&#8221;]<\/p>\n<p>Sav\u0101 turpm\u0101kaj\u0101 darb\u012bb\u0101 j\u016bs sp\u0113siet pielietot visus \u0161eit dotos ieteikumus, kas paredz\u0113ti tie\u0161i jaunu izlau\u0161an\u0101s istabu izveidei. Pateicoties savai dabiskajai daudzpus\u012bbai, izlau\u0161an\u0101s istabas sp\u0113s sniegt atbalstu jebkura m\u0101c\u012bbu priek\u0161meta apguv\u0113 da\u017e\u0101d\u0101s vecuma grup\u0101s.<\/p>\n<p>[\/et_pb_text][et_pb_text _builder_version=&#8221;4.6.6&#8243; _module_preset=&#8221;default&#8221;]<\/p>\n<p>\u0160\u012a izlau\u0161an\u0101s istabu izveides rokasgr\u0101mata un e-m\u0101c\u012bbu modulis pal\u012bdz\u0113s soli pa solim j\u016bsu pa\u0161u izlau\u0161an\u0101s istabas izveid\u0113, kam\u0113r STEAM m\u0101c\u012bbu metodika pal\u012bdz\u0113s izstr\u0101d\u0101t scen\u0101rijus un t\u0113lus, kas b\u016bs nepiecie\u0161ami tie\u0161i j\u016bsu izlau\u0161an\u0101s istabai. \u0160\u012a rokasgr\u0101mata pied\u0101v\u0101 iesp\u0113jamo scen\u0101riju un pam\u0101c\u012bbu komplektus, k\u0101 ar\u012b ilustr\u0113 praktisko pielietojumu m\u0101c\u012bbu vid\u0113, lai sniegtu ikvienam visus nepiecie\u0161amos instrumentus, kas nepiecie\u0161ami, lai rad\u012btu saviem skol\u0113niem iek\u013caujo\u0161u , uz sp\u0113les principa balst\u012btu m\u0101c\u012bbu pieredzi.<\/p>\n<p>[\/et_pb_text][\/et_pb_column][\/et_pb_row][et_pb_row column_structure=&#8221;1_2,1_2&#8243; make_equal=&#8221;on&#8221; custom_padding_last_edited=&#8221;off|desktop&#8221; _builder_version=&#8221;4.6.6&#8243; background_color=&#8221;#ffffff&#8221; width=&#8221;100%&#8221; max_width=&#8221;1280px&#8221; custom_padding=&#8221;|50px|180px|50px|false|false&#8221; custom_padding_phone=&#8221;|25px||25px|false|false&#8221; locked=&#8221;off&#8221;][et_pb_column type=&#8221;1_2&#8243; _builder_version=&#8221;4.4.1&#8243;][et_pb_text module_class=&#8221;buttonSection&#8221; _builder_version=&#8221;4.6.6&#8243; _dynamic_attributes=&#8221;link_option_url&#8221; _module_preset=&#8221;default&#8221; text_font=&#8221;|600|||||||&#8221; text_text_color=&#8221;#24449e&#8221; text_line_height=&#8221;4em&#8221; header_font=&#8221;|700|||||||&#8221; header_text_color=&#8221;#24449e&#8221; text_orientation=&#8221;center&#8221; height=&#8221;100%&#8221; custom_padding=&#8221;15px|15px|15px|15px|false|false&#8221; link_option_url=&#8221;@ET-DC@eyJkeW5hbWljIjp0cnVlLCJjb250ZW50IjoicG9zdF9saW5rX3VybF9wYWdlIiwic2V0dGluZ3MiOnsicG9zdF9pZCI6IjIxNjAifX0=@&#8221; border_radii=&#8221;on|5px|5px|5px|5px&#8221; border_width_all=&#8221;2px&#8221; border_color_all=&#8221;#24449e&#8221; box_shadow_style=&#8221;preset3&#8243; box_shadow_vertical=&#8221;20px&#8221; box_shadow_blur=&#8221;40px&#8221; box_shadow_spread=&#8221;-40px&#8221; box_shadow_color=&#8221;#001b51&#8243;]<\/p>\n<div>\n<p style=\"color:#24449e\">Iepriek\u0161\u0113j\u0101 sada\u013ca<\/p>\n<h1>K\u0101 integr\u0113t da\u017e\u0101dus skol\u0113nu profilus<\/h1>\n<\/div>\n<p>[\/et_pb_text][\/et_pb_column][et_pb_column type=&#8221;1_2&#8243; module_class=&#8221;guideTextColumn&#8221; _builder_version=&#8221;4.6.6&#8243;][et_pb_text module_class=&#8221;buttonSection&#8221; _builder_version=&#8221;4.6.6&#8243; _dynamic_attributes=&#8221;link_option_url&#8221; _module_preset=&#8221;default&#8221; text_font=&#8221;|600|||||||&#8221; text_text_color=&#8221;#24449e&#8221; text_line_height=&#8221;4em&#8221; header_font=&#8221;|700|||||||&#8221; header_text_color=&#8221;#24449e&#8221; text_orientation=&#8221;center&#8221; height=&#8221;100%&#8221; custom_padding=&#8221;15px|15px|15px|15px|false|false&#8221; link_option_url=&#8221;@ET-DC@eyJkeW5hbWljIjp0cnVlLCJjb250ZW50IjoicG9zdF9saW5rX3VybF9wYWdlIiwic2V0dGluZ3MiOnsicG9zdF9pZCI6IjIxNjQifX0=@&#8221; border_radii=&#8221;on|5px|5px|5px|5px&#8221; border_width_all=&#8221;2px&#8221; border_color_all=&#8221;#24449e&#8221; box_shadow_style=&#8221;preset3&#8243; box_shadow_vertical=&#8221;20px&#8221; box_shadow_blur=&#8221;40px&#8221; box_shadow_spread=&#8221;-40px&#8221; box_shadow_color=&#8221;#001b51&#8243;]<\/p>\n<div>\n<p style=\"color:#24449e\">N\u0101kam\u0101 sada\u013ca<\/p>\n<h1>Bibliogr\u0101fija<\/h1>\n<\/div>\n<p>[\/et_pb_text][\/et_pb_column][\/et_pb_row][\/et_pb_section]<\/p>\n","protected":false},"excerpt":{"rendered":"<p>Secin\u0101jumiSaturs\u0160obr\u012bd izlau\u0161an\u0101s istabas strauji izplat\u0101s vis\u0101 pasaul\u0113 un k\u013c\u016bst popul\u0101ras k\u0101 inovat\u012bva un iejusties \u013caujo\u0161a pieredze. \u0160\u012b pieredze piesaista visda\u017e\u0101d\u0101k\u0101 vecuma un sl\u0101\u0146u cilv\u0113kus. Izlau\u0161an\u0101s istabu daudzpus\u012bg\u0101s izmanto\u0161anas iesp\u0113jas ir iedvesmoju\u0161as m\u016bs izp\u0113t\u012bt to izmanto\u0161anas iesp\u0113jas m\u0101c\u012bbu proces\u0101, iek\u013caujot izlau\u0161an\u0101s istabas m\u0101c\u012bbu vid\u0113 un iedz\u012bvinot starpdisciplin\u0101ru STEAM izgl\u012bt\u012bbas sist\u0113muPatie\u0161\u0101m, izlau\u0161an\u0101s istabas ir p\u0101rsteidzo\u0161s r\u012bks, kuram [&hellip;]<\/p>\n","protected":false},"author":2,"featured_media":0,"parent":0,"menu_order":0,"comment_status":"closed","ping_status":"closed","template":"","meta":{"_et_pb_use_builder":"on","_et_pb_old_content":"","_et_gb_content_width":"","inline_featured_image":false},"acf":[],"_links":{"self":[{"href":"https:\/\/steamerproject.eu\/lv\/wp-json\/wp\/v2\/pages\/2690"}],"collection":[{"href":"https:\/\/steamerproject.eu\/lv\/wp-json\/wp\/v2\/pages"}],"about":[{"href":"https:\/\/steamerproject.eu\/lv\/wp-json\/wp\/v2\/types\/page"}],"author":[{"embeddable":true,"href":"https:\/\/steamerproject.eu\/lv\/wp-json\/wp\/v2\/users\/2"}],"replies":[{"embeddable":true,"href":"https:\/\/steamerproject.eu\/lv\/wp-json\/wp\/v2\/comments?post=2690"}],"version-history":[{"count":2,"href":"https:\/\/steamerproject.eu\/lv\/wp-json\/wp\/v2\/pages\/2690\/revisions"}],"predecessor-version":[{"id":2692,"href":"https:\/\/steamerproject.eu\/lv\/wp-json\/wp\/v2\/pages\/2690\/revisions\/2692"}],"wp:attachment":[{"href":"https:\/\/steamerproject.eu\/lv\/wp-json\/wp\/v2\/media?parent=2690"}],"curies":[{"name":"wp","href":"https:\/\/api.w.org\/{rel}","templated":true}]}}