{"id":15606,"date":"2022-06-02T10:04:06","date_gmt":"2022-06-02T08:04:06","guid":{"rendered":"https:\/\/steamerproject.eu\/implementation-guide\/"},"modified":"2022-06-02T10:04:21","modified_gmt":"2022-06-02T08:04:21","slug":"implementation-guide","status":"publish","type":"page","link":"https:\/\/steamerproject.eu\/lv\/implementation-guide\/","title":{"rendered":"\u012asteno\u0161anas rokasgr\u0101mata"},"content":{"rendered":"<p>[et_pb_section fb_built=&#8221;1&#8243; _builder_version=&#8221;4.15.1&#8243; _module_preset=&#8221;default&#8221; global_colors_info=&#8221;{}&#8221;][et_pb_row column_structure=&#8221;1_5,3_5,1_5&#8243; _builder_version=&#8221;4.15&#8243; background_color=&#8221;#ffffff&#8221; width=&#8221;100%&#8221; max_width=&#8221;1280px&#8221; module_alignment=&#8221;center&#8221; custom_padding=&#8221;||40px||false|false&#8221; locked=&#8221;off&#8221; global_colors_info=&#8221;{}&#8221;][et_pb_column type=&#8221;1_5&#8243; _builder_version=&#8221;4.15&#8243; global_colors_info=&#8221;{}&#8221;][\/et_pb_column][et_pb_column type=&#8221;3_5&#8243; _builder_version=&#8221;4.15&#8243; global_colors_info=&#8221;{}&#8221;][et_pb_text _builder_version=&#8221;4.15.1&#8243; text_font_size=&#8221;16px&#8221; header_font=&#8221;|700|||||||&#8221; header_text_color=&#8221;#ef6a7b&#8221; text_orientation=&#8221;center&#8221; custom_padding=&#8221;||||false|false&#8221; global_colors_info=&#8221;{}&#8221;]<\/p>\n<h1>\u012asteno\u0161anas rokasgr\u0101mata<\/h1>\n<p>&nbsp;<\/p>\n<p style=\"text-align: left;\">Izpild\u012b\u0161anas rokasgr\u0101matas m\u0113r\u0137is ir par\u0101d\u012bt STEAMER projekta rezult\u0101tus, k\u0101 ar\u012b atsauksmes par pan\u0101kumiem un probl\u0113m\u0101m da\u017e\u0101dos posmos.<\/p>\n<p style=\"text-align: left;\">Pied\u0101v\u0101tie faili ir lapu jeb &#8220;fi\u0161u&#8221; form\u0101t\u0101, ko sniegu\u0161i visi \u0161\u012b projekta partneri.<\/p>\n<p style=\"text-align: left;\">\n J\u016bs atrad\u012bsiet divu veidu lapas:<br \/>\n\u2022 Pieredzes atgriezeniska saite<br \/>\n\u2022 Vadl\u012bnijas \u0161o pedago\u0123isko l\u012bdzek\u013cu ievie\u0161anai sav\u0101 klas\u0113.\n<\/p>\n<p style=\"text-align: left;\">\nVai esat gatavs s\u0101kt?\n<\/p>\n<p>[\/et_pb_text][\/et_pb_column][et_pb_column type=&#8221;1_5&#8243; _builder_version=&#8221;4.15&#8243; global_colors_info=&#8221;{}&#8221;][\/et_pb_column][\/et_pb_row][et_pb_row column_structure=&#8221;1_5,3_5,1_5&#8243; _builder_version=&#8221;4.15&#8243; background_color=&#8221;#ffffff&#8221; width=&#8221;100%&#8221; max_width=&#8221;1280px&#8221; module_alignment=&#8221;center&#8221; custom_padding=&#8221;||40px||false|false&#8221; locked=&#8221;off&#8221; global_colors_info=&#8221;{}&#8221;][et_pb_column type=&#8221;1_5&#8243; _builder_version=&#8221;4.15&#8243; global_colors_info=&#8221;{}&#8221;][\/et_pb_column][et_pb_column type=&#8221;3_5&#8243; _builder_version=&#8221;4.15&#8243; global_colors_info=&#8221;{}&#8221;][et_pb_text _builder_version=&#8221;4.15.1&#8243; text_font_size=&#8221;16px&#8221; header_font=&#8221;|700|||||||&#8221; header_text_color=&#8221;#ef6a7b&#8221; header_2_font=&#8221;|700|||||||&#8221; header_2_text_color=&#8221;#24449e&#8221; text_orientation=&#8221;center&#8221; custom_padding=&#8221;||||false|false&#8221; locked=&#8221;off&#8221; global_colors_info=&#8221;{}&#8221;]<\/p>\n<h2>Pieredzes atgriezeniska saite<\/h2>\n<p>[\/et_pb_text][\/et_pb_column][et_pb_column type=&#8221;1_5&#8243; _builder_version=&#8221;4.15&#8243; global_colors_info=&#8221;{}&#8221;][\/et_pb_column][\/et_pb_row][et_pb_row column_structure=&#8221;1_4,1_4,1_4,1_4&#8243; _builder_version=&#8221;4.15.1&#8243; background_color=&#8221;#ffffff&#8221; width=&#8221;100%&#8221; max_width=&#8221;1280px&#8221; module_alignment=&#8221;center&#8221; custom_padding=&#8221;||40px||false|false&#8221; locked=&#8221;off&#8221; global_colors_info=&#8221;{}&#8221;][et_pb_column type=&#8221;1_4&#8243; _builder_version=&#8221;4.15.1&#8243; custom_padding=&#8221;10px|10px|10px|10px|true|true&#8221; global_colors_info=&#8221;{}&#8221;][et_pb_image src=&#8221;https:\/\/steamerproject.eu\/wp-content\/uploads\/2022\/05\/Capture-de\u0301cran-2022-05-31-a\u0300-12.45.23.png&#8221; title_text=&#8221;Capture d\u2019e\u0301cran 2022-05-31 a\u0300 12.45.23&#8243; show_in_lightbox=&#8221;on&#8221; _builder_version=&#8221;4.15.1&#8243; _module_preset=&#8221;default&#8221; locked=&#8221;off&#8221; global_colors_info=&#8221;{}&#8221;][\/et_pb_image][et_pb_text _builder_version=&#8221;4.15.1&#8243; _module_preset=&#8221;default&#8221; header_2_font=&#8221;|700|||||||&#8221; header_2_text_color=&#8221;#24449e&#8221; header_2_font_size=&#8221;18px&#8221; header_2_line_height=&#8221;1.2em&#8221; global_colors_info=&#8221;{}&#8221;]<\/p>\n<h2>Be\u013c\u0123ija<\/h2>\n<p>[\/et_pb_text][et_pb_code _builder_version=&#8221;4.15.1&#8243; _module_preset=&#8221;default&#8221; text_orientation=&#8221;center&#8221; global_colors_info=&#8221;{}&#8221;]    <\/p>\n<div class=\"button-partners-container\"><!-- [et_pb_line_break_holder] --><a href=\"https:\/\/steamerproject.eu\/wp-content\/uploads\/2022\/06\/IO6_Return-on-Experience-sheet_Belgium-LV.pdf\">Lejupiel\u0101d\u0113t<\/a><!-- [et_pb_line_break_holder] -->    <\/div>\n<p>[\/et_pb_code][\/et_pb_column][et_pb_column type=&#8221;1_4&#8243; _builder_version=&#8221;4.15.1&#8243; custom_padding=&#8221;10px|10px|10px|10px|true|true&#8221; global_colors_info=&#8221;{}&#8221;][et_pb_image src=&#8221;https:\/\/steamerproject.eu\/wp-content\/uploads\/2022\/05\/Capture-de\u0301cran-2022-05-31-a\u0300-12.45.33.png&#8221; title_text=&#8221;Capture d\u2019e\u0301cran 2022-05-31 a\u0300 12.45.33&#8243; show_in_lightbox=&#8221;on&#8221; _builder_version=&#8221;4.15.1&#8243; _module_preset=&#8221;default&#8221; locked=&#8221;off&#8221; global_colors_info=&#8221;{}&#8221;][\/et_pb_image][et_pb_text _builder_version=&#8221;4.15.1&#8243; _module_preset=&#8221;default&#8221; header_2_font=&#8221;|700|||||||&#8221; header_2_text_color=&#8221;#24449e&#8221; header_2_font_size=&#8221;18px&#8221; header_2_line_height=&#8221;1.2em&#8221; global_colors_info=&#8221;{}&#8221;]<\/p>\n<h2>Bulg\u0101rija<\/h2>\n<p>[\/et_pb_text][et_pb_code _builder_version=&#8221;4.15.1&#8243; _module_preset=&#8221;default&#8221; text_orientation=&#8221;center&#8221; global_colors_info=&#8221;{}&#8221;]    <\/p>\n<div class=\"button-partners-container\"><!-- [et_pb_line_break_holder] --><a href=\"https:\/\/steamerproject.eu\/wp-content\/uploads\/2022\/06\/IO6_Return-on-Experience-sheet_Bulgaria-LV.pdf\">Lejupiel\u0101d\u0113t<\/a><!-- [et_pb_line_break_holder] -->    <\/div>\n<p>[\/et_pb_code][\/et_pb_column][et_pb_column type=&#8221;1_4&#8243; _builder_version=&#8221;4.15.1&#8243; custom_padding=&#8221;10px|10px|10px|10px|true|true&#8221; global_colors_info=&#8221;{}&#8221;][et_pb_image src=&#8221;https:\/\/steamerproject.eu\/wp-content\/uploads\/2022\/05\/Capture-de\u0301cran-2022-05-31-a\u0300-12.45.43.png&#8221; title_text=&#8221;Capture d\u2019e\u0301cran 2022-05-31 a\u0300 12.45.43&#8243; show_in_lightbox=&#8221;on&#8221; _builder_version=&#8221;4.15.1&#8243; _module_preset=&#8221;default&#8221; global_colors_info=&#8221;{}&#8221;][\/et_pb_image][et_pb_text _builder_version=&#8221;4.15.1&#8243; _module_preset=&#8221;default&#8221; header_2_font=&#8221;|700|||||||&#8221; header_2_text_color=&#8221;#24449e&#8221; header_2_font_size=&#8221;18px&#8221; header_2_line_height=&#8221;1.2em&#8221; global_colors_info=&#8221;{}&#8221;]<\/p>\n<h2>Kipra<\/h2>\n<p>[\/et_pb_text][et_pb_code _builder_version=&#8221;4.15.1&#8243; _module_preset=&#8221;default&#8221; text_orientation=&#8221;center&#8221; global_colors_info=&#8221;{}&#8221;]    <\/p>\n<div class=\"button-partners-container\"><!-- [et_pb_line_break_holder] --><a href=\"https:\/\/steamerproject.eu\/wp-content\/uploads\/2022\/06\/IO6_Return-on-Experience-sheet_Cyprus-LV.pdf\">Lejupiel\u0101d\u0113t<\/a><!-- [et_pb_line_break_holder] -->    <\/div>\n<p>[\/et_pb_code][\/et_pb_column][et_pb_column type=&#8221;1_4&#8243; _builder_version=&#8221;4.15.1&#8243; custom_padding=&#8221;10px|10px|10px|10px|true|true&#8221; global_colors_info=&#8221;{}&#8221;][et_pb_image src=&#8221;https:\/\/steamerproject.eu\/wp-content\/uploads\/2022\/05\/Capture-de\u0301cran-2022-05-31-a\u0300-12.45.55.png&#8221; title_text=&#8221;Capture d\u2019e\u0301cran 2022-05-31 a\u0300 12.45.55&#8243; show_in_lightbox=&#8221;on&#8221; _builder_version=&#8221;4.15.1&#8243; _module_preset=&#8221;default&#8221; locked=&#8221;off&#8221; global_colors_info=&#8221;{}&#8221;][\/et_pb_image][et_pb_text _builder_version=&#8221;4.15.1&#8243; _module_preset=&#8221;default&#8221; header_2_font=&#8221;|700|||||||&#8221; header_2_text_color=&#8221;#24449e&#8221; header_2_font_size=&#8221;18px&#8221; header_2_line_height=&#8221;1.2em&#8221; global_colors_info=&#8221;{}&#8221;]<\/p>\n<h2>Francija<\/h2>\n<p>[\/et_pb_text][et_pb_code _builder_version=&#8221;4.15.1&#8243; _module_preset=&#8221;default&#8221; text_orientation=&#8221;center&#8221; global_colors_info=&#8221;{}&#8221;]    <\/p>\n<div class=\"button-partners-container\"><!-- [et_pb_line_break_holder] --><a href=\"https:\/\/steamerproject.eu\/wp-content\/uploads\/2022\/06\/IO6_Return-on-Experience-sheet_France-LV.pdf\">Lejupiel\u0101d\u0113t<\/a><!-- [et_pb_line_break_holder] -->    <\/div>\n<p>[\/et_pb_code][\/et_pb_column][\/et_pb_row][et_pb_row column_structure=&#8221;1_4,1_4,1_4,1_4&#8243; _builder_version=&#8221;4.15.1&#8243; background_color=&#8221;#ffffff&#8221; width=&#8221;100%&#8221; max_width=&#8221;1280px&#8221; module_alignment=&#8221;center&#8221; custom_padding=&#8221;||40px||false|false&#8221; locked=&#8221;off&#8221; global_colors_info=&#8221;{}&#8221;][et_pb_column type=&#8221;1_4&#8243; _builder_version=&#8221;4.15.1&#8243; custom_padding=&#8221;10px|10px|10px|10px|true|true&#8221; global_colors_info=&#8221;{}&#8221;][et_pb_image src=&#8221;https:\/\/steamerproject.eu\/wp-content\/uploads\/2022\/05\/Capture-de\u0301cran-2022-05-31-a\u0300-12.46.05.png&#8221; title_text=&#8221;Capture d\u2019e\u0301cran 2022-05-31 a\u0300 12.46.05&#8243; show_in_lightbox=&#8221;on&#8221; _builder_version=&#8221;4.15.1&#8243; _module_preset=&#8221;default&#8221; locked=&#8221;off&#8221; global_colors_info=&#8221;{}&#8221;][\/et_pb_image][et_pb_text _builder_version=&#8221;4.15.1&#8243; _module_preset=&#8221;default&#8221; header_2_font=&#8221;|700|||||||&#8221; header_2_text_color=&#8221;#24449e&#8221; header_2_font_size=&#8221;18px&#8221; header_2_line_height=&#8221;1.2em&#8221; global_colors_info=&#8221;{}&#8221;]<\/p>\n<h2>It\u0101lija<\/h2>\n<p>[\/et_pb_text][et_pb_code _builder_version=&#8221;4.15.1&#8243; _module_preset=&#8221;default&#8221; text_orientation=&#8221;center&#8221; global_colors_info=&#8221;{}&#8221;]    <\/p>\n<div class=\"button-partners-container\"><!-- [et_pb_line_break_holder] --><a href=\"https:\/\/steamerproject.eu\/wp-content\/uploads\/2022\/06\/IO6_Return-on-Experience-sheet_Italy-LV.pdf\">Lejupiel\u0101d\u0113t<\/a><!-- [et_pb_line_break_holder] -->    <\/div>\n<p>[\/et_pb_code][\/et_pb_column][et_pb_column type=&#8221;1_4&#8243; _builder_version=&#8221;4.15.1&#8243; custom_padding=&#8221;10px|10px|10px|10px|true|true&#8221; global_colors_info=&#8221;{}&#8221;][et_pb_image src=&#8221;https:\/\/steamerproject.eu\/wp-content\/uploads\/2022\/05\/Capture-de\u0301cran-2022-05-31-a\u0300-12.46.13.png&#8221; title_text=&#8221;Capture d\u2019e\u0301cran 2022-05-31 a\u0300 12.46.13&#8243; show_in_lightbox=&#8221;on&#8221; _builder_version=&#8221;4.15.1&#8243; _module_preset=&#8221;default&#8221; locked=&#8221;off&#8221; global_colors_info=&#8221;{}&#8221;][\/et_pb_image][et_pb_text _builder_version=&#8221;4.15.1&#8243; _module_preset=&#8221;default&#8221; header_2_font=&#8221;|700|||||||&#8221; header_2_text_color=&#8221;#24449e&#8221; header_2_font_size=&#8221;18px&#8221; header_2_line_height=&#8221;1.2em&#8221; global_colors_info=&#8221;{}&#8221;]<\/p>\n<h2>Latvija<\/h2>\n<p>[\/et_pb_text][et_pb_code _builder_version=&#8221;4.15.1&#8243; _module_preset=&#8221;default&#8221; text_orientation=&#8221;center&#8221; global_colors_info=&#8221;{}&#8221;]    <\/p>\n<div class=\"button-partners-container\"><!-- [et_pb_line_break_holder] --><a href=\"https:\/\/steamerproject.eu\/wp-content\/uploads\/2022\/06\/IO6-Return-on-Experience-sheet_Latvia-LV.pdf\">Lejupiel\u0101d\u0113t<\/a><!-- [et_pb_line_break_holder] -->    <\/div>\n<p>[\/et_pb_code][\/et_pb_column][et_pb_column type=&#8221;1_4&#8243; _builder_version=&#8221;4.15.1&#8243; custom_padding=&#8221;10px|10px|10px|10px|true|true&#8221; global_colors_info=&#8221;{}&#8221;][\/et_pb_column][et_pb_column type=&#8221;1_4&#8243; _builder_version=&#8221;4.15.1&#8243; custom_padding=&#8221;10px|10px|10px|10px|true|true&#8221; global_colors_info=&#8221;{}&#8221;][\/et_pb_column][\/et_pb_row][et_pb_row column_structure=&#8221;1_5,3_5,1_5&#8243; _builder_version=&#8221;4.15&#8243; background_color=&#8221;#ffffff&#8221; width=&#8221;100%&#8221; max_width=&#8221;1280px&#8221; module_alignment=&#8221;center&#8221; custom_padding=&#8221;||40px||false|false&#8221; locked=&#8221;off&#8221; global_colors_info=&#8221;{}&#8221;][et_pb_column type=&#8221;1_5&#8243; _builder_version=&#8221;4.15&#8243; global_colors_info=&#8221;{}&#8221;][\/et_pb_column][et_pb_column type=&#8221;3_5&#8243; _builder_version=&#8221;4.15&#8243; global_colors_info=&#8221;{}&#8221;][et_pb_text _builder_version=&#8221;4.15.1&#8243; text_font_size=&#8221;16px&#8221; header_font=&#8221;|700|||||||&#8221; header_text_color=&#8221;#ef6a7b&#8221; header_2_font=&#8221;|700|||||||&#8221; header_2_text_color=&#8221;#24449e&#8221; text_orientation=&#8221;center&#8221; custom_padding=&#8221;||||false|false&#8221; locked=&#8221;off&#8221; global_colors_info=&#8221;{}&#8221;]<\/p>\n<h2>Vadl\u012bnijas<\/h2>\n<p>[\/et_pb_text][\/et_pb_column][et_pb_column type=&#8221;1_5&#8243; _builder_version=&#8221;4.15&#8243; global_colors_info=&#8221;{}&#8221;][\/et_pb_column][\/et_pb_row][et_pb_row column_structure=&#8221;1_4,1_4,1_4,1_4&#8243; _builder_version=&#8221;4.15.1&#8243; background_color=&#8221;#ffffff&#8221; width=&#8221;100%&#8221; max_width=&#8221;1280px&#8221; module_alignment=&#8221;center&#8221; custom_padding=&#8221;||40px||false|false&#8221; locked=&#8221;off&#8221; global_colors_info=&#8221;{}&#8221;][et_pb_column type=&#8221;1_4&#8243; _builder_version=&#8221;4.15.1&#8243; custom_padding=&#8221;10px|10px|10px|10px|true|true&#8221; global_colors_info=&#8221;{}&#8221;][et_pb_image src=&#8221;https:\/\/steamerproject.eu\/wp-content\/uploads\/2022\/05\/Capture-de\u0301cran-2022-05-31-a\u0300-12.52.33.png&#8221; title_text=&#8221;Capture d\u2019e\u0301cran 2022-05-31 a\u0300 12.52.33&#8243; show_in_lightbox=&#8221;on&#8221; _builder_version=&#8221;4.15.1&#8243; _module_preset=&#8221;default&#8221; locked=&#8221;off&#8221; global_colors_info=&#8221;{}&#8221;][\/et_pb_image][et_pb_text _builder_version=&#8221;4.15.1&#8243; _module_preset=&#8221;default&#8221; header_2_font=&#8221;|700|||||||&#8221; header_2_text_color=&#8221;#24449e&#8221; header_2_font_size=&#8221;18px&#8221; header_2_line_height=&#8221;1.2em&#8221; global_colors_info=&#8221;{}&#8221;]<\/p>\n<h2>Kas skolot\u0101jam iepriek\u0161 j\u0101sagatavo (ER (Escape Room) izveidei)?<\/h2>\n<p>[\/et_pb_text][et_pb_code _builder_version=&#8221;4.15.1&#8243; _module_preset=&#8221;default&#8221; text_orientation=&#8221;center&#8221; global_colors_info=&#8221;{}&#8221;]    <\/p>\n<div class=\"button-partners-container\"><!-- [et_pb_line_break_holder] --><a href=\"https:\/\/steamerproject.eu\/wp-content\/uploads\/2022\/06\/1.-What-does-the-teacher-need-to-prepare-V2-LV.pdf\">Lejupiel\u0101d\u0113t<\/a><!-- [et_pb_line_break_holder] -->    <\/div>\n<p>[\/et_pb_code][\/et_pb_column][et_pb_column type=&#8221;1_4&#8243; _builder_version=&#8221;4.15.1&#8243; custom_padding=&#8221;10px|10px|10px|10px|true|true&#8221; global_colors_info=&#8221;{}&#8221;][et_pb_image src=&#8221;https:\/\/steamerproject.eu\/wp-content\/uploads\/2022\/05\/Capture-de\u0301cran-2022-05-31-a\u0300-12.52.42.png&#8221; title_text=&#8221;Capture d\u2019e\u0301cran 2022-05-31 a\u0300 12.52.42&#8243; show_in_lightbox=&#8221;on&#8221; _builder_version=&#8221;4.15.1&#8243; _module_preset=&#8221;default&#8221; locked=&#8221;off&#8221; global_colors_info=&#8221;{}&#8221;][\/et_pb_image][et_pb_text _builder_version=&#8221;4.15.1&#8243; _module_preset=&#8221;default&#8221; header_2_font=&#8221;|700|||||||&#8221; header_2_text_color=&#8221;#24449e&#8221; header_2_font_size=&#8221;18px&#8221; header_2_line_height=&#8221;1.2em&#8221; global_colors_info=&#8221;{}&#8221;]<\/p>\n<h2>K\u0101 sazin\u0101ties ar skolas infrastrukt\u016bru un kol\u0113\u0123iem?<\/h2>\n<p>[\/et_pb_text][et_pb_code _builder_version=&#8221;4.15.1&#8243; _module_preset=&#8221;default&#8221; text_orientation=&#8221;center&#8221; global_colors_info=&#8221;{}&#8221;]    <\/p>\n<div class=\"button-partners-container\"><!-- [et_pb_line_break_holder] --><a href=\"https:\/\/steamerproject.eu\/wp-content\/uploads\/2022\/06\/2.-How-to-communicate-with-the-schools-infrastructure-and-colleagues-V2-LV.pdf\">Lejupiel\u0101d\u0113t<\/a><!-- [et_pb_line_break_holder] -->    <\/div>\n<p>[\/et_pb_code][\/et_pb_column][et_pb_column type=&#8221;1_4&#8243; _builder_version=&#8221;4.15.1&#8243; custom_padding=&#8221;10px|10px|10px|10px|true|true&#8221; global_colors_info=&#8221;{}&#8221;][et_pb_image src=&#8221;https:\/\/steamerproject.eu\/wp-content\/uploads\/2022\/05\/Capture-de\u0301cran-2022-05-31-a\u0300-12.52.52.png&#8221; title_text=&#8221;Capture d\u2019e\u0301cran 2022-05-31 a\u0300 12.52.52&#8243; show_in_lightbox=&#8221;on&#8221; _builder_version=&#8221;4.15.1&#8243; _module_preset=&#8221;default&#8221; global_colors_info=&#8221;{}&#8221;][\/et_pb_image][et_pb_text _builder_version=&#8221;4.15.1&#8243; _module_preset=&#8221;default&#8221; header_2_font=&#8221;|700|||||||&#8221; header_2_text_color=&#8221;#24449e&#8221; header_2_font_size=&#8221;18px&#8221; header_2_line_height=&#8221;1.2em&#8221; global_colors_info=&#8221;{}&#8221;]<\/p>\n<h2>K\u0101das potenci\u0101l\u0101s partner\u012bbas ar \u0101r\u0113jiem dal\u012bbniekiem\/vec\u0101kiem\/ieinteres\u0113taj\u0101m person\u0101m j\u016bs varat izveidot un k\u0101?<\/h2>\n<p>[\/et_pb_text][et_pb_code _builder_version=&#8221;4.15.1&#8243; _module_preset=&#8221;default&#8221; text_orientation=&#8221;center&#8221; global_colors_info=&#8221;{}&#8221;]    <\/p>\n<div class=\"button-partners-container\"><!-- [et_pb_line_break_holder] --><a href=\"https:\/\/steamerproject.eu\/wp-content\/uploads\/2022\/06\/3.-What-potential-partnerships-with-exterior-actors-parents-stakeholders-can-you-make-and-how-V2-LV.pdf\">Lejupiel\u0101d\u0113t<\/a><!-- [et_pb_line_break_holder] -->    <\/div>\n<p>[\/et_pb_code][\/et_pb_column][et_pb_column type=&#8221;1_4&#8243; _builder_version=&#8221;4.15.1&#8243; custom_padding=&#8221;10px|10px|10px|10px|true|true&#8221; global_colors_info=&#8221;{}&#8221;][et_pb_image src=&#8221;https:\/\/steamerproject.eu\/wp-content\/uploads\/2022\/05\/Capture-de\u0301cran-2022-05-31-a\u0300-12.53.04.png&#8221; title_text=&#8221;Capture d\u2019e\u0301cran 2022-05-31 a\u0300 12.53.04&#8243; show_in_lightbox=&#8221;on&#8221; _builder_version=&#8221;4.15.1&#8243; _module_preset=&#8221;default&#8221; locked=&#8221;off&#8221; global_colors_info=&#8221;{}&#8221;][\/et_pb_image][et_pb_text _builder_version=&#8221;4.15.1&#8243; _module_preset=&#8221;default&#8221; header_2_font=&#8221;|700|||||||&#8221; header_2_text_color=&#8221;#24449e&#8221; header_2_font_size=&#8221;18px&#8221; header_2_line_height=&#8221;1.2em&#8221; hover_enabled=&#8221;0&#8243; global_colors_info=&#8221;{}&#8221; sticky_enabled=&#8221;0&#8243;]<\/p>\n<h2>K\u0101 sagatavot izlau\u0161an\u0101s sesiju ar skol\u0113niem?<\/h2>\n<p>[\/et_pb_text][et_pb_code _builder_version=&#8221;4.15.1&#8243; _module_preset=&#8221;default&#8221; text_orientation=&#8221;center&#8221; hover_enabled=&#8221;0&#8243; global_colors_info=&#8221;{}&#8221; sticky_enabled=&#8221;0&#8243;]    <\/p>\n<div class=\"button-partners-container\"><!-- [et_pb_line_break_holder] --><a href=\"https:\/\/steamerproject.eu\/wp-content\/uploads\/2022\/06\/4.-How-to-prepare-the-ER-session-with-the-students-V2-LV.pdf\">Lejupiel\u0101d\u0113t<\/a><!-- [et_pb_line_break_holder] -->    <\/div>\n<p>[\/et_pb_code][\/et_pb_column][\/et_pb_row][et_pb_row column_structure=&#8221;1_4,1_4,1_4,1_4&#8243; _builder_version=&#8221;4.15.1&#8243; background_color=&#8221;#ffffff&#8221; width=&#8221;100%&#8221; max_width=&#8221;1280px&#8221; module_alignment=&#8221;center&#8221; custom_padding=&#8221;||40px||false|false&#8221; locked=&#8221;off&#8221; global_colors_info=&#8221;{}&#8221;][et_pb_column type=&#8221;1_4&#8243; _builder_version=&#8221;4.15.1&#8243; custom_padding=&#8221;10px|10px|10px|10px|true|true&#8221; global_colors_info=&#8221;{}&#8221;][et_pb_image src=&#8221;https:\/\/steamerproject.eu\/wp-content\/uploads\/2022\/05\/Capture-de\u0301cran-2022-05-31-a\u0300-12.53.16.png&#8221; title_text=&#8221;Capture d\u2019e\u0301cran 2022-05-31 a\u0300 12.53.16&#8243; show_in_lightbox=&#8221;on&#8221; _builder_version=&#8221;4.15.1&#8243; _module_preset=&#8221;default&#8221; hover_enabled=&#8221;0&#8243; locked=&#8221;off&#8221; global_colors_info=&#8221;{}&#8221; sticky_enabled=&#8221;0&#8243;][\/et_pb_image][et_pb_text _builder_version=&#8221;4.15.1&#8243; _module_preset=&#8221;default&#8221; header_2_font=&#8221;|700|||||||&#8221; header_2_text_color=&#8221;#24449e&#8221; header_2_font_size=&#8221;18px&#8221; header_2_line_height=&#8221;1.2em&#8221; hover_enabled=&#8221;0&#8243; global_colors_info=&#8221;{}&#8221; sticky_enabled=&#8221;0&#8243;]<\/p>\n<h2>K\u0101di ir praktiskie \u012bsteno\u0161anas padomi (telpas iestat\u012b\u0161ana utt.)?<\/h2>\n<p>[\/et_pb_text][et_pb_code _builder_version=&#8221;4.15.1&#8243; _module_preset=&#8221;default&#8221; text_orientation=&#8221;center&#8221; hover_enabled=&#8221;0&#8243; global_colors_info=&#8221;{}&#8221; sticky_enabled=&#8221;0&#8243;]    <\/p>\n<div class=\"button-partners-container\"><!-- [et_pb_line_break_holder] --><a href=\"https:\/\/steamerproject.eu\/wp-content\/uploads\/2022\/06\/5.-What-are-the-practical-implementation-tips-room-setup-etc.-V2-LV.pdf\">Lejupiel\u0101d\u0113t<\/a><!-- [et_pb_line_break_holder] -->    <\/div>\n<p>[\/et_pb_code][\/et_pb_column][et_pb_column type=&#8221;1_4&#8243; _builder_version=&#8221;4.15.1&#8243; custom_padding=&#8221;10px|10px|10px|10px|true|true&#8221; global_colors_info=&#8221;{}&#8221;][et_pb_image src=&#8221;https:\/\/steamerproject.eu\/wp-content\/uploads\/2022\/05\/Capture-de\u0301cran-2022-05-31-a\u0300-12.53.25.png&#8221; title_text=&#8221;Capture d\u2019e\u0301cran 2022-05-31 a\u0300 12.53.25&#8243; show_in_lightbox=&#8221;on&#8221; _builder_version=&#8221;4.15.1&#8243; _module_preset=&#8221;default&#8221; hover_enabled=&#8221;0&#8243; locked=&#8221;off&#8221; global_colors_info=&#8221;{}&#8221; sticky_enabled=&#8221;0&#8243;][\/et_pb_image][et_pb_text _builder_version=&#8221;4.15.1&#8243; _module_preset=&#8221;default&#8221; header_2_font=&#8221;|700|||||||&#8221; header_2_text_color=&#8221;#24449e&#8221; header_2_font_size=&#8221;18px&#8221; header_2_line_height=&#8221;1.2em&#8221; hover_enabled=&#8221;0&#8243; global_colors_info=&#8221;{}&#8221; sticky_enabled=&#8221;0&#8243;]<\/p>\n<h2>Kas jums ir nepiecie\u0161ams, lai iev\u0113rotu dro\u0161\u012bbas pas\u0101kumus un\/vai<br \/>\nnoteikumus?<\/h2>\n<p>[\/et_pb_text][et_pb_code _builder_version=&#8221;4.15.1&#8243; _module_preset=&#8221;default&#8221; text_orientation=&#8221;center&#8221; hover_enabled=&#8221;0&#8243; global_colors_info=&#8221;{}&#8221; sticky_enabled=&#8221;0&#8243;]    <\/p>\n<div class=\"button-partners-container\"><!-- [et_pb_line_break_holder] --><a href=\"https:\/\/steamerproject.eu\/wp-content\/uploads\/2022\/06\/6.-What-do-you-need-to-address-in-the-safety-measures-and-rules-V2-LV.pdf\">Lejupiel\u0101d\u0113t<\/a><!-- [et_pb_line_break_holder] -->    <\/div>\n<p>[\/et_pb_code][\/et_pb_column][et_pb_column type=&#8221;1_4&#8243; _builder_version=&#8221;4.15.1&#8243; custom_padding=&#8221;10px|10px|10px|10px|true|true&#8221; global_colors_info=&#8221;{}&#8221;][et_pb_image src=&#8221;https:\/\/steamerproject.eu\/wp-content\/uploads\/2022\/05\/Capture-de\u0301cran-2022-05-31-a\u0300-12.53.33.png&#8221; title_text=&#8221;Capture d\u2019e\u0301cran 2022-05-31 a\u0300 12.53.33&#8243; show_in_lightbox=&#8221;on&#8221; _builder_version=&#8221;4.15.1&#8243; _module_preset=&#8221;default&#8221; hover_enabled=&#8221;0&#8243; global_colors_info=&#8221;{}&#8221; sticky_enabled=&#8221;0&#8243;][\/et_pb_image][et_pb_text _builder_version=&#8221;4.15.1&#8243; _module_preset=&#8221;default&#8221; header_2_font=&#8221;|700|||||||&#8221; header_2_text_color=&#8221;#24449e&#8221; header_2_font_size=&#8221;18px&#8221; header_2_line_height=&#8221;1.2em&#8221; hover_enabled=&#8221;0&#8243; global_colors_info=&#8221;{}&#8221; sticky_enabled=&#8221;0&#8243;]<\/p>\n<h2>K\u0101 g\u016bt labumu no izlau\u0161an\u0101s istabas?<\/h2>\n<p>[\/et_pb_text][et_pb_code _builder_version=&#8221;4.15.1&#8243; _module_preset=&#8221;default&#8221; text_orientation=&#8221;center&#8221; hover_enabled=&#8221;0&#8243; global_colors_info=&#8221;{}&#8221; sticky_enabled=&#8221;0&#8243;]    <\/p>\n<div class=\"button-partners-container\"><!-- [et_pb_line_break_holder] --><a href=\"https:\/\/steamerproject.eu\/wp-content\/uploads\/2022\/06\/7.-How-to-capitalise-on-the-ER-after-the-escape-room-V2-LV.pdf\">Lejupiel\u0101d\u0113t<\/a><!-- [et_pb_line_break_holder] -->    <\/div>\n<p>[\/et_pb_code][\/et_pb_column][et_pb_column type=&#8221;1_4&#8243; _builder_version=&#8221;4.15.1&#8243; custom_padding=&#8221;10px|10px|10px|10px|true|true&#8221; global_colors_info=&#8221;{}&#8221;][\/et_pb_column][\/et_pb_row][\/et_pb_section]<\/p>\n","protected":false},"excerpt":{"rendered":"<p>\u012asteno\u0161anas rokasgr\u0101mata &nbsp; Izpild\u012b\u0161anas rokasgr\u0101matas m\u0113r\u0137is ir par\u0101d\u012bt STEAMER projekta rezult\u0101tus, k\u0101 ar\u012b atsauksmes par pan\u0101kumiem un probl\u0113m\u0101m da\u017e\u0101dos posmos. Pied\u0101v\u0101tie faili ir lapu jeb &#8220;fi\u0161u&#8221; form\u0101t\u0101, ko sniegu\u0161i visi \u0161\u012b projekta partneri. J\u016bs atrad\u012bsiet divu veidu lapas: \u2022 Pieredzes atgriezeniska saite \u2022 Vadl\u012bnijas \u0161o pedago\u0123isko l\u012bdzek\u013cu ievie\u0161anai sav\u0101 klas\u0113. Vai esat gatavs s\u0101kt? Pieredzes [&hellip;]<\/p>\n","protected":false},"author":1,"featured_media":0,"parent":0,"menu_order":0,"comment_status":"closed","ping_status":"closed","template":"","meta":{"_et_pb_use_builder":"on","_et_pb_old_content":"","_et_gb_content_width":"","inline_featured_image":false},"acf":[],"_links":{"self":[{"href":"https:\/\/steamerproject.eu\/lv\/wp-json\/wp\/v2\/pages\/15606"}],"collection":[{"href":"https:\/\/steamerproject.eu\/lv\/wp-json\/wp\/v2\/pages"}],"about":[{"href":"https:\/\/steamerproject.eu\/lv\/wp-json\/wp\/v2\/types\/page"}],"author":[{"embeddable":true,"href":"https:\/\/steamerproject.eu\/lv\/wp-json\/wp\/v2\/users\/1"}],"replies":[{"embeddable":true,"href":"https:\/\/steamerproject.eu\/lv\/wp-json\/wp\/v2\/comments?post=15606"}],"version-history":[{"count":2,"href":"https:\/\/steamerproject.eu\/lv\/wp-json\/wp\/v2\/pages\/15606\/revisions"}],"predecessor-version":[{"id":15608,"href":"https:\/\/steamerproject.eu\/lv\/wp-json\/wp\/v2\/pages\/15606\/revisions\/15608"}],"wp:attachment":[{"href":"https:\/\/steamerproject.eu\/lv\/wp-json\/wp\/v2\/media?parent=15606"}],"curies":[{"name":"wp","href":"https:\/\/api.w.org\/{rel}","templated":true}]}}