{"id":1266,"date":"2020-03-30T15:55:44","date_gmt":"2020-03-30T13:55:44","guid":{"rendered":"https:\/\/steamerproject.eu\/partneri\/"},"modified":"2021-01-14T10:22:36","modified_gmt":"2021-01-14T09:22:36","slug":"partneri","status":"publish","type":"page","link":"https:\/\/steamerproject.eu\/lv\/partneri\/","title":{"rendered":"Partneri"},"content":{"rendered":"<p>[et_pb_section fb_built=&#8221;1&#8243; _builder_version=&#8221;4.4.1&#8243; background_color=&#8221;rgba(0,0,0,0)&#8221; z_index=&#8221;1&#8243; custom_padding=&#8221;||0px||false|false&#8221;][et_pb_row column_structure=&#8221;1_5,3_5,1_5&#8243; _builder_version=&#8221;4.4.1&#8243; background_color=&#8221;#ffffff&#8221; width=&#8221;100%&#8221; max_width=&#8221;1280px&#8221; module_alignment=&#8221;center&#8221; custom_padding=&#8221;||40px||false|false&#8221;][et_pb_column type=&#8221;1_5&#8243; _builder_version=&#8221;4.4.1&#8243;][\/et_pb_column][et_pb_column type=&#8221;3_5&#8243; _builder_version=&#8221;4.4.1&#8243;][et_pb_text _builder_version=&#8221;4.6.6&#8243; text_font_size=&#8221;16px&#8221; header_font=&#8221;|700|||||||&#8221; header_text_color=&#8221;#ef6a7b&#8221; text_orientation=&#8221;center&#8221; custom_padding=&#8221;||||false|false&#8221; hover_enabled=&#8221;0&#8243; sticky_enabled=&#8221;0&#8243;]<\/p>\n<h1>\nPartneri<br \/>\n<\/h1>\n<p><\/p>\n<p>STEAMER intelektu\u0101lais rezult\u0101ts tapis Eiropas konsorcij\u0101, peteicoties ERASMUS+ KA2 programmas atbalstam skolu izgl\u012bt\u012bbai un inov\u0101ciju veicin\u0101\u0161anai, sadarbojoties se\u0161\u0101m publiskaj\u0101m un priv\u0101taj\u0101m da\u017e\u0101du Eiropas valstu organiz\u0101cij\u0101m no Francijas, Be\u013c\u0123ijas, Bulg\u0101rijas, It\u0101lijas, Latvijas un Kipras.\n<\/p>\n<p>[\/et_pb_text][\/et_pb_column][et_pb_column type=&#8221;1_5&#8243; _builder_version=&#8221;4.4.1&#8243;][\/et_pb_column][\/et_pb_row][et_pb_row column_structure=&#8221;1_2,1_2&#8243; _builder_version=&#8221;4.4.1&#8243; background_color=&#8221;#ffffff&#8221; width=&#8221;100%&#8221; max_width=&#8221;1280px&#8221; module_alignment=&#8221;center&#8221; custom_padding=&#8221;||40px||false|false&#8221;][et_pb_column type=&#8221;1_2&#8243; _builder_version=&#8221;4.4.1&#8243;][et_pb_code _builder_version=&#8221;4.4.1&#8243; locked=&#8221;off&#8221;]    <\/p>\n<div class=\"partners-container\"><!-- [et_pb_line_break_holder] -->          <\/p>\n<div class=\"logo-partners-container\"><!-- [et_pb_line_break_holder] -->    <img width=\"100%\"src=\"https:\/\/steamerproject.eu\/wp-content\/uploads\/2020\/03\/Logo_transparent_black-e1584548363458.png\" \/><!-- [et_pb_line_break_holder] -->      <\/div>\n<p><!-- [et_pb_line_break_holder] -->         <\/p>\n<div class=\"text-partners-container\">   <pee>LogoPsyCom ir Be\u013c\u0123ijas organiz\u0101cija, kas specializ\u0113jas izgl\u012bt\u012bb\u0101 person\u0101m ar \u012bpa\u0161\u0101m vajadz\u012bb\u0101m, ieskaitot disleksiju, disgr\u0101fiju u.c. Visi runas speci\u0101listi ir eksperti sav\u0101 jom\u0101, kuru ekspert\u012bzes tiek izmantotas kl\u012bnik\u0101s un universit\u0101t\u0113s.<\/pee><!-- [et_pb_line_break_holder] -->      <\/div>\n<p><!-- [et_pb_line_break_holder] -->        <\/p>\n<div class=\"button-partners-container\"><!-- [et_pb_line_break_holder] --><a href=\"https:\/\/logopsycom.com\/fr\/accueil\/\">Website<\/a><!-- [et_pb_line_break_holder] -->    <\/div>\n<p><!-- [et_pb_line_break_holder] -->  <\/div>\n<p><!-- [et_pb_line_break_holder] -->[\/et_pb_code][\/et_pb_column][et_pb_column type=&#8221;1_2&#8243; _builder_version=&#8221;4.4.1&#8243;][et_pb_code _builder_version=&#8221;4.4.1&#8243;]  <\/p>\n<div class=\"partners-container\"><!-- [et_pb_line_break_holder] -->    <\/p>\n<div class=\"logo-partners-container\"><!-- [et_pb_line_break_holder] -->    <img width=\"100%\"src=\"https:\/\/steamerproject.eu\/wp-content\/uploads\/2020\/03\/Logo_Apprimeurs_OK.png\" \/><!-- [et_pb_line_break_holder] -->    <\/div>\n<p><!-- [et_pb_line_break_holder] -->    <\/p>\n<div class=\"text-partners-container\"><!-- [et_pb_line_break_holder] -->     <pee>Les Apprimeurs ir Francijas komp\u0101nija, kas specializ\u0113jas digit\u0101lo risin\u0101jumu kom\u0101, piel\u0101gotu izgl\u012bt\u012bbai, kurlt\u016brai un apm\u0101c\u012bbu sektoram.<\/pee><!-- [et_pb_line_break_holder] -->    <\/div>\n<p>  <!-- [et_pb_line_break_holder] -->    <\/p>\n<div class=\"button-partners-container\"><!-- [et_pb_line_break_holder] --><a href=\"http:\/\/lesapprimeurs.com\/\">Website<\/a><!-- [et_pb_line_break_holder] -->    <\/div>\n<p><!-- [et_pb_line_break_holder] -->      <\/div>\n<p>[\/et_pb_code][\/et_pb_column][\/et_pb_row][et_pb_row column_structure=&#8221;1_2,1_2&#8243; _builder_version=&#8221;4.4.1&#8243; background_color=&#8221;#ffffff&#8221; width=&#8221;100%&#8221; max_width=&#8221;1280px&#8221; module_alignment=&#8221;center&#8221; custom_padding=&#8221;||40px||false|false&#8221;][et_pb_column type=&#8221;1_2&#8243; _builder_version=&#8221;4.4.1&#8243;][et_pb_code _builder_version=&#8221;4.4.2&#8243; locked=&#8221;off&#8221;]    <\/p>\n<div class=\"partners-container\"><!-- [et_pb_line_break_holder] -->          <\/p>\n<div class=\"logo-partners-container\"><!-- [et_pb_line_break_holder] -->    <img width=\"100%\"src=\"https:\/\/steamerproject.eu\/wp-content\/uploads\/2020\/03\/cip-logos1.jpg\" \/><!-- [et_pb_line_break_holder] -->      <\/div>\n<p><!-- [et_pb_line_break_holder] -->         <\/p>\n<div class=\"text-partners-container\">   <pee>Citizens In Power (CIP) ir neatkar\u012bga nevalstiska bezpe\u013c\u0146as organiz\u0101cija no Kipras, kas fokus\u0113ta uz cilv\u0113ku vajadz\u012bb\u0101m un motiv\u0101ciju iesaist\u012bties sabiedr\u012bbas soci\u0101laj\u0101 un pilsoniskaj\u0101 dz\u012bv\u0113. Organiz\u0101cija nodro\u0161ina materi\u0101lus, apm\u0101c\u012bbu jom\u0101s par izgl\u012bt\u012bbu, iek\u013caujo\u0161u sabiedr\u012bbu, uz\u0146\u0113m\u0113jdarb\u012bbu, biznesu, kult\u016bru, darba tirgu un m\u016b\u017eizgl\u012bt\u012bbu.  CIP darb\u012bba galvenok\u0101rt v\u0113rsta uz izgl\u012bt\u012bbas, uz\u0146\u0113m\u0113jdarb\u012bbas, m\u016b\u017eizgl\u012bt\u012bbas att\u012bst\u012bbu Kipr\u0101 un \u0101rvalst\u012bs. Lai nodro\u0161in\u0101tu \u0161o m\u0113r\u0137u sasnieg\u0161anu CIP sadarbojas ar Kipras vado\u0161aj\u0101m universit\u0101t\u0113m, nevalstiskaj\u0101m un p\u0113tniec\u012bbas organiz\u0101cij\u0101m, lai izstr\u0101d\u0101tu projektus un nodro\u0161in\u0101tu nepiecie\u0161amos materi\u0101lus. CIP uztuur v\u0113rt\u012bgu profesion&#8221;a\u013cu, pasniedz\u0113ju, ekspertu t\u012bklu, kam ir pieredze gan form\u0101laj\u0101, gan neform\u0101laj\u0101 izgl\u012bt\u012bb\u0101.<\/pee><!-- [et_pb_line_break_holder] -->      <\/div>\n<p><!-- [et_pb_line_break_holder] -->        <\/p>\n<div class=\"button-partners-container\"><!-- [et_pb_line_break_holder] --><a href=\"https:\/\/www.citizensinpower.org\/\">Website<\/a><!-- [et_pb_line_break_holder] -->    <\/div>\n<p><!-- [et_pb_line_break_holder] -->  <\/div>\n<p><!-- [et_pb_line_break_holder] -->[\/et_pb_code][\/et_pb_column][et_pb_column type=&#8221;1_2&#8243; _builder_version=&#8221;4.4.1&#8243;][et_pb_code _builder_version=&#8221;4.4.2&#8243;]  <\/p>\n<div class=\"partners-container\"><!-- [et_pb_line_break_holder] -->    <\/p>\n<div class=\"logo-partners-container\"><!-- [et_pb_line_break_holder] -->    <img width=\"100%\"src=\"https:\/\/steamerproject.eu\/wp-content\/uploads\/2020\/03\/MISTERY-TOUR_LOGO.png\" \/><!-- [et_pb_line_break_holder] -->    <\/div>\n<p><!-- [et_pb_line_break_holder] -->    <\/p>\n<div class=\"text-partners-container\"><!-- [et_pb_line_break_holder] -->     <pee>Work in Progress ir pas\u0101kumu organiz\u0101cija, kuras pamatdarb\u012bba saist\u0101s ar t\u016brisma pakalpojumu veicin\u0101\u0161anu. Organiz\u0101cijas misija ir izstr\u0101d\u0101t un ieviest interakt\u012bvu kult\u016bras un t\u016brisma pieredzi, pied\u0101v\u0101jot inovat\u012bvu risin\u0101jumu It\u0101lijas kult\u016bras mantojuma pieejam\u012bb\u0101. M\u0113r\u0137is ir  iveidot form\u0101tu, kur\u0101 cilv\u0113kiem  baud\u012bt saisto\u0161u, interakt\u012bvu, iesaisto\u0161u pieredzi apg\u016btot jaunas vietas..<!-- [et_pb_line_break_holder] --><\/pee><!-- [et_pb_line_break_holder] -->    <\/div>\n<p>  <!-- [et_pb_line_break_holder] -->    <\/p>\n<div class=\"button-partners-container\"><!-- [et_pb_line_break_holder] --><a href=\"http:\/\/www.misterytour.it\/\">Website<\/a><!-- [et_pb_line_break_holder] -->    <\/div>\n<p><!-- [et_pb_line_break_holder] -->      <\/div>\n<p>[\/et_pb_code][\/et_pb_column][\/et_pb_row][et_pb_row column_structure=&#8221;1_2,1_2&#8243; _builder_version=&#8221;4.4.1&#8243; background_color=&#8221;#ffffff&#8221; width=&#8221;100%&#8221; max_width=&#8221;1280px&#8221; module_alignment=&#8221;center&#8221; custom_padding=&#8221;||250px||false|false&#8221;][et_pb_column type=&#8221;1_2&#8243; _builder_version=&#8221;4.4.1&#8243;][et_pb_code _builder_version=&#8221;4.4.2&#8243; locked=&#8221;off&#8221;]    <\/p>\n<div class=\"partners-container\"><!-- [et_pb_line_break_holder] -->          <\/p>\n<div class=\"logo-partners-container\"><!-- [et_pb_line_break_holder] -->    <img width=\"100%\"src=\"https:\/\/steamerproject.eu\/wp-content\/uploads\/2020\/03\/citadaskola-logo-JPG-1-scaled.jpg\" \/><!-- [et_pb_line_break_holder] -->      <\/div>\n<p><!-- [et_pb_line_break_holder] -->      <\/p>\n<div class=\"text-partners-container\">   <pee>Liep\u0101jas Rai\u0146a 6.vidusskola atrodas Latvijas rietumos Baltijas j\u016bras krast\u0101 Liep\u0101j\u0101. Skola nodro\u0161ina augstas kvalt\u0101tes izgl\u012bt\u012bbas pakalpojumu vair\u0101k k\u0101 600 skol\u0113niem no 5. -12.klasei. Skola ir viena no valsts vado\u0161aj\u0101m skol\u0101m inov\u0101ciju un inform\u0101cijas tehnolo\u0123iju j\u0113gpilnas izmanto\u0161anas uzlabo\u0161anas zi\u0146\u0101.<\/pee><pee> M\u0113r\u0137is ir  veicin\u0101t starptautiskas izgl\u012bt\u012bbas noz\u012bmi, iesaistoties starptautiska un nacion\u0101la l\u012bme\u0146a projektos, uzlabot darbinieku un skol\u0113nu dz\u012bves prasmes un kompetences, veicinot sve\u0161valodu, uz\u0146\u0113m\u0113jdarb\u012bbas, IKT, starpkult\u016bru un l\u012bder\u012bbas prasmju apg\u016b\u0161anu. M\u0113s esam viena no  Microsoft Showcase skol\u0101m, eTwinning, Junior Achievement,  EcoSkol\u0101m un Erasmus  v\u0113stnieku skol\u0101m, kas nacion\u0101laj\u0101 un starptautiskaj\u0101 l\u012bmen\u012b dal\u0101s lab\u0101s prakses piem\u0113ros.<\/pee><pee> Organiz\u0101ciju raksturojo\u0161ie atsl\u0113gv\u0101rdi ir: tehnolo\u0123ijas, uz\u0146\u0113m\u0113jdarb\u012bba, vides un starptautiska izgl\u012bt\u012bba. M\u016bsu v\u012bzija ir att\u012bst\u012bt skol\u0113nos soci\u0101l\u0101s, personisk\u0101s un profesion\u0101l\u0101s prasmes un kompetences, izmatojot inovat\u012bvas, rado\u0161as uz tehnolo\u0123ij\u0101m un l\u012bder\u012bbu balst\u012btas m\u0101c\u012bbu metodes, lai veidotu veselu, soci\u0101li akt\u012bvu, v\u0113rt\u012bb\u0101s balst\u012btu un atbild\u012bgu person\u012bbu.<\/pee><!-- [et_pb_line_break_holder] -->      <\/div>\n<p><!-- [et_pb_line_break_holder] -->        <\/p>\n<div class=\"button-partners-container\"><!-- [et_pb_line_break_holder] --><a href=\"http:\/\/www.citadaskola.lv\">Website<\/a><!-- [et_pb_line_break_holder] -->    <\/div>\n<p><!-- [et_pb_line_break_holder] -->  <\/div>\n<p><!-- [et_pb_line_break_holder] -->[\/et_pb_code][\/et_pb_column][et_pb_column type=&#8221;1_2&#8243; _builder_version=&#8221;4.4.1&#8243;][et_pb_code _builder_version=&#8221;4.4.2&#8243;]  <\/p>\n<div class=\"partners-container\"><!-- [et_pb_line_break_holder] -->    <\/p>\n<div class=\"logo-partners-container\"><!-- [et_pb_line_break_holder] -->    <img width=\"100%\"src=\"https:\/\/steamerproject.eu\/wp-content\/uploads\/2020\/03\/logo_32School.jpg\" \/><!-- [et_pb_line_break_holder] -->    <\/div>\n<p><!-- [et_pb_line_break_holder] -->    <\/p>\n<div class=\"text-partners-container\"><!-- [et_pb_line_break_holder] -->     <pee>32.vid\u0113j\u0101 valodu skola \u201cSt. Kliment Ohridski \u201d atrodas Bulg\u0101rijas galvaspils\u0113tas Sofijas centr\u0101, t\u0101 ir dibin\u0101ta 1896.gad\u0101 un ir k\u013cuvusi par liel\u0101ko un atz\u012bt\u0101ko skolu Sofij\u0101, nodro\u0161inot izgl\u012bt\u012bbas pakalpojumu vair\u0101k k\u0101 2000 skol\u0113niem no 1.-12.klasei. Skola lepojas ar augsti motiv\u0113tu un kvalific\u0113tu person\u0101lu, pier\u0101dot savu nopelnu ne tikai ar ikdienas darbu izgl\u012bt\u012bbas jom\u0101, bet ar\u012b piedal\u012b\u0161anos vair\u0101kos Eiropas un valsts izgl\u012bt\u012bbas projektos gan k\u0101 koordinators, gan k\u0101 partneris.<\/pee><pee> Skola ir specializ\u0113jas sve\u0161valodu apguv\u0113, un ang\u013cu valodu m\u0101ca no pirm\u0101s l\u012bdz 12. klasei. Otraj\u0101 klas\u0113 tiek ieviesta otra sve\u0161valoda. Skola saviem audz\u0113k\u0146iem pied\u0101v\u0101 bilingv\u0101lu v\u0113stures, \u0123eogr\u0101fijas, biolo\u0123ijas, \u0137\u012bmijas, m\u0101kslas un filozofijas izgl\u012bt\u012bbu. \u0160ie priek\u0161meti tiek pasniegti ang\u013cu valod\u0101 vidusskolas l\u012bmen\u012b.<\/pee><!-- [et_pb_line_break_holder] -->    <\/div>\n<p>  <!-- [et_pb_line_break_holder] -->    <\/p>\n<div class=\"button-partners-container\"><!-- [et_pb_line_break_holder] --><a href=\"http:\/\/www.school32.com\">Website<\/a><!-- [et_pb_line_break_holder] -->    <\/div>\n<p><!-- [et_pb_line_break_holder] -->      <\/div>\n<p>[\/et_pb_code][\/et_pb_column][\/et_pb_row][\/et_pb_section]<\/p>\n","protected":false},"excerpt":{"rendered":"<p>Partneri STEAMER intelektu\u0101lais rezult\u0101ts tapis Eiropas konsorcij\u0101, peteicoties ERASMUS+ KA2 programmas atbalstam skolu izgl\u012bt\u012bbai un inov\u0101ciju veicin\u0101\u0161anai, sadarbojoties se\u0161\u0101m publiskaj\u0101m un priv\u0101taj\u0101m da\u017e\u0101du Eiropas valstu organiz\u0101cij\u0101m no Francijas, Be\u013c\u0123ijas, Bulg\u0101rijas, It\u0101lijas, Latvijas un Kipras.<\/p>\n","protected":false},"author":2,"featured_media":0,"parent":0,"menu_order":0,"comment_status":"closed","ping_status":"closed","template":"","meta":{"_et_pb_use_builder":"on","_et_pb_old_content":"","_et_gb_content_width":"","inline_featured_image":false},"acf":[],"_links":{"self":[{"href":"https:\/\/steamerproject.eu\/lv\/wp-json\/wp\/v2\/pages\/1266"}],"collection":[{"href":"https:\/\/steamerproject.eu\/lv\/wp-json\/wp\/v2\/pages"}],"about":[{"href":"https:\/\/steamerproject.eu\/lv\/wp-json\/wp\/v2\/types\/page"}],"author":[{"embeddable":true,"href":"https:\/\/steamerproject.eu\/lv\/wp-json\/wp\/v2\/users\/2"}],"replies":[{"embeddable":true,"href":"https:\/\/steamerproject.eu\/lv\/wp-json\/wp\/v2\/comments?post=1266"}],"version-history":[{"count":4,"href":"https:\/\/steamerproject.eu\/lv\/wp-json\/wp\/v2\/pages\/1266\/revisions"}],"predecessor-version":[{"id":2729,"href":"https:\/\/steamerproject.eu\/lv\/wp-json\/wp\/v2\/pages\/1266\/revisions\/2729"}],"wp:attachment":[{"href":"https:\/\/steamerproject.eu\/lv\/wp-json\/wp\/v2\/media?parent=1266"}],"curies":[{"name":"wp","href":"https:\/\/api.w.org\/{rel}","templated":true}]}}