{"id":1248,"date":"2020-03-30T14:17:44","date_gmt":"2020-03-30T12:17:44","guid":{"rendered":"https:\/\/steamerproject.eu\/galvena-lapa\/"},"modified":"2021-01-14T10:21:45","modified_gmt":"2021-01-14T09:21:45","slug":"galvena-lapa","status":"publish","type":"page","link":"https:\/\/steamerproject.eu\/lv\/","title":{"rendered":"Galven\u0101 lapa"},"content":{"rendered":"<p>[et_pb_section fb_built=&#8221;1&#8243; _builder_version=&#8221;4.4.1&#8243; width=&#8221;100%&#8221; custom_padding=&#8221;0px||0px||false|false&#8221;][et_pb_row _builder_version=&#8221;4.4.1&#8243; width=&#8221;100%&#8221; module_alignment=&#8221;center&#8221; custom_padding=&#8221;||40px||false|false&#8221;][et_pb_column type=&#8221;4_4&#8243; _builder_version=&#8221;4.4.1&#8243;][et_pb_text _builder_version=&#8221;4.4.1&#8243; text_font_size=&#8221;16px&#8221; header_font=&#8221;|700|||||||&#8221; header_text_color=&#8221;#ef6a7b&#8221; text_orientation=&#8221;center&#8221;]<\/p>\n<h1>M\u016bsu amb\u012bcijas<\/h1>\n<p>&nbsp;<\/p>\n<p>Jaun\u0101kie PISA p\u0113t\u012bjumi (2018) liecina, ka katrs piektais jaunietis Eirop\u0101 nav apguvis nepiecie\u0161am\u0101s STEAM prasmes, kas svar\u012bgas ir darba tirg\u016b m\u016bsdienu ekonomikas apst\u0101k\u013cos, t\u0101d\u0113\u013c svar\u012bgi ir veicin\u0101t  Eiropas jaunie\u0161u STEAM prasmju l\u012bmeni.<br \/>Uzskat\u0101m, ka ir \u013coti svar\u012bgi veicin\u0101t skol\u0113nu iesaist\u012b\u0161anos un motiv\u0101ciju, pied\u0101v\u0101jot inovat\u012bvus m\u0101c\u012bc\u012bbu risin\u0101jumus. M\u0113s esam p\u0101rliecin\u0101ti, ka izlau\u0161an\u0101s istabas un sp\u0113\u013cu koncepcijas modelim var b\u016bt \u013coti pozit\u012bva loma uzlabojot izglit;ibu kopum\u0101, jo \u012bpa\u0161i STEAM m\u0101c\u012bbu priek\u0161metu m\u0101ci\u0161anos.<\/p>\n<p>                                                                                                                                                                                           T\u0101p\u0113c m\u0113s izstr\u0101d\u0101j\u0101m STEAMER. \u0160\u012b eiropas projekta m\u0113r\u0137is ir izveidot metodiku, r\u012bkus un praktiskus piem\u0113rus izlau\u0161an\u0101s istab\u0101m, kas piel\u0101gotas vidusskolas izgl\u012bt\u012bbai STEAM jom\u0101s.<\/p>\n<p>[\/et_pb_text][\/et_pb_column][\/et_pb_row][et_pb_row _builder_version=&#8221;4.4.1&#8243; width=&#8221;100%&#8221; module_alignment=&#8221;center&#8221; height=&#8221;80px&#8221; custom_margin=&#8221;||0px||false|false&#8221; custom_padding=&#8221;||0px||false|false&#8221; locked=&#8221;off&#8221;][et_pb_column type=&#8221;4_4&#8243; _builder_version=&#8221;4.4.1&#8243;][et_pb_text _builder_version=&#8221;4.6.6&#8243; header_font=&#8221;|700|||||||&#8221; header_text_color=&#8221;#ef6a7b&#8221; header_line_height=&#8221;1.2em&#8221; text_orientation=&#8221;center&#8221; custom_margin=&#8221;||0px||false|false&#8221; custom_padding=&#8221;||0px|||&#8221;]<\/p>\n<h1>Pedago\u0123iskie resursi<\/h1>\n<p>&nbsp;<\/p>\n<p>[\/et_pb_text][\/et_pb_column][\/et_pb_row][et_pb_row column_structure=&#8221;1_3,1_3,1_3&#8243; _builder_version=&#8221;4.4.1&#8243; width=&#8221;100%&#8221; max_width=&#8221;60%&#8221; module_alignment=&#8221;center&#8221; custom_margin=&#8221;0px||0px||false|false&#8221; custom_padding=&#8221;0px||80px||false|false&#8221;][et_pb_column type=&#8221;1_3&#8243; _builder_version=&#8221;4.4.1&#8243;][et_pb_image src=&#8221;https:\/\/steamerproject.eu\/wp-content\/uploads\/2020\/03\/pedagogical.png&#8221; show_bottom_space=&#8221;off&#8221; show_bottom_space_tablet=&#8221;off&#8221; show_bottom_space_phone=&#8221;&#8221; show_bottom_space_last_edited=&#8221;on|desktop&#8221; _builder_version=&#8221;4.6.6&#8243; custom_margin=&#8221;||3%||false|false&#8221; hover_enabled=&#8221;0&#8243; sticky_enabled=&#8221;0&#8243;][\/et_pb_image][et_pb_text _builder_version=&#8221;4.4.1&#8243; text_font=&#8221;|600|||||||&#8221; text_font_size=&#8221;18px&#8221; text_orientation=&#8221;center&#8221; height=&#8221;50px&#8221; max_height=&#8221;50px&#8221; custom_margin=&#8221;-50px||0px||false|false&#8221; custom_padding=&#8221;0px||0px||false|false&#8221;]<\/p>\n<p>Pedago\u0123ijas ce\u013cvedis<\/p>\n<p>[\/et_pb_text][et_pb_image src=&#8221;https:\/\/steamerproject.eu\/wp-content\/uploads\/2020\/03\/scenarios.png&#8221; show_bottom_space=&#8221;off&#8221; show_bottom_space_tablet=&#8221;&#8221; show_bottom_space_phone=&#8221;&#8221; show_bottom_space_last_edited=&#8221;on|phone&#8221; _builder_version=&#8221;4.4.1&#8243; custom_margin=&#8221;||3%||false|false&#8221; custom_padding=&#8221;||||false|false&#8221;][\/et_pb_image][et_pb_text _builder_version=&#8221;4.4.1&#8243; text_font=&#8221;|600|||||||&#8221; text_font_size=&#8221;18px&#8221; text_orientation=&#8221;center&#8221; custom_margin=&#8221;-50px||0px||false|false&#8221; custom_padding=&#8221;0px||0px||false|false&#8221; locked=&#8221;off&#8221;]<\/p>\n<p>Scen\u0101riji un stundu matri\u0101li<\/p>\n<p>[\/et_pb_text][\/et_pb_column][et_pb_column type=&#8221;1_3&#8243; _builder_version=&#8221;4.4.1&#8243;][et_pb_image src=&#8221;https:\/\/steamerproject.eu\/wp-content\/uploads\/2020\/03\/ER.png&#8221; show_bottom_space=&#8221;off&#8221; _builder_version=&#8221;4.4.1&#8243; custom_margin=&#8221;||3%||false|false&#8221; custom_margin_tablet=&#8221;||0%||false|false&#8221; custom_margin_phone=&#8221;||3%||false|false&#8221; custom_margin_last_edited=&#8221;on|phone&#8221;][\/et_pb_image][et_pb_text _builder_version=&#8221;4.4.1&#8243; text_font=&#8221;|600|||||||&#8221; text_font_size=&#8221;18px&#8221; text_orientation=&#8221;center&#8221; module_alignment=&#8221;center&#8221; height=&#8221;50px&#8221; max_height=&#8221;50px&#8221; custom_margin=&#8221;-50px||0px||false|false&#8221; custom_padding=&#8221;0px||0px||false|false&#8221; locked=&#8221;off&#8221;]<\/p>\n<p>Izlau\u0161an\u0101s istabu ce\u013cvedis<\/p>\n<p>[\/et_pb_text][et_pb_image src=&#8221;https:\/\/steamerproject.eu\/wp-content\/uploads\/2020\/03\/generator.png&#8221; show_bottom_space=&#8221;off&#8221; show_bottom_space_tablet=&#8221;&#8221; show_bottom_space_phone=&#8221;&#8221; show_bottom_space_last_edited=&#8221;on|phone&#8221; _builder_version=&#8221;4.4.1&#8243; custom_margin=&#8221;||3%||false|false&#8221; custom_padding=&#8221;||||false|false&#8221;][\/et_pb_image][et_pb_text _builder_version=&#8221;4.4.1&#8243; text_font=&#8221;|600|||||||&#8221; text_font_size=&#8221;18px&#8221; text_orientation=&#8221;center&#8221; custom_margin=&#8221;-50px||0px||false|false&#8221; custom_padding=&#8221;0px||0px||false|false&#8221; locked=&#8221;off&#8221;]<\/p>\n<p>STEAMER rad\u012bt\u0101js<\/p>\n<p>[\/et_pb_text][\/et_pb_column][et_pb_column type=&#8221;1_3&#8243; _builder_version=&#8221;4.4.1&#8243;][et_pb_image src=&#8221;https:\/\/steamerproject.eu\/wp-content\/uploads\/2020\/03\/elearning.png&#8221; show_bottom_space=&#8221;off&#8221; show_bottom_space_tablet=&#8221;&#8221; show_bottom_space_phone=&#8221;&#8221; show_bottom_space_last_edited=&#8221;on|phone&#8221; _builder_version=&#8221;4.4.1&#8243; custom_margin=&#8221;||3%||false|false&#8221;][\/et_pb_image][et_pb_text _builder_version=&#8221;4.4.1&#8243; text_font=&#8221;|600|||||||&#8221; text_font_size=&#8221;18px&#8221; text_orientation=&#8221;center&#8221; height=&#8221;50px&#8221; max_height=&#8221;50px&#8221; custom_margin=&#8221;-50px||0px||false|false&#8221; custom_padding=&#8221;0px||0px||false|false&#8221; locked=&#8221;off&#8221;]<\/p>\n<p>E-m\u0101c\u012bbu modulis<\/p>\n<p>[\/et_pb_text][et_pb_image src=&#8221;https:\/\/steamerproject.eu\/wp-content\/uploads\/2020\/03\/Implementation.png&#8221; show_bottom_space=&#8221;off&#8221; _builder_version=&#8221;4.4.1&#8243; custom_margin=&#8221;0%||3%||false|false&#8221; custom_margin_tablet=&#8221;||0%||false|false&#8221; custom_margin_phone=&#8221;||3%||false|false&#8221; custom_margin_last_edited=&#8221;on|desktop&#8221; custom_padding=&#8221;||||false|false&#8221;][\/et_pb_image][et_pb_text _builder_version=&#8221;4.4.1&#8243; text_font=&#8221;|600|||||||&#8221; text_font_size=&#8221;18px&#8221; text_orientation=&#8221;center&#8221; custom_margin=&#8221;-50px||0px||false|false&#8221; custom_padding=&#8221;0px||0px||false|false&#8221; locked=&#8221;off&#8221;]<\/p>\n<p>\u012asteno\u0161anas rokasgr\u0101mata<\/p>\n<p>[\/et_pb_text][\/et_pb_column][\/et_pb_row][et_pb_row _builder_version=&#8221;4.4.1&#8243; module_alignment=&#8221;center&#8221; locked=&#8221;off&#8221;][et_pb_column type=&#8221;4_4&#8243; _builder_version=&#8221;4.4.1&#8243;][et_pb_text _builder_version=&#8221;4.4.1&#8243; text_font_size=&#8221;16px&#8221; header_font=&#8221;|700|||||||&#8221; header_text_color=&#8221;#ef6a7b&#8221; text_orientation=&#8221;center&#8221;]<\/p>\n<h1>Eiropas partner\u012bba<\/h1>\n<p><\/p>\n<p>STEAMER ir projekts, kur\u0161 tiek \u012bstenots laika period\u0101 no 2019.gada decembra l\u012bdz 2021.gada Novembrim ERASMUS+ programmas (KA2 apak\u0161grogammas Inov\u0101ciju veicin\u0101\u0161anas un lab\u0101s prakses apmai\u0146a ietvaros). Viss projekta laik\u0101 rad\u012btais saturs tapis sadarbojoties 6 Eiropas organiz\u0101cij\u0101m, apvienojot vi\u0146u know-how, sadarb\u012bbas t\u012bklu, labo praksi un pieredzi.<\/p>\n<p>[\/et_pb_text][\/et_pb_column][\/et_pb_row][et_pb_row column_structure=&#8221;1_6,1_6,1_6,1_6,1_6,1_6&#8243; disabled_on=&#8221;off|off|on&#8221; _builder_version=&#8221;4.4.2&#8243; width=&#8221;100%&#8221; max_width=&#8221;100%&#8221; module_alignment=&#8221;center&#8221; custom_padding=&#8221;|0px||0px|false|false&#8221;][et_pb_column type=&#8221;1_6&#8243; _builder_version=&#8221;4.4.1&#8243; custom_padding=&#8221;0px|0px|0px|0px|false|false&#8221;][et_pb_image src=&#8221;https:\/\/steamerproject.eu\/wp-content\/uploads\/2020\/03\/Logo_transparent_black.png&#8221; show_bottom_space=&#8221;off&#8221; align=&#8221;center&#8221; _builder_version=&#8221;4.4.1&#8243; width=&#8221;150px&#8221; module_alignment=&#8221;center&#8221; height=&#8221;97px&#8221; custom_margin=&#8221;0px|0px|0px|0px|false|false&#8221; custom_padding=&#8221;0px|0px|0px|0px|false|false&#8221; custom_css_main_element=&#8221;  border: 5px solid;||  border-image: linear-gradient(to right, #ECBE70, #EE6B7B) 10;&#8221; locked=&#8221;off&#8221;][\/et_pb_image][\/et_pb_column][et_pb_column type=&#8221;1_6&#8243; _builder_version=&#8221;4.4.1&#8243;][et_pb_image src=&#8221;https:\/\/steamerproject.eu\/wp-content\/uploads\/2020\/03\/Logo_Apprimeurs_OK.png&#8221; show_bottom_space=&#8221;off&#8221; align=&#8221;center&#8221; _builder_version=&#8221;4.4.1&#8243; width=&#8221;154px&#8221; module_alignment=&#8221;center&#8221; height=&#8221;25px&#8221; custom_margin=&#8221;0px|0px|0px|0px|false|false&#8221; custom_padding=&#8221;36px|0px|35px|0px|false|false&#8221; custom_css_main_element=&#8221;  border: 5px solid;||  border-image: linear-gradient(to right, #ECBE70, #EE6B7B) 10;&#8221; locked=&#8221;off&#8221;][\/et_pb_image][\/et_pb_column][et_pb_column type=&#8221;1_6&#8243; _builder_version=&#8221;4.4.1&#8243;][et_pb_image src=&#8221;https:\/\/steamerproject.eu\/wp-content\/uploads\/2020\/03\/cip-logos1.jpg&#8221; show_bottom_space=&#8221;off&#8221; align=&#8221;center&#8221; _builder_version=&#8221;4.4.1&#8243; width=&#8221;154px&#8221; module_alignment=&#8221;center&#8221; custom_margin=&#8221;0px|0px|0px|0px|false|false&#8221; custom_padding=&#8221;17px|0px|18px|0px|false|false&#8221; custom_css_main_element=&#8221;  border: 5px solid;||  border-image: linear-gradient(to right, #ECBE70, #EE6B7B) 10;&#8221; locked=&#8221;off&#8221;][\/et_pb_image][\/et_pb_column][et_pb_column type=&#8221;1_6&#8243; _builder_version=&#8221;4.4.1&#8243;][et_pb_image src=&#8221;https:\/\/steamerproject.eu\/wp-content\/uploads\/2020\/03\/MISTERY-TOUR_LOGO.png&#8221; show_bottom_space=&#8221;off&#8221; align=&#8221;center&#8221; _builder_version=&#8221;4.4.1&#8243; width=&#8221;150px&#8221; module_alignment=&#8221;center&#8221; height=&#8221;97px&#8221; custom_margin=&#8221;0px|0px|0px|0px|false|false&#8221; custom_padding=&#8221;0px|0px|0px|0px|false|false&#8221; custom_css_main_element=&#8221;  border: 5px solid;||  border-image: linear-gradient(to right, #ECBE70, #EE6B7B) 10;&#8221; locked=&#8221;off&#8221;][\/et_pb_image][\/et_pb_column][et_pb_column type=&#8221;1_6&#8243; _builder_version=&#8221;4.4.1&#8243;][et_pb_image src=&#8221;https:\/\/steamerproject.eu\/wp-content\/uploads\/2020\/03\/citadaskola-logo-JPG-1-268&#215;300.jpg&#8221; show_bottom_space=&#8221;off&#8221; align=&#8221;center&#8221; _builder_version=&#8221;4.4.1&#8243; width=&#8221;150px&#8221; module_alignment=&#8221;center&#8221; height=&#8221;97px&#8221; custom_margin=&#8221;0px|0px|0px|0px|false|false&#8221; custom_padding=&#8221;0px|0px|0px|0px|false|false&#8221; custom_css_main_element=&#8221;  border: 5px solid;||  border-image: linear-gradient(to right, #ECBE70, #EE6B7B) 10;&#8221; locked=&#8221;off&#8221;][\/et_pb_image][\/et_pb_column][et_pb_column type=&#8221;1_6&#8243; _builder_version=&#8221;4.4.1&#8243;][et_pb_image src=&#8221;https:\/\/steamerproject.eu\/wp-content\/uploads\/2020\/03\/logo_32School.jpg&#8221; show_bottom_space=&#8221;off&#8221; align=&#8221;center&#8221; _builder_version=&#8221;4.4.1&#8243; width=&#8221;150px&#8221; module_alignment=&#8221;center&#8221; height=&#8221;97px&#8221; custom_margin=&#8221;0px|0px|0px|0px|false|false&#8221; custom_padding=&#8221;0px|0px|0px|0px|false|false&#8221; custom_css_main_element=&#8221;  border: 5px solid;||  border-image: linear-gradient(to right, #ECBE70, #EE6B7B) 10;&#8221;][\/et_pb_image][\/et_pb_column][\/et_pb_row][et_pb_row disabled_on=&#8221;on|on|off&#8221; _builder_version=&#8221;4.4.2&#8243; width=&#8221;100%&#8221; max_width=&#8221;none&#8221;][et_pb_column type=&#8221;4_4&#8243; _builder_version=&#8221;4.4.2&#8243;][et_pb_image src=&#8221;https:\/\/steamerproject.eu\/wp-content\/uploads\/2020\/03\/bandeaupartenaires.jpg&#8221; _builder_version=&#8221;4.4.2&#8243;][\/et_pb_image][\/et_pb_column][\/et_pb_row][\/et_pb_section][et_pb_section fb_built=&#8221;1&#8243; _builder_version=&#8221;4.4.1&#8243; custom_padding=&#8221;30px||29px|||&#8221;][et_pb_row _builder_version=&#8221;4.4.1&#8243;][et_pb_column type=&#8221;4_4&#8243; _builder_version=&#8221;4.4.1&#8243;][et_pb_button button_url=&#8221;@ET-DC@eyJkeW5hbWljIjp0cnVlLCJjb250ZW50IjoicG9zdF9saW5rX3VybF9wYWdlIiwic2V0dGluZ3MiOnsicG9zdF9pZCI6IjE4In19@&#8221; button_text=&#8221;VAIR\u0100K PAR STEAMER&#8221; button_alignment=&#8221;center&#8221; _builder_version=&#8221;4.4.1&#8243; _dynamic_attributes=&#8221;button_url&#8221; custom_button=&#8221;on&#8221; button_text_size=&#8221;19px&#8221; button_text_color=&#8221;#ffffff&#8221; button_bg_use_color_gradient=&#8221;on&#8221; button_bg_color_gradient_start=&#8221;#eabc6e&#8221; button_bg_color_gradient_end=&#8221;#f06b7e&#8221; button_bg_color_gradient_direction=&#8221;90deg&#8221; button_border_width=&#8221;0px&#8221; button_border_color=&#8221;rgba(0,0,0,0)&#8221; button_border_radius=&#8221;66px&#8221; button_letter_spacing=&#8221;0px&#8221; button_font=&#8221;|700|||||||&#8221; custom_margin=&#8221;||||false|false&#8221; custom_padding=&#8221;|50px||50px|false|false&#8221; locked=&#8221;off&#8221;][\/et_pb_button][\/et_pb_column][\/et_pb_row][\/et_pb_section]<\/p>\n","protected":false},"excerpt":{"rendered":"<p>M\u016bsu amb\u012bcijas &nbsp; Jaun\u0101kie PISA p\u0113t\u012bjumi (2018) liecina, ka katrs piektais jaunietis Eirop\u0101 nav apguvis nepiecie\u0161am\u0101s STEAM prasmes, kas svar\u012bgas ir darba tirg\u016b m\u016bsdienu ekonomikas apst\u0101k\u013cos, t\u0101d\u0113\u013c svar\u012bgi ir veicin\u0101t Eiropas jaunie\u0161u STEAM prasmju l\u012bmeni.Uzskat\u0101m, ka ir \u013coti svar\u012bgi veicin\u0101t skol\u0113nu iesaist\u012b\u0161anos un motiv\u0101ciju, pied\u0101v\u0101jot inovat\u012bvus m\u0101c\u012bc\u012bbu risin\u0101jumus. M\u0113s esam p\u0101rliecin\u0101ti, ka izlau\u0161an\u0101s istabas un [&hellip;]<\/p>\n","protected":false},"author":2,"featured_media":0,"parent":0,"menu_order":0,"comment_status":"closed","ping_status":"closed","template":"page-template-blank.php","meta":{"_et_pb_use_builder":"on","_et_pb_old_content":"","_et_gb_content_width":"","inline_featured_image":false},"acf":[],"_links":{"self":[{"href":"https:\/\/steamerproject.eu\/lv\/wp-json\/wp\/v2\/pages\/1248"}],"collection":[{"href":"https:\/\/steamerproject.eu\/lv\/wp-json\/wp\/v2\/pages"}],"about":[{"href":"https:\/\/steamerproject.eu\/lv\/wp-json\/wp\/v2\/types\/page"}],"author":[{"embeddable":true,"href":"https:\/\/steamerproject.eu\/lv\/wp-json\/wp\/v2\/users\/2"}],"replies":[{"embeddable":true,"href":"https:\/\/steamerproject.eu\/lv\/wp-json\/wp\/v2\/comments?post=1248"}],"version-history":[{"count":4,"href":"https:\/\/steamerproject.eu\/lv\/wp-json\/wp\/v2\/pages\/1248\/revisions"}],"predecessor-version":[{"id":2719,"href":"https:\/\/steamerproject.eu\/lv\/wp-json\/wp\/v2\/pages\/1248\/revisions\/2719"}],"wp:attachment":[{"href":"https:\/\/steamerproject.eu\/lv\/wp-json\/wp\/v2\/media?parent=1248"}],"curies":[{"name":"wp","href":"https:\/\/api.w.org\/{rel}","templated":true}]}}