{"id":1244,"date":"2020-03-30T14:12:17","date_gmt":"2020-03-30T12:12:17","guid":{"rendered":"https:\/\/steamerproject.eu\/kontakkti\/"},"modified":"2021-03-16T11:35:02","modified_gmt":"2021-03-16T10:35:02","slug":"kontakti","status":"publish","type":"page","link":"https:\/\/steamerproject.eu\/lv\/kontakti\/","title":{"rendered":"Kontakti"},"content":{"rendered":"\n[et_pb_section fb_built=&#8221;1&#8243; _builder_version=&#8221;4.4.1&#8243; background_color=&#8221;rgba(0,0,0,0)&#8221; z_index=&#8221;1&#8243; custom_padding=&#8221;||0px||false|false&#8221; hover_enabled=&#8221;0&#8243; sticky_enabled=&#8221;0&#8243;][et_pb_row column_structure=&#8221;1_5,3_5,1_5&#8243; _builder_version=&#8221;4.4.1&#8243; background_color=&#8221;#ffffff&#8221; width=&#8221;100%&#8221; max_width=&#8221;1280px&#8221; module_alignment=&#8221;center&#8221; custom_padding=&#8221;||40px||false|false&#8221;][et_pb_column type=&#8221;1_5&#8243; _builder_version=&#8221;4.4.1&#8243;][\/et_pb_column][et_pb_column type=&#8221;3_5&#8243; _builder_version=&#8221;4.4.1&#8243;][et_pb_text _builder_version=&#8221;4.6.6&#8243; text_font_size=&#8221;16px&#8221; header_font=&#8221;|700|||||||&#8221; header_text_color=&#8221;#ef6a7b&#8221; text_orientation=&#8221;center&#8221; custom_padding=&#8221;||||false|false&#8221;]<h1>\r\nKontakti\r\n<\/h1>\r\n<br\/>\r\n<p>V\u0113lies ar mums sazin\u0101ties? Nekautr\u0113jies uzmekl\u0113t m\u016bs, lai ieg\u016btu s\u012bk\u0101kku inform\u0101ciju, vai k\u013c\u016btu par projekta partneri. Aizpildi formu zem\u0101k. M\u0113s jums atbild\u0113sim cik dr\u012bz vien tas iesp\u0113jams.\r\n<\/p>[\/et_pb_text][\/et_pb_column][et_pb_column type=&#8221;1_5&#8243; _builder_version=&#8221;4.4.1&#8243;][\/et_pb_column][\/et_pb_row][et_pb_row column_structure=&#8221;1_2,1_2&#8243; _builder_version=&#8221;4.6.6&#8243; background_color=&#8221;#ffffff&#8221; width=&#8221;100%&#8221; max_width=&#8221;1280px&#8221; custom_padding=&#8221;||180px||false|false&#8221; hover_enabled=&#8221;0&#8243; custom_padding_last_edited=&#8221;off|phone&#8221; sticky_enabled=&#8221;0&#8243;][et_pb_column type=&#8221;1_2&#8243; _builder_version=&#8221;4.4.1&#8243;][et_pb_contact_form success_message=&#8221;Paldies, ka sazin\u0101jies ar mums! M\u0113s dr\u012bzum\u0101 tev atbild\u0113sim!&#8221; submit_button_text=&#8221;S\u016bt\u012bt&#8221; _builder_version=&#8221;4.4.1&#8243; title_font=&#8221;|700|||||||&#8221; title_text_color=&#8221;#0c71c3&#8243;][et_pb_contact_field field_id=&#8221;Name&#8221; field_title=&#8221;V\u0101rds&#8221; _builder_version=&#8221;3.16&#8243; button_text_size__hover_enabled=&#8221;off&#8221; button_one_text_size__hover_enabled=&#8221;off&#8221; button_two_text_size__hover_enabled=&#8221;off&#8221; button_text_color__hover_enabled=&#8221;off&#8221; button_one_text_color__hover_enabled=&#8221;off&#8221; button_two_text_color__hover_enabled=&#8221;off&#8221; button_border_width__hover_enabled=&#8221;off&#8221; button_one_border_width__hover_enabled=&#8221;off&#8221; button_two_border_width__hover_enabled=&#8221;off&#8221; button_border_color__hover_enabled=&#8221;off&#8221; button_one_border_color__hover_enabled=&#8221;off&#8221; button_two_border_color__hover_enabled=&#8221;off&#8221; button_border_radius__hover_enabled=&#8221;off&#8221; button_one_border_radius__hover_enabled=&#8221;off&#8221; button_two_border_radius__hover_enabled=&#8221;off&#8221; button_letter_spacing__hover_enabled=&#8221;off&#8221; button_one_letter_spacing__hover_enabled=&#8221;off&#8221; button_two_letter_spacing__hover_enabled=&#8221;off&#8221; button_bg_color__hover_enabled=&#8221;off&#8221; button_one_bg_color__hover_enabled=&#8221;off&#8221; button_two_bg_color__hover_enabled=&#8221;off&#8221;][\/et_pb_contact_field][et_pb_contact_field field_id=&#8221;Email&#8221; field_title=&#8221;e-pasta adrese&#8221; field_type=&#8221;email&#8221; _builder_version=&#8221;3.16&#8243; button_text_size__hover_enabled=&#8221;off&#8221; button_one_text_size__hover_enabled=&#8221;off&#8221; button_two_text_size__hover_enabled=&#8221;off&#8221; button_text_color__hover_enabled=&#8221;off&#8221; button_one_text_color__hover_enabled=&#8221;off&#8221; button_two_text_color__hover_enabled=&#8221;off&#8221; button_border_width__hover_enabled=&#8221;off&#8221; button_one_border_width__hover_enabled=&#8221;off&#8221; button_two_border_width__hover_enabled=&#8221;off&#8221; button_border_color__hover_enabled=&#8221;off&#8221; button_one_border_color__hover_enabled=&#8221;off&#8221; button_two_border_color__hover_enabled=&#8221;off&#8221; button_border_radius__hover_enabled=&#8221;off&#8221; button_one_border_radius__hover_enabled=&#8221;off&#8221; button_two_border_radius__hover_enabled=&#8221;off&#8221; button_letter_spacing__hover_enabled=&#8221;off&#8221; button_one_letter_spacing__hover_enabled=&#8221;off&#8221; button_two_letter_spacing__hover_enabled=&#8221;off&#8221; button_bg_color__hover_enabled=&#8221;off&#8221; button_one_bg_color__hover_enabled=&#8221;off&#8221; button_two_bg_color__hover_enabled=&#8221;off&#8221;][\/et_pb_contact_field][et_pb_contact_field field_id=&#8221;Message&#8221; field_title=&#8221;Zi\u0146ojums&#8221; field_type=&#8221;text&#8221; fullwidth_field=&#8221;on&#8221; _builder_version=&#8221;3.16&#8243; button_text_size__hover_enabled=&#8221;off&#8221; button_one_text_size__hover_enabled=&#8221;off&#8221; button_two_text_size__hover_enabled=&#8221;off&#8221; button_text_color__hover_enabled=&#8221;off&#8221; button_one_text_color__hover_enabled=&#8221;off&#8221; button_two_text_color__hover_enabled=&#8221;off&#8221; button_border_width__hover_enabled=&#8221;off&#8221; button_one_border_width__hover_enabled=&#8221;off&#8221; button_two_border_width__hover_enabled=&#8221;off&#8221; button_border_color__hover_enabled=&#8221;off&#8221; button_one_border_color__hover_enabled=&#8221;off&#8221; button_two_border_color__hover_enabled=&#8221;off&#8221; button_border_radius__hover_enabled=&#8221;off&#8221; button_one_border_radius__hover_enabled=&#8221;off&#8221; button_two_border_radius__hover_enabled=&#8221;off&#8221; button_letter_spacing__hover_enabled=&#8221;off&#8221; button_one_letter_spacing__hover_enabled=&#8221;off&#8221; button_two_letter_spacing__hover_enabled=&#8221;off&#8221; button_bg_color__hover_enabled=&#8221;off&#8221; button_one_bg_color__hover_enabled=&#8221;off&#8221; button_two_bg_color__hover_enabled=&#8221;off&#8221;][\/et_pb_contact_field][\/et_pb_contact_form][\/et_pb_column][et_pb_column type=&#8221;1_2&#8243; _builder_version=&#8221;4.4.1&#8243;][et_pb_image src=&#8221;https:\/\/steamerproject.eu\/wp-content\/uploads\/2020\/03\/image_contact.png&#8221; _builder_version=&#8221;4.4.1&#8243; max_width=&#8221;70%&#8221; custom_margin=&#8221;-50px|auto||auto|false|false&#8221;][\/et_pb_image][\/et_pb_column][\/et_pb_row][\/et_pb_section]\n","protected":false},"excerpt":{"rendered":"<p>Kontakti V\u0113lies ar mums sazin\u0101ties? Nekautr\u0113jies uzmekl\u0113t m\u016bs, lai ieg\u016btu s\u012bk\u0101kku inform\u0101ciju, vai k\u013c\u016btu par projekta partneri. Aizpildi formu zem\u0101k. M\u0113s jums atbild\u0113sim cik dr\u012bz vien tas iesp\u0113jams.<\/p>\n","protected":false},"author":2,"featured_media":0,"parent":0,"menu_order":0,"comment_status":"closed","ping_status":"closed","template":"","meta":{"_et_pb_use_builder":"on","_et_pb_old_content":"","_et_gb_content_width":"","inline_featured_image":false},"acf":[],"_links":{"self":[{"href":"https:\/\/steamerproject.eu\/lv\/wp-json\/wp\/v2\/pages\/1244"}],"collection":[{"href":"https:\/\/steamerproject.eu\/lv\/wp-json\/wp\/v2\/pages"}],"about":[{"href":"https:\/\/steamerproject.eu\/lv\/wp-json\/wp\/v2\/types\/page"}],"author":[{"embeddable":true,"href":"https:\/\/steamerproject.eu\/lv\/wp-json\/wp\/v2\/users\/2"}],"replies":[{"embeddable":true,"href":"https:\/\/steamerproject.eu\/lv\/wp-json\/wp\/v2\/comments?post=1244"}],"version-history":[{"count":7,"href":"https:\/\/steamerproject.eu\/lv\/wp-json\/wp\/v2\/pages\/1244\/revisions"}],"predecessor-version":[{"id":8218,"href":"https:\/\/steamerproject.eu\/lv\/wp-json\/wp\/v2\/pages\/1244\/revisions\/8218"}],"wp:attachment":[{"href":"https:\/\/steamerproject.eu\/lv\/wp-json\/wp\/v2\/media?parent=1244"}],"curies":[{"name":"wp","href":"https:\/\/api.w.org\/{rel}","templated":true}]}}