{"id":1204,"date":"2020-03-25T14:29:19","date_gmt":"2020-03-25T13:29:19","guid":{"rendered":"https:\/\/steamerproject.eu\/home\/"},"modified":"2021-01-14T10:21:37","modified_gmt":"2021-01-14T09:21:37","slug":"home","status":"publish","type":"page","link":"https:\/\/steamerproject.eu\/it\/","title":{"rendered":"Home"},"content":{"rendered":"<p>[et_pb_section fb_built=&#8221;1&#8243; _builder_version=&#8221;4.4.1&#8243; width=&#8221;100%&#8221; custom_padding=&#8221;0px||0px||false|false&#8221;][et_pb_row _builder_version=&#8221;4.4.1&#8243; width=&#8221;100%&#8221; module_alignment=&#8221;center&#8221; custom_padding=&#8221;||40px||false|false&#8221;][et_pb_column type=&#8221;4_4&#8243; _builder_version=&#8221;4.4.1&#8243;][et_pb_text _builder_version=&#8221;4.4.1&#8243; text_font_size=&#8221;16px&#8221; header_font=&#8221;|700|||||||&#8221; header_text_color=&#8221;#ef6a7b&#8221; text_orientation=&#8221;center&#8221;]<\/p>\n<h1>I nostri obiettivi<\/h1>\n<p>&nbsp;<\/p>\n<p>Gli ultimi risultati del programma PISA (2018) mostrano che pi\u00f9 di un giovane su cinque in Europa non \u00e8 dotato delle competenze STEAM di base necessarie per numerosi lavori strategici nella nostra economia attuale. \u00c8 pertanto essenziale lavorare per migliorare il livello nelle materie scientifiche degli alunni dell&#8217;UE. <br \/> Riteniamo che sia essenziale incoraggiare il coinvolgimento e la motivazione degli studenti offrendo modalit\u00e0 innovative di apprendimento. Siamo convinti che il concetto di escape room \/ giochi educativi possa svolgere un ruolo molto positivo nel miglioramento dell&#8217;istruzione in generale e dell&#8217;apprendimento di STEAM in particolare.<\/p>\n<p>Ecco perch\u00e9 stiamo lavorando al progetto STEAMER. Questo progetto europeo ha l&#8217;obiettivo di creare una metodologia, strumenti ed esempi pratici di escape room adattate per l&#8217;istruzione della scuola secondaria con riferimento alle materie scientifiche.<\/p>\n<p>[\/et_pb_text][\/et_pb_column][\/et_pb_row][et_pb_row _builder_version=&#8221;4.4.1&#8243; width=&#8221;100%&#8221; module_alignment=&#8221;center&#8221; height=&#8221;80px&#8221; custom_margin=&#8221;||0px||false|false&#8221; custom_padding=&#8221;||0px||false|false&#8221; locked=&#8221;off&#8221;][et_pb_column type=&#8221;4_4&#8243; _builder_version=&#8221;4.4.1&#8243;][et_pb_text _builder_version=&#8221;4.6.6&#8243; header_font=&#8221;|700|||||||&#8221; header_text_color=&#8221;#ef6a7b&#8221; header_line_height=&#8221;1.2em&#8221; text_orientation=&#8221;center&#8221; custom_margin=&#8221;||0px||false|false&#8221; custom_padding=&#8221;||0px|||&#8221;]<\/p>\n<h1>Risorse pedagogiche<\/h1>\n<p>&nbsp;<\/p>\n<p>[\/et_pb_text][\/et_pb_column][\/et_pb_row][et_pb_row column_structure=&#8221;1_3,1_3,1_3&#8243; _builder_version=&#8221;4.4.1&#8243; width=&#8221;100%&#8221; max_width=&#8221;60%&#8221; module_alignment=&#8221;center&#8221; custom_margin=&#8221;0px||0px||false|false&#8221; custom_padding=&#8221;0px||80px||false|false&#8221;][et_pb_column type=&#8221;1_3&#8243; _builder_version=&#8221;4.4.1&#8243;][et_pb_image src=&#8221;https:\/\/steamerproject.eu\/wp-content\/uploads\/2020\/03\/pedagogical.png&#8221; show_bottom_space=&#8221;off&#8221; show_bottom_space_tablet=&#8221;off&#8221; show_bottom_space_phone=&#8221;&#8221; show_bottom_space_last_edited=&#8221;on|desktop&#8221; _builder_version=&#8221;4.6.6&#8243; custom_margin=&#8221;||3%||false|false&#8221; hover_enabled=&#8221;0&#8243; sticky_enabled=&#8221;0&#8243;][\/et_pb_image][et_pb_text _builder_version=&#8221;4.4.1&#8243; text_font=&#8221;|600|||||||&#8221; text_font_size=&#8221;18px&#8221; text_orientation=&#8221;center&#8221; height=&#8221;50px&#8221; max_height=&#8221;50px&#8221; custom_margin=&#8221;-50px||0px||false|false&#8221; custom_padding=&#8221;0px||0px||false|false&#8221;]<\/p>\n<p>Guida pedagogica<\/p>\n<p>[\/et_pb_text][et_pb_image src=&#8221;https:\/\/steamerproject.eu\/wp-content\/uploads\/2020\/03\/scenarios.png&#8221; show_bottom_space=&#8221;off&#8221; show_bottom_space_tablet=&#8221;&#8221; show_bottom_space_phone=&#8221;&#8221; show_bottom_space_last_edited=&#8221;on|phone&#8221; _builder_version=&#8221;4.4.1&#8243; custom_margin=&#8221;||3%||false|false&#8221; custom_padding=&#8221;||||false|false&#8221;][\/et_pb_image][et_pb_text _builder_version=&#8221;4.4.1&#8243; text_font=&#8221;|600|||||||&#8221; text_font_size=&#8221;18px&#8221; text_orientation=&#8221;center&#8221; custom_margin=&#8221;-50px||0px||false|false&#8221; custom_padding=&#8221;0px||0px||false|false&#8221; locked=&#8221;off&#8221;]<\/p>\n<p>Esempi di scenari e moduli di lezione<\/p>\n<p>[\/et_pb_text][\/et_pb_column][et_pb_column type=&#8221;1_3&#8243; _builder_version=&#8221;4.4.1&#8243;][et_pb_image src=&#8221;https:\/\/steamerproject.eu\/wp-content\/uploads\/2020\/03\/ER.png&#8221; show_bottom_space=&#8221;off&#8221; _builder_version=&#8221;4.4.1&#8243; custom_margin=&#8221;||3%||false|false&#8221; custom_margin_tablet=&#8221;||0%||false|false&#8221; custom_margin_phone=&#8221;||3%||false|false&#8221; custom_margin_last_edited=&#8221;on|phone&#8221;][\/et_pb_image][et_pb_text _builder_version=&#8221;4.4.1&#8243; text_font=&#8221;|600|||||||&#8221; text_font_size=&#8221;18px&#8221; text_orientation=&#8221;center&#8221; module_alignment=&#8221;center&#8221; height=&#8221;50px&#8221; max_height=&#8221;50px&#8221; custom_margin=&#8221;-50px||0px||false|false&#8221; custom_padding=&#8221;0px||0px||false|false&#8221; locked=&#8221;off&#8221;]<\/p>\n<p>Guida per la creazione di una Escape Room<\/p>\n<p>[\/et_pb_text][et_pb_image src=&#8221;https:\/\/steamerproject.eu\/wp-content\/uploads\/2020\/03\/generator.png&#8221; show_bottom_space=&#8221;off&#8221; show_bottom_space_tablet=&#8221;&#8221; show_bottom_space_phone=&#8221;&#8221; show_bottom_space_last_edited=&#8221;on|phone&#8221; _builder_version=&#8221;4.4.1&#8243; custom_margin=&#8221;||3%||false|false&#8221; custom_padding=&#8221;||||false|false&#8221;][\/et_pb_image][et_pb_text _builder_version=&#8221;4.4.1&#8243; text_font=&#8221;|600|||||||&#8221; text_font_size=&#8221;18px&#8221; text_orientation=&#8221;center&#8221; custom_margin=&#8221;-50px||0px||false|false&#8221; custom_padding=&#8221;0px||0px||false|false&#8221; locked=&#8221;off&#8221;]<\/p>\n<p>Generatore Steamer<\/p>\n<p>[\/et_pb_text][\/et_pb_column][et_pb_column type=&#8221;1_3&#8243; _builder_version=&#8221;4.4.1&#8243;][et_pb_image src=&#8221;https:\/\/steamerproject.eu\/wp-content\/uploads\/2020\/03\/elearning.png&#8221; show_bottom_space=&#8221;off&#8221; show_bottom_space_tablet=&#8221;&#8221; show_bottom_space_phone=&#8221;&#8221; show_bottom_space_last_edited=&#8221;on|phone&#8221; _builder_version=&#8221;4.4.1&#8243; custom_margin=&#8221;||3%||false|false&#8221;][\/et_pb_image][et_pb_text _builder_version=&#8221;4.4.1&#8243; text_font=&#8221;|600|||||||&#8221; text_font_size=&#8221;18px&#8221; text_orientation=&#8221;center&#8221; height=&#8221;50px&#8221; max_height=&#8221;50px&#8221; custom_margin=&#8221;-50px||0px||false|false&#8221; custom_padding=&#8221;0px||0px||false|false&#8221; locked=&#8221;off&#8221;]<\/p>\n<p>Modulo di E-Learning<\/p>\n<p>[\/et_pb_text][et_pb_image src=&#8221;https:\/\/steamerproject.eu\/wp-content\/uploads\/2020\/03\/Implementation.png&#8221; show_bottom_space=&#8221;off&#8221; _builder_version=&#8221;4.4.1&#8243; custom_margin=&#8221;0%||3%||false|false&#8221; custom_margin_tablet=&#8221;||0%||false|false&#8221; custom_margin_phone=&#8221;||3%||false|false&#8221; custom_margin_last_edited=&#8221;on|desktop&#8221; custom_padding=&#8221;||||false|false&#8221;][\/et_pb_image][et_pb_text _builder_version=&#8221;4.4.1&#8243; text_font=&#8221;|600|||||||&#8221; text_font_size=&#8221;18px&#8221; text_orientation=&#8221;center&#8221; custom_margin=&#8221;-50px||0px||false|false&#8221; custom_padding=&#8221;0px||0px||false|false&#8221; locked=&#8221;off&#8221;]<\/p>\n<p>Guida pratica per l&#8217;implementazione<\/p>\n<p>[\/et_pb_text][\/et_pb_column][\/et_pb_row][et_pb_row _builder_version=&#8221;4.4.1&#8243; module_alignment=&#8221;center&#8221; locked=&#8221;off&#8221;][et_pb_column type=&#8221;4_4&#8243; _builder_version=&#8221;4.4.1&#8243;][et_pb_text _builder_version=&#8221;4.4.1&#8243; text_font_size=&#8221;16px&#8221; header_font=&#8221;|700|||||||&#8221; header_text_color=&#8221;#ef6a7b&#8221; text_orientation=&#8221;center&#8221;]<\/p>\n<h1>Partenariato europeo<\/h1>\n<p><\/p>\n<p>Steamer \u00e8 un progetto biennale, finanziato da dicembre 2019 a novembre 2021, dal programma Erasmus + (KA2, innovazione e buone pratiche). Tutto il contenuto prodotto in questi due anni \u00e8 il risultato della collaborazione tra 6 organizzazioni europee che hanno messo insieme il loro know-how, la loro esperienza e le loro reti.<\/p>\n<p>[\/et_pb_text][\/et_pb_column][\/et_pb_row][et_pb_row column_structure=&#8221;1_6,1_6,1_6,1_6,1_6,1_6&#8243; disabled_on=&#8221;off|off|on&#8221; _builder_version=&#8221;4.4.2&#8243; width=&#8221;100%&#8221; max_width=&#8221;100%&#8221; module_alignment=&#8221;center&#8221; custom_padding=&#8221;|0px||0px|false|false&#8221;][et_pb_column type=&#8221;1_6&#8243; _builder_version=&#8221;4.4.1&#8243; custom_padding=&#8221;0px|0px|0px|0px|false|false&#8221;][et_pb_image src=&#8221;https:\/\/steamerproject.eu\/wp-content\/uploads\/2020\/03\/Logo_transparent_black.png&#8221; show_bottom_space=&#8221;off&#8221; align=&#8221;center&#8221; _builder_version=&#8221;4.4.1&#8243; width=&#8221;150px&#8221; module_alignment=&#8221;center&#8221; height=&#8221;97px&#8221; custom_margin=&#8221;0px|0px|0px|0px|false|false&#8221; custom_padding=&#8221;0px|0px|0px|0px|false|false&#8221; custom_css_main_element=&#8221;  border: 5px solid;||  border-image: linear-gradient(to right, #ECBE70, #EE6B7B) 10;&#8221; locked=&#8221;off&#8221;][\/et_pb_image][\/et_pb_column][et_pb_column type=&#8221;1_6&#8243; _builder_version=&#8221;4.4.1&#8243;][et_pb_image src=&#8221;https:\/\/steamerproject.eu\/wp-content\/uploads\/2020\/03\/Logo_Apprimeurs_OK.png&#8221; show_bottom_space=&#8221;off&#8221; align=&#8221;center&#8221; _builder_version=&#8221;4.4.1&#8243; width=&#8221;154px&#8221; module_alignment=&#8221;center&#8221; height=&#8221;25px&#8221; custom_margin=&#8221;0px|0px|0px|0px|false|false&#8221; custom_padding=&#8221;36px|0px|35px|0px|false|false&#8221; custom_css_main_element=&#8221;  border: 5px solid;||  border-image: linear-gradient(to right, #ECBE70, #EE6B7B) 10;&#8221; locked=&#8221;off&#8221;][\/et_pb_image][\/et_pb_column][et_pb_column type=&#8221;1_6&#8243; _builder_version=&#8221;4.4.1&#8243;][et_pb_image src=&#8221;https:\/\/steamerproject.eu\/wp-content\/uploads\/2020\/03\/cip-logos1.jpg&#8221; show_bottom_space=&#8221;off&#8221; align=&#8221;center&#8221; _builder_version=&#8221;4.4.1&#8243; width=&#8221;154px&#8221; module_alignment=&#8221;center&#8221; custom_margin=&#8221;0px|0px|0px|0px|false|false&#8221; custom_padding=&#8221;17px|0px|18px|0px|false|false&#8221; custom_css_main_element=&#8221;  border: 5px solid;||  border-image: linear-gradient(to right, #ECBE70, #EE6B7B) 10;&#8221; locked=&#8221;off&#8221;][\/et_pb_image][\/et_pb_column][et_pb_column type=&#8221;1_6&#8243; _builder_version=&#8221;4.4.1&#8243;][et_pb_image src=&#8221;https:\/\/steamerproject.eu\/wp-content\/uploads\/2020\/03\/MISTERY-TOUR_LOGO.png&#8221; show_bottom_space=&#8221;off&#8221; align=&#8221;center&#8221; _builder_version=&#8221;4.4.1&#8243; width=&#8221;150px&#8221; module_alignment=&#8221;center&#8221; height=&#8221;97px&#8221; custom_margin=&#8221;0px|0px|0px|0px|false|false&#8221; custom_padding=&#8221;0px|0px|0px|0px|false|false&#8221; custom_css_main_element=&#8221;  border: 5px solid;||  border-image: linear-gradient(to right, #ECBE70, #EE6B7B) 10;&#8221; locked=&#8221;off&#8221;][\/et_pb_image][\/et_pb_column][et_pb_column type=&#8221;1_6&#8243; _builder_version=&#8221;4.4.1&#8243;][et_pb_image src=&#8221;https:\/\/steamerproject.eu\/wp-content\/uploads\/2020\/03\/citadaskola-logo-JPG-1-268&#215;300.jpg&#8221; show_bottom_space=&#8221;off&#8221; align=&#8221;center&#8221; _builder_version=&#8221;4.4.1&#8243; width=&#8221;150px&#8221; module_alignment=&#8221;center&#8221; height=&#8221;97px&#8221; custom_margin=&#8221;0px|0px|0px|0px|false|false&#8221; custom_padding=&#8221;0px|0px|0px|0px|false|false&#8221; custom_css_main_element=&#8221;  border: 5px solid;||  border-image: linear-gradient(to right, #ECBE70, #EE6B7B) 10;&#8221; locked=&#8221;off&#8221;][\/et_pb_image][\/et_pb_column][et_pb_column type=&#8221;1_6&#8243; _builder_version=&#8221;4.4.1&#8243;][et_pb_image src=&#8221;https:\/\/steamerproject.eu\/wp-content\/uploads\/2020\/03\/logo_32School.jpg&#8221; show_bottom_space=&#8221;off&#8221; align=&#8221;center&#8221; _builder_version=&#8221;4.4.1&#8243; width=&#8221;150px&#8221; module_alignment=&#8221;center&#8221; height=&#8221;97px&#8221; custom_margin=&#8221;0px|0px|0px|0px|false|false&#8221; custom_padding=&#8221;0px|0px|0px|0px|false|false&#8221; custom_css_main_element=&#8221;  border: 5px solid;||  border-image: linear-gradient(to right, #ECBE70, #EE6B7B) 10;&#8221;][\/et_pb_image][\/et_pb_column][\/et_pb_row][et_pb_row disabled_on=&#8221;on|on|off&#8221; _builder_version=&#8221;4.4.2&#8243; width=&#8221;100%&#8221; max_width=&#8221;none&#8221;][et_pb_column type=&#8221;4_4&#8243; _builder_version=&#8221;4.4.2&#8243;][et_pb_image src=&#8221;https:\/\/steamerproject.eu\/wp-content\/uploads\/2020\/03\/bandeaupartenaires.jpg&#8221; _builder_version=&#8221;4.4.2&#8243;][\/et_pb_image][\/et_pb_column][\/et_pb_row][\/et_pb_section][et_pb_section fb_built=&#8221;1&#8243; _builder_version=&#8221;4.4.1&#8243; custom_padding=&#8221;30px||29px|||&#8221;][et_pb_row _builder_version=&#8221;4.4.1&#8243;][et_pb_column type=&#8221;4_4&#8243; _builder_version=&#8221;4.4.1&#8243;][et_pb_button button_url=&#8221;@ET-DC@eyJkeW5hbWljIjp0cnVlLCJjb250ZW50IjoicG9zdF9saW5rX3VybF9wYWdlIiwic2V0dGluZ3MiOnsicG9zdF9pZCI6IjE4In19@&#8221; button_text=&#8221;SCOPRI DI PI\u00d9&#8221; button_alignment=&#8221;center&#8221; _builder_version=&#8221;4.4.1&#8243; _dynamic_attributes=&#8221;button_url&#8221; custom_button=&#8221;on&#8221; button_text_size=&#8221;19px&#8221; button_text_color=&#8221;#ffffff&#8221; button_bg_use_color_gradient=&#8221;on&#8221; button_bg_color_gradient_start=&#8221;#eabc6e&#8221; button_bg_color_gradient_end=&#8221;#f06b7e&#8221; button_bg_color_gradient_direction=&#8221;90deg&#8221; button_border_width=&#8221;0px&#8221; button_border_color=&#8221;rgba(0,0,0,0)&#8221; button_border_radius=&#8221;66px&#8221; button_letter_spacing=&#8221;0px&#8221; button_font=&#8221;|700|||||||&#8221; custom_margin=&#8221;||||false|false&#8221; custom_padding=&#8221;|50px||50px|false|false&#8221; locked=&#8221;off&#8221;][\/et_pb_button][\/et_pb_column][\/et_pb_row][\/et_pb_section]<\/p>\n","protected":false},"excerpt":{"rendered":"<p>I nostri obiettivi &nbsp; Gli ultimi risultati del programma PISA (2018) mostrano che pi\u00f9 di un giovane su cinque in Europa non \u00e8 dotato delle competenze STEAM di base necessarie per numerosi lavori strategici nella nostra economia attuale. \u00c8 pertanto essenziale lavorare per migliorare il livello nelle materie scientifiche degli alunni dell&#8217;UE. Riteniamo che sia [&hellip;]<\/p>\n","protected":false},"author":2,"featured_media":0,"parent":0,"menu_order":0,"comment_status":"closed","ping_status":"closed","template":"page-template-blank.php","meta":{"_et_pb_use_builder":"on","_et_pb_old_content":"","_et_gb_content_width":"","inline_featured_image":false},"acf":[],"_links":{"self":[{"href":"https:\/\/steamerproject.eu\/it\/wp-json\/wp\/v2\/pages\/1204"}],"collection":[{"href":"https:\/\/steamerproject.eu\/it\/wp-json\/wp\/v2\/pages"}],"about":[{"href":"https:\/\/steamerproject.eu\/it\/wp-json\/wp\/v2\/types\/page"}],"author":[{"embeddable":true,"href":"https:\/\/steamerproject.eu\/it\/wp-json\/wp\/v2\/users\/2"}],"replies":[{"embeddable":true,"href":"https:\/\/steamerproject.eu\/it\/wp-json\/wp\/v2\/comments?post=1204"}],"version-history":[{"count":6,"href":"https:\/\/steamerproject.eu\/it\/wp-json\/wp\/v2\/pages\/1204\/revisions"}],"predecessor-version":[{"id":2717,"href":"https:\/\/steamerproject.eu\/it\/wp-json\/wp\/v2\/pages\/1204\/revisions\/2717"}],"wp:attachment":[{"href":"https:\/\/steamerproject.eu\/it\/wp-json\/wp\/v2\/media?parent=1204"}],"curies":[{"name":"wp","href":"https:\/\/api.w.org\/{rel}","templated":true}]}}