{"id":9066,"date":"2021-07-08T16:30:22","date_gmt":"2021-07-08T14:30:22","guid":{"rendered":"https:\/\/steamerproject.eu\/guide-de-creation-introduction\/"},"modified":"2022-05-24T12:13:44","modified_gmt":"2022-05-24T10:13:44","slug":"guide-de-creation-introduction","status":"publish","type":"page","link":"https:\/\/steamerproject.eu\/fr\/guide-de-creation-introduction\/","title":{"rendered":"Guide de cr\u00e9ation  &#8211; Introduction"},"content":{"rendered":"<p>[et_pb_section fb_built=\u00a0\u00bb1&Prime; _builder_version=\u00a0\u00bb4.15&Prime; background_color=\u00a0\u00bbrgba(0,0,0,0)\u00a0\u00bb z_index=\u00a0\u00bb1&Prime; custom_margin=\u00a0\u00bb||||false|false\u00a0\u00bb custom_padding=\u00a0\u00bb0px||0px||false|false\u00a0\u00bb locked=\u00a0\u00bboff\u00a0\u00bb global_colors_info=\u00a0\u00bb{}\u00a0\u00bb theme_builder_area=\u00a0\u00bbpost_content\u00a0\u00bb][et_pb_row _builder_version=\u00a0\u00bb4.15&Prime; _module_preset=\u00a0\u00bbdefault\u00a0\u00bb custom_margin=\u00a0\u00bb||50px||false|false\u00a0\u00bb custom_padding=\u00a0\u00bb0px||0px||false|false\u00a0\u00bb global_colors_info=\u00a0\u00bb{}\u00a0\u00bb theme_builder_area=\u00a0\u00bbpost_content\u00a0\u00bb][et_pb_column type=\u00a0\u00bb4_4&Prime; _builder_version=\u00a0\u00bb4.15&Prime; _module_preset=\u00a0\u00bbdefault\u00a0\u00bb global_colors_info=\u00a0\u00bb{}\u00a0\u00bb theme_builder_area=\u00a0\u00bbpost_content\u00a0\u00bb][et_pb_text _builder_version=\u00a0\u00bb4.15&Prime; _module_preset=\u00a0\u00bbdefault\u00a0\u00bb header_font=\u00a0\u00bb|700|||||||\u00a0\u00bb header_text_align=\u00a0\u00bbcenter\u00a0\u00bb header_text_color=\u00a0\u00bb#24449e\u00a0\u00bb header_line_height=\u00a0\u00bb2em\u00a0\u00bb custom_margin=\u00a0\u00bb0px||0px||false|false\u00a0\u00bb custom_padding=\u00a0\u00bb0px||0px||false|false\u00a0\u00bb global_colors_info=\u00a0\u00bb{}\u00a0\u00bb theme_builder_area=\u00a0\u00bbpost_content\u00a0\u00bb]<\/p>\n<h1>Introduction<\/h1>\n<p>[\/et_pb_text][et_pb_text _builder_version=\u00a0\u00bb4.15&Prime; _module_preset=\u00a0\u00bbdefault\u00a0\u00bb text_font_size=\u00a0\u00bb16px\u00a0\u00bb text_orientation=\u00a0\u00bbcenter\u00a0\u00bb global_colors_info=\u00a0\u00bb{}\u00a0\u00bb theme_builder_area=\u00a0\u00bbpost_content\u00a0\u00bb]<\/p>\n<p>\u00cates-vous <strong>enseignant<\/strong> ou <strong>formateur<\/strong> int\u00e9ress\u00e9 \u00e0 utiliser des escapes room dans l&rsquo;enseignement?<\/p>\n<p>Ce guide est pour vous!<\/p>\n<p>[\/et_pb_text][\/et_pb_column][\/et_pb_row][et_pb_row column_structure=\u00a0\u00bb1_3,2_3&Prime; custom_padding_last_edited=\u00a0\u00bbon|phone\u00a0\u00bb _builder_version=\u00a0\u00bb4.15&Prime; background_color=\u00a0\u00bb#ffffff\u00a0\u00bb width=\u00a0\u00bb100%\u00a0\u00bb max_width=\u00a0\u00bb1280px\u00a0\u00bb custom_padding=\u00a0\u00bb|50px|50px|50px|false|false\u00a0\u00bb custom_padding_tablet=\u00a0\u00bb\u00a0\u00bb custom_padding_phone=\u00a0\u00bb|25px||25px|false|false\u00a0\u00bb global_colors_info=\u00a0\u00bb{}\u00a0\u00bb theme_builder_area=\u00a0\u00bbpost_content\u00a0\u00bb][et_pb_column type=\u00a0\u00bb1_3&Prime; _builder_version=\u00a0\u00bb4.15&Prime; global_colors_info=\u00a0\u00bb{}\u00a0\u00bb theme_builder_area=\u00a0\u00bbpost_content\u00a0\u00bb][et_pb_text _builder_version=\u00a0\u00bb4.15&Prime; _module_preset=\u00a0\u00bbdefault\u00a0\u00bb header_font=\u00a0\u00bb|700|||||||\u00a0\u00bb header_text_color=\u00a0\u00bb#ef6a7b\u00a0\u00bb global_colors_info=\u00a0\u00bb{}\u00a0\u00bb theme_builder_area=\u00a0\u00bbpost_content\u00a0\u00bb]<\/p>\n<h1>Table des mati\u00e8res<\/h1>\n<p>[\/et_pb_text][et_pb_code _builder_version=\u00a0\u00bb4.15&Prime; _dynamic_attributes=\u00a0\u00bblink_option_url\u00a0\u00bb _module_preset=\u00a0\u00bbdefault\u00a0\u00bb custom_margin=\u00a0\u00bb||1em||false|false\u00a0\u00bb link_option_url=\u00a0\u00bb@ET-DC@eyJkeW5hbWljIjp0cnVlLCJjb250ZW50IjoicG9zdF9saW5rX3VybF9wYWdlIiwic2V0dGluZ3MiOnsicG9zdF9pZCI6Ijg3MTkifX0=@\u00a0\u00bb global_colors_info=\u00a0\u00bb{}\u00a0\u00bb theme_builder_area=\u00a0\u00bbpost_content\u00a0\u00bb]<pee><span class=\"currentSectionGuide\">Introduction<\/span><\/pee>[\/et_pb_code][et_pb_code _builder_version=\u00a0\u00bb4.15&Prime; _module_preset=\u00a0\u00bbdefault\u00a0\u00bb border_color_all=\u00a0\u00bbrgba(36,68,158,0.1)\u00a0\u00bb border_color_right=\u00a0\u00bbrgba(2,2,2,0.1)\u00a0\u00bb locked=\u00a0\u00bboff\u00a0\u00bb global_colors_info=\u00a0\u00bb{}\u00a0\u00bb theme_builder_area=\u00a0\u00bbpost_content\u00a0\u00bb][\/et_pb_code][et_pb_code _builder_version=\u00a0\u00bb4.15&Prime; _dynamic_attributes=\u00a0\u00bblink_option_url\u00a0\u00bb _module_preset=\u00a0\u00bbdefault\u00a0\u00bb link_option_url=\u00a0\u00bb@ET-DC@eyJkeW5hbWljIjp0cnVlLCJjb250ZW50IjoicG9zdF9saW5rX3VybF9wYWdlIiwic2V0dGluZ3MiOnsicG9zdF9pZCI6Ijg3NjMifX0=@\u00a0\u00bb global_colors_info=\u00a0\u00bb{}\u00a0\u00bb theme_builder_area=\u00a0\u00bbpost_content\u00a0\u00bb]<pee><span class=\"otherSectionGuide\">Partie 1: La narration dans les escapes rooms pour une p\u00e9dagogie efficace<\/span><\/pee><!-- [et_pb_line_break_holder] --><!-- [et_pb_line_break_holder] -->[\/et_pb_code][et_pb_code _builder_version=\u00a0\u00bb4.15&Prime; _dynamic_attributes=\u00a0\u00bblink_option_url\u00a0\u00bb _module_preset=\u00a0\u00bbdefault\u00a0\u00bb link_option_url=\u00a0\u00bb@ET-DC@eyJkeW5hbWljIjp0cnVlLCJjb250ZW50IjoicG9zdF9saW5rX3VybF9wYWdlIiwic2V0dGluZ3MiOnsicG9zdF9pZCI6Ijg3NzkifX0=@\u00a0\u00bb global_colors_info=\u00a0\u00bb{}\u00a0\u00bb theme_builder_area=\u00a0\u00bbpost_content\u00a0\u00bb]<pee><span class=\"otherSectionGuide\">Partie 2: Comment cr\u00e9er une escape room pour l&rsquo;\u00e9ducation STEAM<\/span><\/pee>[\/et_pb_code][et_pb_code _builder_version=\u00a0\u00bb4.15&Prime; _dynamic_attributes=\u00a0\u00bblink_option_url\u00a0\u00bb _module_preset=\u00a0\u00bbdefault\u00a0\u00bb link_option_url=\u00a0\u00bb@ET-DC@eyJkeW5hbWljIjp0cnVlLCJjb250ZW50IjoicG9zdF9saW5rX3VybF9wYWdlIiwic2V0dGluZ3MiOnsicG9zdF9pZCI6Ijg4MjkifX0=@\u00a0\u00bb global_colors_info=\u00a0\u00bb{}\u00a0\u00bb theme_builder_area=\u00a0\u00bbpost_content\u00a0\u00bb]<pee><span class=\"otherSectionGuide\">Partie 3: Ressources pour trouver du contenu<\/span><\/pee>[\/et_pb_code][et_pb_code _builder_version=\u00a0\u00bb4.15&Prime; _dynamic_attributes=\u00a0\u00bblink_option_url\u00a0\u00bb _module_preset=\u00a0\u00bbdefault\u00a0\u00bb link_option_url=\u00a0\u00bb@ET-DC@eyJkeW5hbWljIjp0cnVlLCJjb250ZW50IjoicG9zdF9saW5rX3VybF9wYWdlIiwic2V0dGluZ3MiOnsicG9zdF9pZCI6Ijg4ODAifX0=@\u00a0\u00bb global_colors_info=\u00a0\u00bb{}\u00a0\u00bb theme_builder_area=\u00a0\u00bbpost_content\u00a0\u00bb]<pee><span class=\"otherSectionGuide\">Partie 4: Conseils pratiques<\/span><\/pee>[\/et_pb_code][et_pb_code _builder_version=\u00a0\u00bb4.15&Prime; _dynamic_attributes=\u00a0\u00bblink_option_url\u00a0\u00bb _module_preset=\u00a0\u00bbdefault\u00a0\u00bb link_option_url=\u00a0\u00bb@ET-DC@eyJkeW5hbWljIjp0cnVlLCJjb250ZW50IjoicG9zdF9saW5rX3VybF9wYWdlIiwic2V0dGluZ3MiOnsicG9zdF9pZCI6Ijg4OTQifX0=@\u00a0\u00bb global_colors_info=\u00a0\u00bb{}\u00a0\u00bb theme_builder_area=\u00a0\u00bbpost_content\u00a0\u00bb]<pee><span class=\"otherSectionGuide\">Partie 5: Troubles ou handicaps<\/span><\/pee>[\/et_pb_code][et_pb_code _builder_version=\u00a0\u00bb4.15&Prime; _dynamic_attributes=\u00a0\u00bblink_option_url\u00a0\u00bb _module_preset=\u00a0\u00bbdefault\u00a0\u00bb link_option_url=\u00a0\u00bb@ET-DC@eyJkeW5hbWljIjp0cnVlLCJjb250ZW50IjoicG9zdF9saW5rX3VybF9wYWdlIiwic2V0dGluZ3MiOnsicG9zdF9pZCI6Ijg5MDYifX0=@\u00a0\u00bb global_colors_info=\u00a0\u00bb{}\u00a0\u00bb theme_builder_area=\u00a0\u00bbpost_content\u00a0\u00bb]<pee><span class=\"otherSectionGuide\">Partie 6: Des mod\u00e8les positifs pour les filles<\/span><\/pee>[\/et_pb_code][et_pb_code _builder_version=\u00a0\u00bb4.15&Prime; _dynamic_attributes=\u00a0\u00bblink_option_url\u00a0\u00bb _module_preset=\u00a0\u00bbdefault\u00a0\u00bb link_option_url=\u00a0\u00bb@ET-DC@eyJkeW5hbWljIjp0cnVlLCJjb250ZW50IjoicG9zdF9saW5rX3VybF9wYWdlIiwic2V0dGluZ3MiOnsicG9zdF9pZCI6Ijg5NTQifX0=@\u00a0\u00bb global_colors_info=\u00a0\u00bb{}\u00a0\u00bb theme_builder_area=\u00a0\u00bbpost_content\u00a0\u00bb]<pee><span class=\"otherSectionGuide\">Bibliographie<\/span><\/pee>[\/et_pb_code][et_pb_code _builder_version=\u00a0\u00bb4.15.1&Prime; _module_preset=\u00a0\u00bbdefault\u00a0\u00bb hover_enabled=\u00a0\u00bb0&Prime; locked=\u00a0\u00bboff\u00a0\u00bb global_colors_info=\u00a0\u00bb{}\u00a0\u00bb theme_builder_area=\u00a0\u00bbpost_content\u00a0\u00bb sticky_enabled=\u00a0\u00bb0&Prime;]<\/p>\n<div class=\"bookletSectionGuide\"><!-- [et_pb_line_break_holder] --><\/p>\n<div class=\"bookletSectionGuide--cover\"><!-- [et_pb_line_break_holder] --><img src=\"https:\/\/steamerproject.eu\/wp-content\/uploads\/2022\/05\/O2-cover.png\" \/><!-- [et_pb_line_break_holder] --><\/div>\n<p><!-- [et_pb_line_break_holder] --><!-- [et_pb_line_break_holder] --><\/p>\n<div class=\"bookletSectionGuide--text\"><pee>Vous souhaitez imprimer ce guide ou le lire hors ligne ?<\/pee><!-- [et_pb_line_break_holder] --><a href=\"https:\/\/steamerproject.eu\/wp-content\/uploads\/2022\/05\/O2_SteamER-Guide-de-cre\u0301ation-FR.pdf\"><\/p>\n<div class=\"bookletSectionGuide--download\">T\u00e9l\u00e9charger le PDF<\/div>\n<p><\/a><!-- [et_pb_line_break_holder] --><\/div>\n<p><!-- [et_pb_line_break_holder] --><!-- [et_pb_line_break_holder] --><\/div>\n<p>[\/et_pb_code][\/et_pb_column][et_pb_column type=\u00a0\u00bb2_3&Prime; module_class=\u00a0\u00bbguideTextColumn\u00a0\u00bb _builder_version=\u00a0\u00bb4.15&Prime; global_colors_info=\u00a0\u00bb{}\u00a0\u00bb theme_builder_area=\u00a0\u00bbpost_content\u00a0\u00bb][et_pb_text _builder_version=\u00a0\u00bb4.15&Prime; _module_preset=\u00a0\u00bbdefault\u00a0\u00bb global_colors_info=\u00a0\u00bb{}\u00a0\u00bb theme_builder_area=\u00a0\u00bbpost_content\u00a0\u00bb]<\/p>\n<h2>0.1 Escape Room &#8211; Guide de cr\u00e9ation<\/h2>\n<p>[\/et_pb_text][et_pb_text _builder_version=\u00a0\u00bb4.15&Prime; _module_preset=\u00a0\u00bbdefault\u00a0\u00bb global_colors_info=\u00a0\u00bb{}\u00a0\u00bb theme_builder_area=\u00a0\u00bbpost_content\u00a0\u00bb]<\/p>\n<p>Ce guide a \u00e9t\u00e9 con\u00e7u pour permettre au lecteur de comprendre <strong>toutes les \u00e9tapes<\/strong> du processus de conception d&rsquo;une <strong>escape room p\u00e9dagogique en partant de z\u00e9ro.<\/strong><\/p>\n<p>[\/et_pb_text][et_pb_text _builder_version=\u00a0\u00bb4.15&Prime; _module_preset=\u00a0\u00bbdefault\u00a0\u00bb global_colors_info=\u00a0\u00bb{}\u00a0\u00bb theme_builder_area=\u00a0\u00bbpost_content\u00a0\u00bb]<\/p>\n<p>Il vise \u00e0 fournir un soutien pratique \u00e0 tous les enseignants qui ne souhaitent pas utiliser les escape rooms p\u00e9dagogiques pr\u00e9fabriqu\u00e9es.<\/p>\n<p>[\/et_pb_text][et_pb_text _builder_version=\u00a0\u00bb4.15&Prime; _module_preset=\u00a0\u00bbdefault\u00a0\u00bb global_colors_info=\u00a0\u00bb{}\u00a0\u00bb theme_builder_area=\u00a0\u00bbpost_content\u00a0\u00bb]<\/p>\n<p>En plus de retracer le processus de conception qui doit \u00eatre \u00e0 la base du travail, le guide fournira des <strong>outils et des conseils<\/strong> pour faire de votre escape room une <strong>exp\u00e9rience<\/strong> qui a les bonnes caract\u00e9ristiques pour \u00eatre utilis\u00e9 \u00e0 des fins p\u00e9dagogiques.<\/p>\n<p>[\/et_pb_text][et_pb_text _builder_version=\u00a0\u00bb4.15&Prime; _module_preset=\u00a0\u00bbdefault\u00a0\u00bb global_colors_info=\u00a0\u00bb{}\u00a0\u00bb theme_builder_area=\u00a0\u00bbpost_content\u00a0\u00bb]<\/p>\n<p>Le guide vous permettra d&rsquo;approfondir certains aspects tr\u00e8s importants du point de vue de la conception d\u2019une escape room p\u00e9dagogique : <\/p>\n<p>[\/et_pb_text][et_pb_text _builder_version=\u00a0\u00bb4.15&Prime; _module_preset=\u00a0\u00bbdefault\u00a0\u00bb global_colors_info=\u00a0\u00bb{}\u00a0\u00bb theme_builder_area=\u00a0\u00bbpost_content\u00a0\u00bb]<\/p>\n<ol>\n<li><strong>Narration<\/strong> &#8211; le c\u0153ur de l&rsquo;histoire qui donne vie \u00e0 l\u2019escape room. Elle fournit un th\u00e8me complet qui peut soutenir la coh\u00e9rence de l&rsquo;exp\u00e9rience et promouvoir l&rsquo;immersion et l&rsquo;implication.<\/li>\n<li>Le <strong>processus d&rsquo;apprentissage<\/strong> attendu &#8211; la raison de cr\u00e9er une escape room p\u00e9dagogique.<\/li>\n<li>Le <strong>d\u00e9roulement du jeu<\/strong> &#8211; d\u00e9crit la structure et les phases de l&rsquo;exp\u00e9rience ludique pour les participants.<\/li>\n<li>La <strong>conception des puzzles<\/strong> &#8211; peut \u00eatre de diff\u00e9rents types et impliquer \u00e0 la fois des comp\u00e9tences cognitives et physiques.<\/li>\n<li><strong>Conseils pour l&rsquo;inclusion<\/strong> et la gestion des besoins li\u00e9s aux <strong>troubles de l&rsquo;apprentissage.<\/strong><\/li>\n<li>Le <strong>d\u00e9briefing<\/strong> &#8211; est l&rsquo;une des phases les plus importantes qui suit le jeu (mais qui est souvent n\u00e9glig\u00e9e), au cours de laquelle les joueurs sont sensibilis\u00e9s \u00e0 l&rsquo;apprentissage qui a eu lieu pendant le jeu.<\/li>\n<\/ol>\n<p>[\/et_pb_text][et_pb_text _builder_version=\u00a0\u00bb4.15&Prime; _module_preset=\u00a0\u00bbdefault\u00a0\u00bb global_colors_info=\u00a0\u00bb{}\u00a0\u00bb theme_builder_area=\u00a0\u00bbpost_content\u00a0\u00bb]<\/p>\n<p>En suivant les conseils pratiques du guide, il sera clair comment cr\u00e9er une escape room qui peut \u00eatre :<\/p>\n<ul>\n<li><strong>Motivante<\/strong>, gr\u00e2ce \u00e0 une analyse approfondie des techniques de narration et des conseils utiles pour bien raconter une histoire;<\/li>\n<li><strong>Adapt\u00e9<\/strong>\u00e0 l&rsquo;enseignement du contenu STEAM (Science, Technologie, Ing\u00e9nierie, Arts et Math\u00e9matiques);<\/li>\n<li><strong>Inclusive<\/strong>, gr\u00e2ce aux suggestions utiles qui transmettent des mod\u00e8les positifs pour les filles, stimulant leur int\u00e9r\u00eat pour les sujets de STEAM..<\/li>\n<\/ul>\n<p>[\/et_pb_text][et_pb_image src=\u00a0\u00bbhttps:\/\/steamerproject.eu\/wp-content\/uploads\/2021\/07\/summary-steamer.png\u00a0\u00bb title_text=\u00a0\u00bbsummary-steamer\u00a0\u00bb _builder_version=\u00a0\u00bb4.15&Prime; _module_preset=\u00a0\u00bbdefault\u00a0\u00bb global_colors_info=\u00a0\u00bb{}\u00a0\u00bb theme_builder_area=\u00a0\u00bbpost_content\u00a0\u00bb][\/et_pb_image][et_pb_text _builder_version=\u00a0\u00bb4.15&Prime; _module_preset=\u00a0\u00bbdefault\u00a0\u00bb global_colors_info=\u00a0\u00bb{}\u00a0\u00bb theme_builder_area=\u00a0\u00bbpost_content\u00a0\u00bb]<\/p>\n<ul>\n<li>1: Quels sont les \u00e9l\u00e9ments auxquels nous devrions penser pour g\u00e9n\u00e9rer une exp\u00e9rience d&rsquo; apprentissage ludique efficace et captivante ?<\/li>\n<li>2: Comment concevoir une escape room p\u00e9dagogique pour les mati\u00e8res STEAM ? Comment relier l&rsquo;exp\u00e9rience d&rsquo;escape room avec les programmes STEAM et avec d&rsquo;autres mati\u00e8res ?<\/li>\n<li>3: Quels sont les \u00e9l\u00e9ments \u00e0 utiliser ? Et o\u00f9 trouver des contenus \u00e0 utiliser et de s&rsquo;en inspirer ?<\/li>\n<li>4: Comment g\u00e9rer la difficult\u00e9 et soutenir les joueurs pendant l&rsquo;exp\u00e9rience ? Comment g\u00e9rer un d\u00e9briefing efficace ?<\/li>\n<li>5: Quelles m\u00e9thodes et approches utiliser pour impliquer les \u00e9l\u00e8ves ayant des difficult\u00e9s d&rsquo;apprentissage ?<\/li>\n<li>6: Quelles    sont les m\u00e9thodes et les approches \u00e0 utiliser pour atteindre cet objectif ? Et pour appliquer les id\u00e9es propos\u00e9es \u00e0 une escape room p\u00e9dagogique ? Nous d\u00e9couvrirons sept histoires inspirantes sur les femmes dans les mati\u00e8res STEAM !<\/li>\n<\/ul>\n<p>[\/et_pb_text][\/et_pb_column][\/et_pb_row][et_pb_row column_structure=\u00a0\u00bb1_2,1_2&Prime; make_equal=\u00a0\u00bbon\u00a0\u00bb custom_padding_last_edited=\u00a0\u00bboff|desktop\u00a0\u00bb _builder_version=\u00a0\u00bb4.15&Prime; background_color=\u00a0\u00bb#ffffff\u00a0\u00bb width=\u00a0\u00bb100%\u00a0\u00bb max_width=\u00a0\u00bb1280px\u00a0\u00bb custom_padding=\u00a0\u00bb|50px|180px|50px|false|false\u00a0\u00bb custom_padding_phone=\u00a0\u00bb|25px||25px|false|false\u00a0\u00bb global_colors_info=\u00a0\u00bb{}\u00a0\u00bb theme_builder_area=\u00a0\u00bbpost_content\u00a0\u00bb][et_pb_column type=\u00a0\u00bb1_2&Prime; _builder_version=\u00a0\u00bb4.15&Prime; global_colors_info=\u00a0\u00bb{}\u00a0\u00bb theme_builder_area=\u00a0\u00bbpost_content\u00a0\u00bb][\/et_pb_column][et_pb_column type=\u00a0\u00bb1_2&Prime; module_class=\u00a0\u00bbguideTextColumn\u00a0\u00bb _builder_version=\u00a0\u00bb4.15&Prime; global_colors_info=\u00a0\u00bb{}\u00a0\u00bb theme_builder_area=\u00a0\u00bbpost_content\u00a0\u00bb][et_pb_text module_class=\u00a0\u00bbbuttonSection\u00a0\u00bb _builder_version=\u00a0\u00bb4.15&Prime; _dynamic_attributes=\u00a0\u00bblink_option_url\u00a0\u00bb _module_preset=\u00a0\u00bbdefault\u00a0\u00bb text_font=\u00a0\u00bb|600|||||||\u00a0\u00bb text_text_color=\u00a0\u00bb#24449e\u00a0\u00bb text_line_height=\u00a0\u00bb4em\u00a0\u00bb header_font=\u00a0\u00bb|700|||||||\u00a0\u00bb header_text_color=\u00a0\u00bb#24449e\u00a0\u00bb text_orientation=\u00a0\u00bbcenter\u00a0\u00bb height=\u00a0\u00bb100%\u00a0\u00bb custom_padding=\u00a0\u00bb15px|15px|15px|15px|false|false\u00a0\u00bb link_option_url=\u00a0\u00bb@ET-DC@eyJkeW5hbWljIjp0cnVlLCJjb250ZW50IjoicG9zdF9saW5rX3VybF9wYWdlIiwic2V0dGluZ3MiOnsicG9zdF9pZCI6Ijg3NjMifX0=@\u00a0\u00bb border_radii=\u00a0\u00bbon|5px|5px|5px|5px\u00a0\u00bb border_width_all=\u00a0\u00bb2px\u00a0\u00bb border_color_all=\u00a0\u00bb#24449e\u00a0\u00bb box_shadow_style=\u00a0\u00bbpreset3&Prime; box_shadow_vertical=\u00a0\u00bb20px\u00a0\u00bb box_shadow_blur=\u00a0\u00bb40px\u00a0\u00bb box_shadow_spread=\u00a0\u00bb-40px\u00a0\u00bb box_shadow_color=\u00a0\u00bb#001b51&Prime; global_colors_info=\u00a0\u00bb{}\u00a0\u00bb theme_builder_area=\u00a0\u00bbpost_content\u00a0\u00bb]<\/p>\n<div>\n<p style=\"color: #24449e;\">Prochaine section<\/p>\n<h1>La narration en escape room pour une p\u00e9dagogie efficace<\/h1>\n<\/div>\n<p>[\/et_pb_text][\/et_pb_column][\/et_pb_row][\/et_pb_section]<\/p>\n","protected":false},"excerpt":{"rendered":"<p>Introduction\u00cates-vous enseignant ou formateur int\u00e9ress\u00e9 \u00e0 utiliser des escapes room dans l&rsquo;enseignement? Ce guide est pour vous!Table des mati\u00e8res0.1 Escape Room &#8211; Guide de cr\u00e9ationCe guide a \u00e9t\u00e9 con\u00e7u pour permettre au lecteur de comprendre toutes les \u00e9tapes du processus de conception d&rsquo;une escape room p\u00e9dagogique en partant de z\u00e9ro.Il vise \u00e0 fournir un soutien [&hellip;]<\/p>\n","protected":false},"author":1,"featured_media":0,"parent":0,"menu_order":0,"comment_status":"closed","ping_status":"closed","template":"","meta":{"_et_pb_use_builder":"on","_et_pb_old_content":"","_et_gb_content_width":"","inline_featured_image":false},"acf":[],"_links":{"self":[{"href":"https:\/\/steamerproject.eu\/fr\/wp-json\/wp\/v2\/pages\/9066"}],"collection":[{"href":"https:\/\/steamerproject.eu\/fr\/wp-json\/wp\/v2\/pages"}],"about":[{"href":"https:\/\/steamerproject.eu\/fr\/wp-json\/wp\/v2\/types\/page"}],"author":[{"embeddable":true,"href":"https:\/\/steamerproject.eu\/fr\/wp-json\/wp\/v2\/users\/1"}],"replies":[{"embeddable":true,"href":"https:\/\/steamerproject.eu\/fr\/wp-json\/wp\/v2\/comments?post=9066"}],"version-history":[{"count":8,"href":"https:\/\/steamerproject.eu\/fr\/wp-json\/wp\/v2\/pages\/9066\/revisions"}],"predecessor-version":[{"id":15003,"href":"https:\/\/steamerproject.eu\/fr\/wp-json\/wp\/v2\/pages\/9066\/revisions\/15003"}],"wp:attachment":[{"href":"https:\/\/steamerproject.eu\/fr\/wp-json\/wp\/v2\/media?parent=9066"}],"curies":[{"name":"wp","href":"https:\/\/api.w.org\/{rel}","templated":true}]}}