{"id":2409,"date":"2021-01-07T17:08:56","date_gmt":"2021-01-07T16:08:56","guid":{"rendered":"https:\/\/steamerproject.eu\/guide-pedagogique-conclusion\/"},"modified":"2022-05-24T11:37:33","modified_gmt":"2022-05-24T09:37:33","slug":"guide-pedagogique-conclusion","status":"publish","type":"page","link":"https:\/\/steamerproject.eu\/fr\/guide-pedagogique-conclusion\/","title":{"rendered":"Guide P\u00e9dagogique &#8211; Conclusion"},"content":{"rendered":"<p>[et_pb_section fb_built=\u00a0\u00bb1&Prime; _builder_version=\u00a0\u00bb4.15&Prime; background_color=\u00a0\u00bbrgba(0,0,0,0)\u00a0\u00bb z_index=\u00a0\u00bb1&Prime; custom_padding=\u00a0\u00bb0px||0px||false|false\u00a0\u00bb locked=\u00a0\u00bboff\u00a0\u00bb global_colors_info=\u00a0\u00bb{}\u00a0\u00bb theme_builder_area=\u00a0\u00bbpost_content\u00a0\u00bb][et_pb_row _builder_version=\u00a0\u00bb4.15&Prime; _module_preset=\u00a0\u00bbdefault\u00a0\u00bb custom_margin=\u00a0\u00bb||50px||false|false\u00a0\u00bb custom_padding=\u00a0\u00bb0px||0px||false|false\u00a0\u00bb global_colors_info=\u00a0\u00bb{}\u00a0\u00bb theme_builder_area=\u00a0\u00bbpost_content\u00a0\u00bb][et_pb_column type=\u00a0\u00bb4_4&Prime; _builder_version=\u00a0\u00bb4.15&Prime; _module_preset=\u00a0\u00bbdefault\u00a0\u00bb global_colors_info=\u00a0\u00bb{}\u00a0\u00bb theme_builder_area=\u00a0\u00bbpost_content\u00a0\u00bb][et_pb_text _builder_version=\u00a0\u00bb4.15&Prime; _module_preset=\u00a0\u00bbdefault\u00a0\u00bb header_font=\u00a0\u00bb|700|||||||\u00a0\u00bb header_text_align=\u00a0\u00bbcenter\u00a0\u00bb header_text_color=\u00a0\u00bb#24449e\u00a0\u00bb header_line_height=\u00a0\u00bb2em\u00a0\u00bb custom_margin=\u00a0\u00bb0px||0px||false|false\u00a0\u00bb custom_padding=\u00a0\u00bb0px||0px||false|false\u00a0\u00bb global_colors_info=\u00a0\u00bb{}\u00a0\u00bb theme_builder_area=\u00a0\u00bbpost_content\u00a0\u00bb]<H1>Conclusion<\/H1>[\/et_pb_text][\/et_pb_column][\/et_pb_row][et_pb_row column_structure=\u00a0\u00bb1_3,2_3&Prime; custom_padding_last_edited=\u00a0\u00bbon|phone\u00a0\u00bb _builder_version=\u00a0\u00bb4.15&Prime; background_color=\u00a0\u00bb#ffffff\u00a0\u00bb width=\u00a0\u00bb100%\u00a0\u00bb max_width=\u00a0\u00bb1280px\u00a0\u00bb custom_padding=\u00a0\u00bb|50px|50px|50px|false|false\u00a0\u00bb custom_padding_tablet=\u00a0\u00bb\u00a0\u00bb custom_padding_phone=\u00a0\u00bb|25px||25px|false|false\u00a0\u00bb global_colors_info=\u00a0\u00bb{}\u00a0\u00bb theme_builder_area=\u00a0\u00bbpost_content\u00a0\u00bb][et_pb_column type=\u00a0\u00bb1_3&Prime; _builder_version=\u00a0\u00bb4.15&Prime; global_colors_info=\u00a0\u00bb{}\u00a0\u00bb theme_builder_area=\u00a0\u00bbpost_content\u00a0\u00bb][et_pb_text _builder_version=\u00a0\u00bb4.15&Prime; _module_preset=\u00a0\u00bbdefault\u00a0\u00bb header_font=\u00a0\u00bb|700|||||||\u00a0\u00bb header_text_color=\u00a0\u00bb#ef6a7b\u00a0\u00bb global_colors_info=\u00a0\u00bb{}\u00a0\u00bb theme_builder_area=\u00a0\u00bbpost_content\u00a0\u00bb]<\/p>\n<h1>Table des mati\u00e8res<\/h1>\n<p>[\/et_pb_text][et_pb_code _builder_version=\u00a0\u00bb4.15&Prime; _dynamic_attributes=\u00a0\u00bblink_option_url\u00a0\u00bb _module_preset=\u00a0\u00bbdefault\u00a0\u00bb link_option_url=\u00a0\u00bb@ET-DC@eyJkeW5hbWljIjp0cnVlLCJjb250ZW50IjoicG9zdF9saW5rX3VybF9wYWdlIiwic2V0dGluZ3MiOnsicG9zdF9pZCI6IjIwMzgifX0=@\u00a0\u00bb global_colors_info=\u00a0\u00bb{}\u00a0\u00bb theme_builder_area=\u00a0\u00bbpost_content\u00a0\u00bb]<span class=\"otherSectionGuide\">Introduction<\/span><!-- [et_pb_line_break_holder] -->[\/et_pb_code][et_pb_code _builder_version=\u00a0\u00bb4.15&Prime; _dynamic_attributes=\u00a0\u00bblink_option_url\u00a0\u00bb _module_preset=\u00a0\u00bbdefault\u00a0\u00bb custom_margin=\u00a0\u00bb||1em||false|false\u00a0\u00bb link_option_url=\u00a0\u00bb@ET-DC@eyJkeW5hbWljIjp0cnVlLCJjb250ZW50IjoicG9zdF9saW5rX3VybF9wYWdlIiwic2V0dGluZ3MiOnsicG9zdF9pZCI6IjE2NzMifX0=@\u00a0\u00bb global_colors_info=\u00a0\u00bb{}\u00a0\u00bb theme_builder_area=\u00a0\u00bbpost_content\u00a0\u00bb]<span class=\"otherSectionGuide\">Partie 1: Pourquoi les Escape Rooms sont utiles pour l\u2019\u00e9ducation aux STEAM<\/span>[\/et_pb_code][et_pb_code _builder_version=\u00a0\u00bb4.15&Prime; _dynamic_attributes=\u00a0\u00bblink_option_url\u00a0\u00bb _module_preset=\u00a0\u00bbdefault\u00a0\u00bb link_option_url=\u00a0\u00bb@ET-DC@eyJkeW5hbWljIjp0cnVlLCJjb250ZW50IjoicG9zdF9saW5rX3VybF9wYWdlIiwic2V0dGluZ3MiOnsicG9zdF9pZCI6IjIxMzgifX0=@\u00a0\u00bb global_colors_info=\u00a0\u00bb{}\u00a0\u00bb theme_builder_area=\u00a0\u00bbpost_content\u00a0\u00bb]<pee><span class=\"otherSectionGuide\">Partie 2: Comment int\u00e9grer une Escape Room dans les programmes scolaires<\/span><\/pee>[\/et_pb_code][et_pb_code _builder_version=\u00a0\u00bb4.15&Prime; _dynamic_attributes=\u00a0\u00bblink_option_url\u00a0\u00bb _module_preset=\u00a0\u00bbdefault\u00a0\u00bb link_option_url=\u00a0\u00bb@ET-DC@eyJkeW5hbWljIjp0cnVlLCJjb250ZW50IjoicG9zdF9saW5rX3VybF9wYWdlIiwic2V0dGluZ3MiOnsicG9zdF9pZCI6IjIxNTYifX0=@\u00a0\u00bb global_colors_info=\u00a0\u00bb{}\u00a0\u00bb theme_builder_area=\u00a0\u00bbpost_content\u00a0\u00bb]<span class=\"otherSectionGuide\">Partie 3 : Comment capitaliser sur les connaissances pr\u00e9c\u00e9dentes des \u00e9tudiants et comment valoriser leurs comp\u00e9tences et savoirs d\u00e9velopper durant l\u2019Escape Room<\/span>[\/et_pb_code][et_pb_code _builder_version=\u00a0\u00bb4.15&Prime; _dynamic_attributes=\u00a0\u00bblink_option_url\u00a0\u00bb _module_preset=\u00a0\u00bbdefault\u00a0\u00bb link_option_url=\u00a0\u00bb@ET-DC@eyJkeW5hbWljIjp0cnVlLCJjb250ZW50IjoicG9zdF9saW5rX3VybF9wYWdlIiwic2V0dGluZ3MiOnsicG9zdF9pZCI6IjIxNTgifX0=@\u00a0\u00bb global_colors_info=\u00a0\u00bb{}\u00a0\u00bb theme_builder_area=\u00a0\u00bbpost_content\u00a0\u00bb]<pee><span class=\"otherSectionGuide\">Partie 4: Comment animer une Escape Room<\/span><\/pee>[\/et_pb_code][et_pb_code _builder_version=\u00a0\u00bb4.15&Prime; _module_preset=\u00a0\u00bbdefault\u00a0\u00bb border_color_all=\u00a0\u00bbrgba(36,68,158,0.1)\u00a0\u00bb border_color_right=\u00a0\u00bbrgba(2,2,2,0.1)\u00a0\u00bb locked=\u00a0\u00bboff\u00a0\u00bb global_colors_info=\u00a0\u00bb{}\u00a0\u00bb theme_builder_area=\u00a0\u00bbpost_content\u00a0\u00bb][\/et_pb_code][et_pb_code _builder_version=\u00a0\u00bb4.15&Prime; _dynamic_attributes=\u00a0\u00bblink_option_url\u00a0\u00bb _module_preset=\u00a0\u00bbdefault\u00a0\u00bb link_option_url=\u00a0\u00bb@ET-DC@eyJkeW5hbWljIjp0cnVlLCJjb250ZW50IjoicG9zdF9saW5rX3VybF9wYWdlIiwic2V0dGluZ3MiOnsicG9zdF9pZCI6IjIxNjAifX0=@\u00a0\u00bb global_colors_info=\u00a0\u00bb{}\u00a0\u00bb theme_builder_area=\u00a0\u00bbpost_content\u00a0\u00bb]<span class=\"otherSectionGuide\">Partie 5: Comment int\u00e9grer diff\u00e9rents profils d\u2019\u00e9tudiants<\/span>[\/et_pb_code][et_pb_code _builder_version=\u00a0\u00bb4.15&Prime; _module_preset=\u00a0\u00bbdefault\u00a0\u00bb global_colors_info=\u00a0\u00bb{}\u00a0\u00bb theme_builder_area=\u00a0\u00bbpost_content\u00a0\u00bb]<pee><span class=\"currentSectionGuide\">Conclusion<\/span><\/pee>[\/et_pb_code][et_pb_code _builder_version=\u00a0\u00bb4.15&Prime; _dynamic_attributes=\u00a0\u00bblink_option_url\u00a0\u00bb _module_preset=\u00a0\u00bbdefault\u00a0\u00bb link_option_url=\u00a0\u00bb@ET-DC@eyJkeW5hbWljIjp0cnVlLCJjb250ZW50IjoicG9zdF9saW5rX3VybF9wYWdlIiwic2V0dGluZ3MiOnsicG9zdF9pZCI6IjIxNjQifX0=@\u00a0\u00bb global_colors_info=\u00a0\u00bb{}\u00a0\u00bb theme_builder_area=\u00a0\u00bbpost_content\u00a0\u00bb]<pee><span class=\"otherSectionGuide\">Bibliographie<\/span><\/pee>[\/et_pb_code][et_pb_code _builder_version=\u00a0\u00bb4.15.1&Prime; _module_preset=\u00a0\u00bbdefault\u00a0\u00bb locked=\u00a0\u00bboff\u00a0\u00bb global_colors_info=\u00a0\u00bb{}\u00a0\u00bb theme_builder_area=\u00a0\u00bbpost_content\u00a0\u00bb]<\/p>\n<div class=\"bookletSectionGuide\"><!-- [et_pb_line_break_holder] --><\/p>\n<div class=\"bookletSectionGuide--cover\"><!-- [et_pb_line_break_holder] --><img src=\"https:\/\/steamerproject.eu\/wp-content\/uploads\/2020\/12\/PedGuide_Cover.jpg\" \/><!-- [et_pb_line_break_holder] --><\/div>\n<p><!-- [et_pb_line_break_holder] --><!-- [et_pb_line_break_holder] --><\/p>\n<div class=\"bookletSectionGuide--text\"><pee>Vous souhaitez imprimer ce guide ou le lire hors ligne ?<\/pee><!-- [et_pb_line_break_holder] --><a href=\"https:\/\/steamerproject.eu\/wp-content\/uploads\/2022\/05\/STEAMER-Pedagogical-Guide-FR.pdf\"><\/p>\n<div class=\"bookletSectionGuide--download\">T\u00e9l\u00e9charger le PDF<\/div>\n<p><\/a><!-- [et_pb_line_break_holder] --><\/div>\n<p><!-- [et_pb_line_break_holder] --><!-- [et_pb_line_break_holder] --><\/div>\n<p>[\/et_pb_code][\/et_pb_column][et_pb_column type=\u00a0\u00bb2_3&Prime; module_class=\u00a0\u00bbguideTextColumn\u00a0\u00bb _builder_version=\u00a0\u00bb4.15&Prime; global_colors_info=\u00a0\u00bb{}\u00a0\u00bb theme_builder_area=\u00a0\u00bbpost_content\u00a0\u00bb][et_pb_text admin_label=\u00a0\u00bbText\u00a0\u00bb _builder_version=\u00a0\u00bb4.15&Prime; _module_preset=\u00a0\u00bbdefault\u00a0\u00bb global_colors_info=\u00a0\u00bb{}\u00a0\u00bb theme_builder_area=\u00a0\u00bbpost_content\u00a0\u00bb]<\/p>\n<p>Les escapes room se d\u00e9veloppent rapidement dans le monde entier et sont devenues une exp\u00e9rience innovante et immersive. Elles attirent un vaste public de tous \u00e2ges et de tous horizons. Leur concept polyvalent nous a inspir\u00e9s pour explorer leur potentiel p\u00e9dagogique et les utiliser dans un contexte \u00e9ducatif afin de renforcer l\u2019\u00e9ducation STEAM.<\/p>\n<p>[\/et_pb_text][et_pb_text _builder_version=\u00a0\u00bb4.15&Prime; _module_preset=\u00a0\u00bbdefault\u00a0\u00bb global_colors_info=\u00a0\u00bb{}\u00a0\u00bb theme_builder_area=\u00a0\u00bbpost_content\u00a0\u00bb]<\/p>\n<p>En effet, les escapes room sont un outil incroyable qui a un grand potentiel pour l\u2019apprentissage par le jeu. Elles offrent un large \u00e9ventail de possibilit\u00e9s d\u2019\u00e9ducation par le jeu, dans tous les domaines, mais particuli\u00e8rement pour l\u2019\u00e9ducation STEAM. Elles stimulent un grand nombre de comp\u00e9tences essentielles du 21e si\u00e8cle qui sont enseign\u00e9es \u00e0 l\u2019\u00e9cole et n\u00e9cessaires dans le monde professionnel, telles que le travail en \u00e9quipe, la communication, la gestion du temps, l\u2019esprit critique, la r\u00e9solution de probl\u00e8mes, la r\u00e9flexion hors des sentiers battus, les comp\u00e9tences organisationnelles, l\u2019apprentissage bas\u00e9 sur la recherche, l\u2019apprentissage actif, etc.<\/p>\n<p>[\/et_pb_text][et_pb_text _builder_version=\u00a0\u00bb4.15&Prime; _module_preset=\u00a0\u00bbdefault\u00a0\u00bb global_colors_info=\u00a0\u00bb{}\u00a0\u00bb theme_builder_area=\u00a0\u00bbpost_content\u00a0\u00bb]<\/p>\n<p>Ils stimulent \u00e9galement diff\u00e9rents profils d\u2019\u00e9l\u00e8ves et les engagent davantage dans les mati\u00e8res de STEAM en respectant les quatre libert\u00e9s de jeu tout en leur apportant un contenu \u00e9ducatif. Gr\u00e2ce \u00e0 leurs multiples modes de jeu, ils constituent \u00e9galement un outil id\u00e9al pour l\u2019inclusion dans l\u2019\u00e9ducation.<\/p>\n<p>[\/et_pb_text][et_pb_text _builder_version=\u00a0\u00bb4.15&Prime; _module_preset=\u00a0\u00bbdefault\u00a0\u00bb global_colors_info=\u00a0\u00bb{}\u00a0\u00bb theme_builder_area=\u00a0\u00bbpost_content\u00a0\u00bb]<\/p>\n<p>Comme nous l\u2019avons vu, il existe de nombreux types de salles d\u2019\u00e9vasion et des possibilit\u00e9s infinies d\u2019utilisations, de th\u00e8mes et de configurations. Dans ce manuel, nous nous sommes concentr\u00e9s sur les escapes room p\u00e9dagogiques, qui se pr\u00e9sentent g\u00e9n\u00e9ralement sous la forme d\u2019une bo\u00eete de jeu, d\u2019une bo\u00eete de rangement ou d\u2019un livre de jeu, car ce sont les plus pratiques \u00e0 installer et les plus faciles \u00e0 utiliser dans un contexte p\u00e9dagogique.<\/p>\n<p>[\/et_pb_text][et_pb_text _builder_version=\u00a0\u00bb4.15&Prime; _module_preset=\u00a0\u00bbdefault\u00a0\u00bb global_colors_info=\u00a0\u00bb{}\u00a0\u00bb theme_builder_area=\u00a0\u00bbpost_content\u00a0\u00bb]<\/p>\n<p>Bien que les escapes room n\u00e9cessitent beaucoup de temps pour les pr\u00e9parer, elles peuvent stimuler l\u2019int\u00e9r\u00eat des \u00e9l\u00e8ves pour les sujets STEAM, ce qui aura un impact positif \u00e0 long terme sur les r\u00e9sultats de STEAM et sera r\u00e9utilis\u00e9 plus tard, ce qui en fait un merveilleux investissement p\u00e9dagogique.<\/p>\n<p>[\/et_pb_text][et_pb_text _builder_version=\u00a0\u00bb4.15&Prime; _module_preset=\u00a0\u00bbdefault\u00a0\u00bb global_colors_info=\u00a0\u00bb{}\u00a0\u00bb theme_builder_area=\u00a0\u00bbpost_content\u00a0\u00bb]<\/p>\n<p>Ce guide couvre la structure, la pr\u00e9paration, la conception, l\u2019exploitation et l\u2019inclusion dans les salles d\u2019\u00e9vasion. Dans les r\u00e9sultats suivants, vous pourrez appliquer directement tous les conseils donn\u00e9s dans ce guide en r\u00e9alisant votre propre salle d\u2019\u00e9vasion. Gr\u00e2ce \u00e0 leur polyvalence naturelle, ils pourront prendre en charge tout type de mat\u00e9riel scolaire, et ce, pour une large tranche d\u2019\u00e2ge.   <\/p>\n<p>[\/et_pb_text][et_pb_text _builder_version=\u00a0\u00bb4.15&Prime; _module_preset=\u00a0\u00bbdefault\u00a0\u00bb global_colors_info=\u00a0\u00bb{}\u00a0\u00bb theme_builder_area=\u00a0\u00bbpost_content\u00a0\u00bb]<\/p>\n<p>Le guide de cr\u00e9ation d\u2019une salle d\u2019\u00e9vasion et le module d\u2019apprentissage en ligne vous aideront pas \u00e0 pas dans la cr\u00e9ation de votre salle d\u2019\u00e9vasion, tandis que le g\u00e9n\u00e9rateur STEAMER vous aidera \u00e0 cr\u00e9er le sc\u00e9nario et les personnages dont votre salle d\u2019\u00e9vasion pourrait avoir besoin. Afin que vous disposiez de tous les outils n\u00e9cessaires pour construire une exp\u00e9rience \u00e9ducative immersive et ludique pour vos \u00e9l\u00e8ves, des sc\u00e9narios et de le\u00e7ons ainsi qu\u2019un guide pratique de mise en \u0153uvre seront \u00e9galement disponibles. <\/p>\n<p>[\/et_pb_text][\/et_pb_column][\/et_pb_row][et_pb_row column_structure=\u00a0\u00bb1_2,1_2&Prime; make_equal=\u00a0\u00bbon\u00a0\u00bb custom_padding_last_edited=\u00a0\u00bboff|desktop\u00a0\u00bb _builder_version=\u00a0\u00bb4.15&Prime; background_color=\u00a0\u00bb#ffffff\u00a0\u00bb width=\u00a0\u00bb100%\u00a0\u00bb max_width=\u00a0\u00bb1280px\u00a0\u00bb custom_padding=\u00a0\u00bb|50px|180px|50px|false|false\u00a0\u00bb custom_padding_phone=\u00a0\u00bb|25px||25px|false|false\u00a0\u00bb locked=\u00a0\u00bboff\u00a0\u00bb global_colors_info=\u00a0\u00bb{}\u00a0\u00bb theme_builder_area=\u00a0\u00bbpost_content\u00a0\u00bb][et_pb_column type=\u00a0\u00bb1_2&Prime; _builder_version=\u00a0\u00bb4.15&Prime; global_colors_info=\u00a0\u00bb{}\u00a0\u00bb theme_builder_area=\u00a0\u00bbpost_content\u00a0\u00bb][et_pb_text module_class=\u00a0\u00bbbuttonSection\u00a0\u00bb _builder_version=\u00a0\u00bb4.15&Prime; _dynamic_attributes=\u00a0\u00bblink_option_url\u00a0\u00bb _module_preset=\u00a0\u00bbdefault\u00a0\u00bb text_font=\u00a0\u00bb|600|||||||\u00a0\u00bb text_text_color=\u00a0\u00bb#24449e\u00a0\u00bb text_line_height=\u00a0\u00bb4em\u00a0\u00bb header_font=\u00a0\u00bb|700|||||||\u00a0\u00bb header_text_color=\u00a0\u00bb#24449e\u00a0\u00bb text_orientation=\u00a0\u00bbcenter\u00a0\u00bb height=\u00a0\u00bb100%\u00a0\u00bb custom_padding=\u00a0\u00bb15px|15px|15px|15px|false|false\u00a0\u00bb link_option_url=\u00a0\u00bb@ET-DC@eyJkeW5hbWljIjp0cnVlLCJjb250ZW50IjoicG9zdF9saW5rX3VybF9wYWdlIiwic2V0dGluZ3MiOnsicG9zdF9pZCI6IjIxNjAifX0=@\u00a0\u00bb border_radii=\u00a0\u00bbon|5px|5px|5px|5px\u00a0\u00bb border_width_all=\u00a0\u00bb2px\u00a0\u00bb border_color_all=\u00a0\u00bb#24449e\u00a0\u00bb box_shadow_style=\u00a0\u00bbpreset3&Prime; box_shadow_vertical=\u00a0\u00bb20px\u00a0\u00bb box_shadow_blur=\u00a0\u00bb40px\u00a0\u00bb box_shadow_spread=\u00a0\u00bb-40px\u00a0\u00bb box_shadow_color=\u00a0\u00bb#001b51&Prime; global_colors_info=\u00a0\u00bb{}\u00a0\u00bb theme_builder_area=\u00a0\u00bbpost_content\u00a0\u00bb]<\/p>\n<div>\n<p style=\"color: #24449e;\">Section pr\u00e9c\u00e9dente<\/p>\n<h1>Comment int\u00e9grer diff\u00e9rents profils d\u2019\u00e9tudiants<\/h1>\n<\/div>\n<p>[\/et_pb_text][\/et_pb_column][et_pb_column type=\u00a0\u00bb1_2&Prime; module_class=\u00a0\u00bbguideTextColumn\u00a0\u00bb _builder_version=\u00a0\u00bb4.15&Prime; global_colors_info=\u00a0\u00bb{}\u00a0\u00bb theme_builder_area=\u00a0\u00bbpost_content\u00a0\u00bb][et_pb_text module_class=\u00a0\u00bbbuttonSection\u00a0\u00bb _builder_version=\u00a0\u00bb4.15&Prime; _dynamic_attributes=\u00a0\u00bblink_option_url\u00a0\u00bb _module_preset=\u00a0\u00bbdefault\u00a0\u00bb text_font=\u00a0\u00bb|600|||||||\u00a0\u00bb text_text_color=\u00a0\u00bb#24449e\u00a0\u00bb text_line_height=\u00a0\u00bb4em\u00a0\u00bb header_font=\u00a0\u00bb|700|||||||\u00a0\u00bb header_text_color=\u00a0\u00bb#24449e\u00a0\u00bb text_orientation=\u00a0\u00bbcenter\u00a0\u00bb height=\u00a0\u00bb100%\u00a0\u00bb custom_padding=\u00a0\u00bb15px|15px|15px|15px|false|false\u00a0\u00bb link_option_url=\u00a0\u00bb@ET-DC@eyJkeW5hbWljIjp0cnVlLCJjb250ZW50IjoicG9zdF9saW5rX3VybF9wYWdlIiwic2V0dGluZ3MiOnsicG9zdF9pZCI6IjIxNjQifX0=@\u00a0\u00bb border_radii=\u00a0\u00bbon|5px|5px|5px|5px\u00a0\u00bb border_width_all=\u00a0\u00bb2px\u00a0\u00bb border_color_all=\u00a0\u00bb#24449e\u00a0\u00bb box_shadow_style=\u00a0\u00bbpreset3&Prime; box_shadow_vertical=\u00a0\u00bb20px\u00a0\u00bb box_shadow_blur=\u00a0\u00bb40px\u00a0\u00bb box_shadow_spread=\u00a0\u00bb-40px\u00a0\u00bb box_shadow_color=\u00a0\u00bb#001b51&Prime; global_colors_info=\u00a0\u00bb{}\u00a0\u00bb theme_builder_area=\u00a0\u00bbpost_content\u00a0\u00bb]<\/p>\n<div>\n<p style=\"color:#24449e\">Section suivante<\/p>\n<h1>Bibliographie<\/h1>\n<\/div>\n<p>[\/et_pb_text][\/et_pb_column][\/et_pb_row][\/et_pb_section]<\/p>\n","protected":false},"excerpt":{"rendered":"<p>ConclusionTable des mati\u00e8resLes escapes room se d\u00e9veloppent rapidement dans le monde entier et sont devenues une exp\u00e9rience innovante et immersive. Elles attirent un vaste public de tous \u00e2ges et de tous horizons. Leur concept polyvalent nous a inspir\u00e9s pour explorer leur potentiel p\u00e9dagogique et les utiliser dans un contexte \u00e9ducatif afin de renforcer l\u2019\u00e9ducation STEAM.En [&hellip;]<\/p>\n","protected":false},"author":2,"featured_media":0,"parent":0,"menu_order":0,"comment_status":"closed","ping_status":"closed","template":"","meta":{"_et_pb_use_builder":"on","_et_pb_old_content":"","_et_gb_content_width":"","inline_featured_image":false},"acf":[],"_links":{"self":[{"href":"https:\/\/steamerproject.eu\/fr\/wp-json\/wp\/v2\/pages\/2409"}],"collection":[{"href":"https:\/\/steamerproject.eu\/fr\/wp-json\/wp\/v2\/pages"}],"about":[{"href":"https:\/\/steamerproject.eu\/fr\/wp-json\/wp\/v2\/types\/page"}],"author":[{"embeddable":true,"href":"https:\/\/steamerproject.eu\/fr\/wp-json\/wp\/v2\/users\/2"}],"replies":[{"embeddable":true,"href":"https:\/\/steamerproject.eu\/fr\/wp-json\/wp\/v2\/comments?post=2409"}],"version-history":[{"count":8,"href":"https:\/\/steamerproject.eu\/fr\/wp-json\/wp\/v2\/pages\/2409\/revisions"}],"predecessor-version":[{"id":14989,"href":"https:\/\/steamerproject.eu\/fr\/wp-json\/wp\/v2\/pages\/2409\/revisions\/14989"}],"wp:attachment":[{"href":"https:\/\/steamerproject.eu\/fr\/wp-json\/wp\/v2\/media?parent=2409"}],"curies":[{"name":"wp","href":"https:\/\/api.w.org\/{rel}","templated":true}]}}